{"id":214444,"date":"2026-03-12T15:16:47","date_gmt":"2026-03-12T14:16:47","guid":{"rendered":"https:\/\/www.fabioferro.eu\/tamashii-armband-tibetische-haende-steine-blauer-achat.html"},"modified":"2026-03-12T15:16:47","modified_gmt":"2026-03-12T14:16:47","slug":"tamashii-armband-tibetische-haende-steine-blauer-achat","status":"publish","type":"product","link":"https:\/\/www.fabioferro.eu\/de\/tamashii-armband-tibetische-haende-steine-blauer-achat.html","title":{"rendered":"Tamashii Armband Tibetische H\u00e4nde Steine Blauer Achat"},"content":{"rendered":"<p data-path-to-node=\"0\">Tamashii-Armband mit blauem Achat und brauner Kordel, gesegnet von buddhistischen M\u00f6nchen.<\/p>\n<p data-path-to-node=\"1\">Die Steine haben eine Gr\u00f6\u00dfe von 8 mm und sind jeweils mit dem heiligen Mantra des universellen Mitgef\u00fchls &#8216;Om Mani Padme H\u016bm&#8217; in Silberpulver graviert.<\/p>\n<p data-path-to-node=\"2\">Blau ist die wichtigste Farbe im Buddhismus und symbolisiert Aufstieg und Weisheit. Dieser Stein identifiziert das Reine und Seltene und hilft dabei, Wut zu bes\u00e4nftigen und in Bewusstsein zu verwandeln. <\/p>\n<p data-path-to-node=\"4\">Da es sich um ein handgefertigtes Produkt handelt, ist jedes St\u00fcck einzigartig und kann leichte Farbabweichungen aufweisen.<\/p>\n<p data-path-to-node=\"5\">Jedes Armband wird mit der Originalverpackung von Tamashii und einer Echtheitserkl\u00e4rung geliefert.<\/p>\n","protected":false},"excerpt":{"rendered":"<p>Finden Sie Ihr Gleichgewicht durch einen Edelstein wieder, der Ihre Weltsicht verbessert.<\/p>\n","protected":false},"featured_media":212983,"comment_status":"open","ping_status":"closed","template":"","meta":[],"product_brand":[],"product_cat":[6318],"product_tag":[],"class_list":{"0":"post-214444","1":"product","2":"type-product","3":"status-publish","4":"has-post-thumbnail","6":"product_cat-tamashii","8":"first","9":"instock","10":"taxable","11":"shipping-taxable","12":"purchasable","13":"product-type-simple"},"exclude_global_add_ons":[],"addons":[],"df_price":45,"df_sale_price":"","df_regular_price":45,"df_image_link":"https:\/\/cdn02.fabioferro.eu\/wp-content\/uploads\/bracciale-tamashii-tibetano-mani-stones-agata-blu.jpg","_links":{"self":[{"href":"https:\/\/www.fabioferro.eu\/de\/wp-json\/wp\/v2\/product\/214444","targetHints":{"allow":["GET"]}}],"collection":[{"href":"https:\/\/www.fabioferro.eu\/de\/wp-json\/wp\/v2\/product"}],"about":[{"href":"https:\/\/www.fabioferro.eu\/de\/wp-json\/wp\/v2\/types\/product"}],"replies":[{"embeddable":true,"href":"https:\/\/www.fabioferro.eu\/de\/wp-json\/wp\/v2\/comments?post=214444"}],"version-history":[{"count":0,"href":"https:\/\/www.fabioferro.eu\/de\/wp-json\/wp\/v2\/product\/214444\/revisions"}],"wp:featuredmedia":[{"embeddable":true,"href":"https:\/\/www.fabioferro.eu\/de\/wp-json\/wp\/v2\/media\/212983"}],"wp:attachment":[{"href":"https:\/\/www.fabioferro.eu\/de\/wp-json\/wp\/v2\/media?parent=214444"}],"wp:term":[{"taxonomy":"product_brand","embeddable":true,"href":"https:\/\/www.fabioferro.eu\/de\/wp-json\/wp\/v2\/product_brand?post=214444"},{"taxonomy":"product_cat","embeddable":true,"href":"https:\/\/www.fabioferro.eu\/de\/wp-json\/wp\/v2\/product_cat?post=214444"},{"taxonomy":"product_tag","embeddable":true,"href":"https:\/\/www.fabioferro.eu\/de\/wp-json\/wp\/v2\/product_tag?post=214444"}],"curies":[{"name":"wp","href":"https:\/\/api.w.org\/{rel}","templated":true}]}}