{"id":214445,"date":"2026-03-12T15:16:47","date_gmt":"2026-03-12T14:16:47","guid":{"rendered":"https:\/\/www.fabioferro.eu\/tamashii-armband-tibetische-haende-steine-sodalith.html"},"modified":"2026-03-12T15:16:47","modified_gmt":"2026-03-12T14:16:47","slug":"tamashii-armband-tibetische-haende-steine-sodalith","status":"publish","type":"product","link":"https:\/\/www.fabioferro.eu\/de\/tamashii-armband-tibetische-haende-steine-sodalith.html","title":{"rendered":"Tamashii Armband Tibetische H\u00e4nde Steine Sodalith"},"content":{"rendered":"<p data-path-to-node=\"0\">Tamashii-Armband mit Sodalith und brauner Kordel, gesegnet von buddhistischen M\u00f6nchen.<\/p>\n<p data-path-to-node=\"2\">Der Sodalith ist als Stein der Logik, Rationalit\u00e4t und Effizienz bekannt. Er f\u00f6rdert den Idealismus und regt ein aufrichtiges Verlangen nach Wahrheit in jedem Aspekt des Lebens an. Dieses Tamashii st\u00e4rkt das Identit\u00e4tsgef\u00fchl seines Tr\u00e4gers und hilft ihm, sich selbst treu zu bleiben und sich vor negativen Einfl\u00fcssen zu sch\u00fctzen.  <\/p>\n<p data-path-to-node=\"3\">Die Natursteine haben einen Durchmesser von je 8 mm und sind mit Silberpulver graviert. Das Schl\u00fcsselband l\u00e4sst sich durch \u00d6sen leicht verstellen und passt so bequem an jedes Handgelenk.<\/p>\n<p data-path-to-node=\"3\">Die Sanskrit-Symbole geben das heilige Mantra des universellen Mitgef\u00fchls &#8216;Om Mani Padme H\u016bm&#8217; wieder.<\/p>\n<p data-path-to-node=\"4\">Da es sich um ein handgefertigtes Produkt handelt, ist jedes St\u00fcck einzigartig und kann leichte Farbabweichungen aufweisen.<\/p>\n<p data-path-to-node=\"5\">Jedes Armband wird mit der Originalverpackung von Tamashii und einer Echtheitserkl\u00e4rung geliefert.<\/p>\n","protected":false},"excerpt":{"rendered":"<p>Sch\u00fctzen Sie sich vor negativen Einfl\u00fcssen mit der Kraft eines Edelsteins, der geboren wurde, um Ihre Essenz zu sch\u00fctzen.<\/p>\n","protected":false},"featured_media":212987,"comment_status":"open","ping_status":"closed","template":"","meta":[],"product_brand":[],"product_cat":[6318],"product_tag":[],"class_list":{"0":"post-214445","1":"product","2":"type-product","3":"status-publish","4":"has-post-thumbnail","6":"product_cat-tamashii","8":"first","9":"instock","10":"taxable","11":"shipping-taxable","12":"purchasable","13":"product-type-simple"},"exclude_global_add_ons":[],"addons":[],"df_price":45,"df_sale_price":"","df_regular_price":45,"df_image_link":"https:\/\/cdn02.fabioferro.eu\/wp-content\/uploads\/bracciale-tamashii-tibetano-mani-stones-sodalite.jpg","_links":{"self":[{"href":"https:\/\/www.fabioferro.eu\/de\/wp-json\/wp\/v2\/product\/214445","targetHints":{"allow":["GET"]}}],"collection":[{"href":"https:\/\/www.fabioferro.eu\/de\/wp-json\/wp\/v2\/product"}],"about":[{"href":"https:\/\/www.fabioferro.eu\/de\/wp-json\/wp\/v2\/types\/product"}],"replies":[{"embeddable":true,"href":"https:\/\/www.fabioferro.eu\/de\/wp-json\/wp\/v2\/comments?post=214445"}],"version-history":[{"count":0,"href":"https:\/\/www.fabioferro.eu\/de\/wp-json\/wp\/v2\/product\/214445\/revisions"}],"wp:featuredmedia":[{"embeddable":true,"href":"https:\/\/www.fabioferro.eu\/de\/wp-json\/wp\/v2\/media\/212987"}],"wp:attachment":[{"href":"https:\/\/www.fabioferro.eu\/de\/wp-json\/wp\/v2\/media?parent=214445"}],"wp:term":[{"taxonomy":"product_brand","embeddable":true,"href":"https:\/\/www.fabioferro.eu\/de\/wp-json\/wp\/v2\/product_brand?post=214445"},{"taxonomy":"product_cat","embeddable":true,"href":"https:\/\/www.fabioferro.eu\/de\/wp-json\/wp\/v2\/product_cat?post=214445"},{"taxonomy":"product_tag","embeddable":true,"href":"https:\/\/www.fabioferro.eu\/de\/wp-json\/wp\/v2\/product_tag?post=214445"}],"curies":[{"name":"wp","href":"https:\/\/api.w.org\/{rel}","templated":true}]}}