{"id":214455,"date":"2026-03-12T15:16:49","date_gmt":"2026-03-12T14:16:49","guid":{"rendered":"https:\/\/www.fabioferro.eu\/tamashii-armband-tibetische-haende-steine-tuerkis.html"},"modified":"2026-03-12T15:16:49","modified_gmt":"2026-03-12T14:16:49","slug":"tamashii-armband-tibetische-haende-steine-tuerkis","status":"publish","type":"product","link":"https:\/\/www.fabioferro.eu\/de\/tamashii-armband-tibetische-haende-steine-tuerkis.html","title":{"rendered":"Tamashii Armband Tibetische H\u00e4nde Steine T\u00fcrkis"},"content":{"rendered":"<p data-path-to-node=\"0\">Tamashii-Armband aus nat\u00fcrlichen T\u00fcrkissteinen und der klassischen braunen Kordel, die von buddhistischen M\u00f6nchen gesegnet wurde.<\/p>\n<p data-path-to-node=\"1\">Diese Version zeichnet sich durch ihre 8 mm gro\u00dfen Steine aus, die jeweils mit Silberpulver graviert sind. Die Symbole geben das heilige Mantra des universellen Mitgef\u00fchls &#8216;Om Mani Padme H\u016bm&#8217; in Sanskrit wieder. <\/p>\n<p data-path-to-node=\"2\">T\u00fcrkis erinnert an die Farben des Himmels und des Wassers, vitale Elemente, die in der buddhistischen Esoterik Reinheit und Ruhe symbolisieren. Dieser Stein hilft, die Ursachen von Ereignissen im eigenen Leben zu verstehen und st\u00e4rkt den Mut. <\/p>\n<p data-path-to-node=\"4\">Da es sich um ein handgefertigtes Produkt handelt, ist jedes St\u00fcck einzigartig und kann leichte Farbabweichungen aufweisen.<\/p>\n<p data-path-to-node=\"5\">Jedes Armband wird mit der Originalverpackung von Tamashii und einer Echtheitserkl\u00e4rung geliefert.<\/p>\n","protected":false},"excerpt":{"rendered":"<p>Tragen Sie die Farben von Himmel und Wasser, um tiefe Ruhe und absolute Reinheit zu finden.<\/p>\n","protected":false},"featured_media":212959,"comment_status":"open","ping_status":"closed","template":"","meta":[],"product_brand":[],"product_cat":[6318],"product_tag":[],"class_list":{"0":"post-214455","1":"product","2":"type-product","3":"status-publish","4":"has-post-thumbnail","6":"product_cat-tamashii","8":"first","9":"instock","10":"taxable","11":"shipping-taxable","12":"purchasable","13":"product-type-simple"},"exclude_global_add_ons":[],"addons":[],"df_price":45,"df_sale_price":"","df_regular_price":45,"df_image_link":"https:\/\/cdn02.fabioferro.eu\/wp-content\/uploads\/bracciale-tamashii-tibetano-mani-stones-turchese.jpg","_links":{"self":[{"href":"https:\/\/www.fabioferro.eu\/de\/wp-json\/wp\/v2\/product\/214455","targetHints":{"allow":["GET"]}}],"collection":[{"href":"https:\/\/www.fabioferro.eu\/de\/wp-json\/wp\/v2\/product"}],"about":[{"href":"https:\/\/www.fabioferro.eu\/de\/wp-json\/wp\/v2\/types\/product"}],"replies":[{"embeddable":true,"href":"https:\/\/www.fabioferro.eu\/de\/wp-json\/wp\/v2\/comments?post=214455"}],"version-history":[{"count":0,"href":"https:\/\/www.fabioferro.eu\/de\/wp-json\/wp\/v2\/product\/214455\/revisions"}],"wp:featuredmedia":[{"embeddable":true,"href":"https:\/\/www.fabioferro.eu\/de\/wp-json\/wp\/v2\/media\/212959"}],"wp:attachment":[{"href":"https:\/\/www.fabioferro.eu\/de\/wp-json\/wp\/v2\/media?parent=214455"}],"wp:term":[{"taxonomy":"product_brand","embeddable":true,"href":"https:\/\/www.fabioferro.eu\/de\/wp-json\/wp\/v2\/product_brand?post=214455"},{"taxonomy":"product_cat","embeddable":true,"href":"https:\/\/www.fabioferro.eu\/de\/wp-json\/wp\/v2\/product_cat?post=214455"},{"taxonomy":"product_tag","embeddable":true,"href":"https:\/\/www.fabioferro.eu\/de\/wp-json\/wp\/v2\/product_tag?post=214455"}],"curies":[{"name":"wp","href":"https:\/\/api.w.org\/{rel}","templated":true}]}}