{"id":214458,"date":"2026-03-12T15:16:50","date_gmt":"2026-03-12T14:16:50","guid":{"rendered":"https:\/\/www.fabioferro.eu\/tamashii-tibetan-celebration-armband-tigerauge-braun-und-925-sterling-silber.html"},"modified":"2026-04-01T17:01:07","modified_gmt":"2026-04-01T15:01:07","slug":"tamashii-tibetan-celebration-armband-tigerauge-braun-und-925-sterling-silber","status":"publish","type":"product","link":"https:\/\/www.fabioferro.eu\/de\/tamashii-tibetan-celebration-armband-tigerauge-braun-und-925-sterling-silber.html","title":{"rendered":"Tamashii Tibetan Celebration Armband Tigerauge Braun und 925 Sterling Silber"},"content":{"rendered":"<p data-path-to-node=\"0\">Unisex Tamashii Armband, hergestellt in Tibet mit nat\u00fcrlichem braunen Tigerauge Stein, gesegnet von buddhistischen M\u00f6nchen.<\/p>\n<p data-path-to-node=\"2\">Das Tigerauge ist der Edelstein der Selbstbehauptung und der inneren St\u00e4rke. Er hilft dem Tr\u00e4ger, konzentriert und in Kontakt mit seiner pers\u00f6nlichen Kraft zu bleiben. <\/p>\n<p data-path-to-node=\"3\">Die Steine haben einen Durchmesser von 6 mm.<\/p>\n<p data-path-to-node=\"4\">Da es sich um ein handgefertigtes Produkt handelt, ist jedes St\u00fcck einzigartig und kann leichte Farbabweichungen aufweisen.<\/p>\n<p data-path-to-node=\"5\">Jedes Armband wird mit der Originalverpackung von Tamashii und einer Echtheitserkl\u00e4rung geliefert.<\/p>\n","protected":false},"excerpt":{"rendered":"<p>Es bekr\u00e4ftigt Ihre Essenz: das Juwel, das Ihre Entschlossenheit in eine unaufhaltsame Kraft verwandelt.<\/p>\n","protected":false},"featured_media":212853,"comment_status":"open","ping_status":"closed","template":"","meta":[],"product_brand":[],"product_cat":[6318],"product_tag":[],"class_list":{"0":"post-214458","1":"product","2":"type-product","3":"status-publish","4":"has-post-thumbnail","6":"product_cat-tamashii","8":"first","9":"instock","10":"taxable","11":"shipping-taxable","12":"purchasable","13":"product-type-simple"},"exclude_global_add_ons":[],"addons":[],"df_price":270,"df_sale_price":"","df_regular_price":270,"df_image_link":"https:\/\/cdn02.fabioferro.eu\/wp-content\/uploads\/bracciale-tamashii-tibetano-celebration-occhio-di-tigre-marrone-e-argento-925-1.jpg","_links":{"self":[{"href":"https:\/\/www.fabioferro.eu\/de\/wp-json\/wp\/v2\/product\/214458","targetHints":{"allow":["GET"]}}],"collection":[{"href":"https:\/\/www.fabioferro.eu\/de\/wp-json\/wp\/v2\/product"}],"about":[{"href":"https:\/\/www.fabioferro.eu\/de\/wp-json\/wp\/v2\/types\/product"}],"replies":[{"embeddable":true,"href":"https:\/\/www.fabioferro.eu\/de\/wp-json\/wp\/v2\/comments?post=214458"}],"version-history":[{"count":1,"href":"https:\/\/www.fabioferro.eu\/de\/wp-json\/wp\/v2\/product\/214458\/revisions"}],"predecessor-version":[{"id":214465,"href":"https:\/\/www.fabioferro.eu\/de\/wp-json\/wp\/v2\/product\/214458\/revisions\/214465"}],"wp:featuredmedia":[{"embeddable":true,"href":"https:\/\/www.fabioferro.eu\/de\/wp-json\/wp\/v2\/media\/212853"}],"wp:attachment":[{"href":"https:\/\/www.fabioferro.eu\/de\/wp-json\/wp\/v2\/media?parent=214458"}],"wp:term":[{"taxonomy":"product_brand","embeddable":true,"href":"https:\/\/www.fabioferro.eu\/de\/wp-json\/wp\/v2\/product_brand?post=214458"},{"taxonomy":"product_cat","embeddable":true,"href":"https:\/\/www.fabioferro.eu\/de\/wp-json\/wp\/v2\/product_cat?post=214458"},{"taxonomy":"product_tag","embeddable":true,"href":"https:\/\/www.fabioferro.eu\/de\/wp-json\/wp\/v2\/product_tag?post=214458"}],"curies":[{"name":"wp","href":"https:\/\/api.w.org\/{rel}","templated":true}]}}