{"id":214459,"date":"2026-03-12T15:16:51","date_gmt":"2026-03-12T14:16:51","guid":{"rendered":"https:\/\/www.fabioferro.eu\/tamashii-armband-tibetische-haende-steine-onyx.html"},"modified":"2026-04-01T17:01:16","modified_gmt":"2026-04-01T15:01:16","slug":"tamashii-armband-tibetische-haende-steine-onyx","status":"publish","type":"product","link":"https:\/\/www.fabioferro.eu\/de\/tamashii-armband-tibetische-haende-steine-onyx.html","title":{"rendered":"Tamashii Armband Tibetische H\u00e4nde Steine Onyx"},"content":{"rendered":"<p data-path-to-node=\"0\">Ein Tamashii-Armband mit tiefem spirituellem Wert, hergestellt aus nat\u00fcrlichen Onyx-Steinen und der klassischen braunen Kordel, die von buddhistischen M\u00f6nchen gesegnet wurde.<\/p>\n<p data-path-to-node=\"1\">Diese Version zeichnet sich durch ihre 8 mm gro\u00dfen Steine aus, die jeweils mit Silberpulver graviert sind. Die Sanskrit-Symbole geben das heilige Mantra des universellen Mitgef\u00fchls &#8216;Om Mani Padme H\u016bm&#8217; wieder. <\/p>\n<p data-path-to-node=\"2\">Onyx ist der Stein des Mutes und des Selbstbewusstseins. Er hilft dabei, seine Ziele unersch\u00fctterlich zu verfolgen, ohne sich von der Au\u00dfenwelt beeinflussen zu lassen. Im Buddhismus steht Schwarz f\u00fcr die urspr\u00fcngliche Dunkelheit, die der Onyx in Licht verwandelt und negative Kr\u00e4fte in Mitgef\u00fchl und Verantwortung umwandelt.  <\/p>\n<p data-path-to-node=\"4\">Da es sich um ein handgefertigtes Produkt handelt, ist jedes St\u00fcck einzigartig und kann leichte Farbabweichungen aufweisen.<\/p>\n<p data-path-to-node=\"5\">Jedes Armband wird mit der Originalverpackung von Tamashii und einer Echtheitserkl\u00e4rung geliefert.<\/p>\n","protected":false},"excerpt":{"rendered":"<p>Verwandeln Sie die urspr\u00fcngliche Dunkelheit in ein Licht, das Ihnen bei jeder Entscheidung den Weg weisen kann<\/p>\n","protected":false},"featured_media":212850,"comment_status":"open","ping_status":"closed","template":"","meta":[],"product_brand":[],"product_cat":[6318],"product_tag":[],"class_list":{"0":"post-214459","1":"product","2":"type-product","3":"status-publish","4":"has-post-thumbnail","6":"product_cat-tamashii","8":"first","9":"instock","10":"taxable","11":"shipping-taxable","12":"purchasable","13":"product-type-simple"},"exclude_global_add_ons":[],"addons":[],"df_price":45,"df_sale_price":"","df_regular_price":45,"df_image_link":"https:\/\/cdn02.fabioferro.eu\/wp-content\/uploads\/bracciale-tamashii-tibetano-mani-stones-onice-1.jpg","_links":{"self":[{"href":"https:\/\/www.fabioferro.eu\/de\/wp-json\/wp\/v2\/product\/214459","targetHints":{"allow":["GET"]}}],"collection":[{"href":"https:\/\/www.fabioferro.eu\/de\/wp-json\/wp\/v2\/product"}],"about":[{"href":"https:\/\/www.fabioferro.eu\/de\/wp-json\/wp\/v2\/types\/product"}],"replies":[{"embeddable":true,"href":"https:\/\/www.fabioferro.eu\/de\/wp-json\/wp\/v2\/comments?post=214459"}],"version-history":[{"count":1,"href":"https:\/\/www.fabioferro.eu\/de\/wp-json\/wp\/v2\/product\/214459\/revisions"}],"predecessor-version":[{"id":214475,"href":"https:\/\/www.fabioferro.eu\/de\/wp-json\/wp\/v2\/product\/214459\/revisions\/214475"}],"wp:featuredmedia":[{"embeddable":true,"href":"https:\/\/www.fabioferro.eu\/de\/wp-json\/wp\/v2\/media\/212850"}],"wp:attachment":[{"href":"https:\/\/www.fabioferro.eu\/de\/wp-json\/wp\/v2\/media?parent=214459"}],"wp:term":[{"taxonomy":"product_brand","embeddable":true,"href":"https:\/\/www.fabioferro.eu\/de\/wp-json\/wp\/v2\/product_brand?post=214459"},{"taxonomy":"product_cat","embeddable":true,"href":"https:\/\/www.fabioferro.eu\/de\/wp-json\/wp\/v2\/product_cat?post=214459"},{"taxonomy":"product_tag","embeddable":true,"href":"https:\/\/www.fabioferro.eu\/de\/wp-json\/wp\/v2\/product_tag?post=214459"}],"curies":[{"name":"wp","href":"https:\/\/api.w.org\/{rel}","templated":true}]}}