{"id":214464,"date":"2026-03-12T15:16:49","date_gmt":"2026-03-12T14:16:49","guid":{"rendered":"https:\/\/www.fabioferro.eu\/tamashii-tibetische-mani-steine-gruener-achat-armband.html"},"modified":"2026-03-12T15:16:49","modified_gmt":"2026-03-12T14:16:49","slug":"tamashii-tibetische-mani-steine-gruener-achat-armband","status":"publish","type":"product","link":"https:\/\/www.fabioferro.eu\/de\/tamashii-tibetische-mani-steine-gruener-achat-armband.html","title":{"rendered":"Tamashii Tibetische Mani-Steine Gr\u00fcner Achat Armband"},"content":{"rendered":"<p data-path-to-node=\"0\">Dieses Tamashii-Armband kombiniert die Lebensenergie des gr\u00fcnen Achats mit der traditionellen braunen Kordel, die von buddhistischen M\u00f6nchen gesegnet wurde.<\/p>\n<p data-path-to-node=\"2\">Gr\u00fcner Achat erinnert an die \u00fcppigen Farben der Natur und der B\u00e4ume. Er symbolisiert Gleichgewicht, Harmonie und jugendliche Vitalit\u00e4t. Dieser Stein ist wertvoll f\u00fcr diejenigen, die Eifersuchtsgef\u00fchle in Weisheit umwandeln m\u00f6chten, um die volle Verwirklichung ihrer Pl\u00e4ne und Bestrebungen zu f\u00f6rdern.  <\/p>\n<p data-path-to-node=\"3\">Die Einzigartigkeit dieser Version liegt in den 8 mm gro\u00dfen Steinen, die jeweils mit Silberpulver graviert sind. Die Sanskritzeichen geben das heilige Mantra des universellen Mitgef\u00fchls &#8216;Om Mani Padme H\u016bm&#8217; wieder. <\/p>\n<p data-path-to-node=\"4\">Da es sich um ein handgefertigtes Produkt handelt, ist jedes St\u00fcck einzigartig und kann leichte Farbabweichungen aufweisen.<\/p>\n<p data-path-to-node=\"5\">Jedes Armband wird mit der Originalverpackung von Tamashii und einer Echtheitserkl\u00e4rung geliefert.<\/p>\n","protected":false},"excerpt":{"rendered":"<p>Atmen Sie die \u00fcppige Energie der Natur ein, um ein perfektes Gleichgewicht zwischen K\u00f6rper und Geist wiederzuerlangen.<\/p>\n","protected":false},"featured_media":212964,"comment_status":"open","ping_status":"closed","template":"","meta":[],"product_brand":[],"product_cat":[6318],"product_tag":[],"class_list":{"0":"post-214464","1":"product","2":"type-product","3":"status-publish","4":"has-post-thumbnail","6":"product_cat-tamashii","8":"first","9":"instock","10":"taxable","11":"shipping-taxable","12":"purchasable","13":"product-type-simple"},"exclude_global_add_ons":[],"addons":[],"df_price":45,"df_sale_price":"","df_regular_price":45,"df_image_link":"https:\/\/cdn02.fabioferro.eu\/wp-content\/uploads\/bracciale-tamashii-tibetano-mani-stones-agata-verde.jpg","_links":{"self":[{"href":"https:\/\/www.fabioferro.eu\/de\/wp-json\/wp\/v2\/product\/214464","targetHints":{"allow":["GET"]}}],"collection":[{"href":"https:\/\/www.fabioferro.eu\/de\/wp-json\/wp\/v2\/product"}],"about":[{"href":"https:\/\/www.fabioferro.eu\/de\/wp-json\/wp\/v2\/types\/product"}],"replies":[{"embeddable":true,"href":"https:\/\/www.fabioferro.eu\/de\/wp-json\/wp\/v2\/comments?post=214464"}],"version-history":[{"count":0,"href":"https:\/\/www.fabioferro.eu\/de\/wp-json\/wp\/v2\/product\/214464\/revisions"}],"wp:featuredmedia":[{"embeddable":true,"href":"https:\/\/www.fabioferro.eu\/de\/wp-json\/wp\/v2\/media\/212964"}],"wp:attachment":[{"href":"https:\/\/www.fabioferro.eu\/de\/wp-json\/wp\/v2\/media?parent=214464"}],"wp:term":[{"taxonomy":"product_brand","embeddable":true,"href":"https:\/\/www.fabioferro.eu\/de\/wp-json\/wp\/v2\/product_brand?post=214464"},{"taxonomy":"product_cat","embeddable":true,"href":"https:\/\/www.fabioferro.eu\/de\/wp-json\/wp\/v2\/product_cat?post=214464"},{"taxonomy":"product_tag","embeddable":true,"href":"https:\/\/www.fabioferro.eu\/de\/wp-json\/wp\/v2\/product_tag?post=214464"}],"curies":[{"name":"wp","href":"https:\/\/api.w.org\/{rel}","templated":true}]}}