{"id":214474,"date":"2026-03-14T10:01:21","date_gmt":"2026-03-14T09:01:21","guid":{"rendered":"https:\/\/www.fabioferro.eu\/madi-halskette-mit-braunem-und-elfenbeinfarbenem-hydrothermalquarz.html"},"modified":"2026-03-14T10:01:21","modified_gmt":"2026-03-14T09:01:21","slug":"madi-halskette-mit-braunem-und-elfenbeinfarbenem-hydrothermalquarz","status":"publish","type":"product","link":"https:\/\/www.fabioferro.eu\/de\/madi-halskette-mit-braunem-und-elfenbeinfarbenem-hydrothermalquarz.html","title":{"rendered":"Madi Halskette mit braunem und elfenbeinfarbenem Hydrothermalquarz"},"content":{"rendered":"<p>Elegante Madi-Halskette aus 925er Sterlingsilber, verziert mit einer gl\u00e4nzenden Gelbvergoldung.<\/p>\n<p>Das Design zeichnet sich durch das raffinierte Nebeneinander zweier hydrothermaler Quarzsteine aus: ein warmer brauner Stein, der von einem elfenbeinfarbenen flankiert wird.<\/p>\n<p>Die 42 cm lange Kette ist so konzipiert, dass sie den Fall der beiden Elemente am Dekollet\u00e9 anmutig harmonisiert.<\/p>\n<p>Jedes Detail ist das Ergebnis sorgf\u00e4ltiger Goldschmiedearbeit, ein authentischer Ausdruck der Exzellenz des Made in Italy.<\/p>\n<p>Der Karabinerhakenverschluss garantiert einen praktischen und stets sicheren Halt.<\/p>\n<p>Das Schmuckst\u00fcck wird mit der offiziellen Mad\u00ec-Verpackung, einer 2-j\u00e4hrigen Garantie und einer Einkaufstasche geliefert.<\/p>\n","protected":false},"excerpt":{"rendered":"<p>Ideale Balance zwischen Form und Substanz f\u00fcr ein Schmuckst\u00fcck mit Charakter.<\/p>\n","protected":false},"featured_media":213203,"comment_status":"open","ping_status":"closed","template":"","meta":[],"product_brand":[],"product_cat":[5951],"product_tag":[],"class_list":{"0":"post-214474","1":"product","2":"type-product","3":"status-publish","4":"has-post-thumbnail","6":"product_cat-madi-halsketten","8":"first","9":"instock","10":"sale","11":"taxable","12":"shipping-taxable","13":"purchasable","14":"product-type-simple"},"exclude_global_add_ons":[],"addons":[],"df_price":124.2,"df_sale_price":124.2,"df_regular_price":138,"df_image_link":"https:\/\/cdn02.fabioferro.eu\/wp-content\/uploads\/collana-madi-con-quarzo-idrotermale-marrone-e-avorio.jpg","_links":{"self":[{"href":"https:\/\/www.fabioferro.eu\/de\/wp-json\/wp\/v2\/product\/214474","targetHints":{"allow":["GET"]}}],"collection":[{"href":"https:\/\/www.fabioferro.eu\/de\/wp-json\/wp\/v2\/product"}],"about":[{"href":"https:\/\/www.fabioferro.eu\/de\/wp-json\/wp\/v2\/types\/product"}],"replies":[{"embeddable":true,"href":"https:\/\/www.fabioferro.eu\/de\/wp-json\/wp\/v2\/comments?post=214474"}],"version-history":[{"count":0,"href":"https:\/\/www.fabioferro.eu\/de\/wp-json\/wp\/v2\/product\/214474\/revisions"}],"wp:featuredmedia":[{"embeddable":true,"href":"https:\/\/www.fabioferro.eu\/de\/wp-json\/wp\/v2\/media\/213203"}],"wp:attachment":[{"href":"https:\/\/www.fabioferro.eu\/de\/wp-json\/wp\/v2\/media?parent=214474"}],"wp:term":[{"taxonomy":"product_brand","embeddable":true,"href":"https:\/\/www.fabioferro.eu\/de\/wp-json\/wp\/v2\/product_brand?post=214474"},{"taxonomy":"product_cat","embeddable":true,"href":"https:\/\/www.fabioferro.eu\/de\/wp-json\/wp\/v2\/product_cat?post=214474"},{"taxonomy":"product_tag","embeddable":true,"href":"https:\/\/www.fabioferro.eu\/de\/wp-json\/wp\/v2\/product_tag?post=214474"}],"curies":[{"name":"wp","href":"https:\/\/api.w.org\/{rel}","templated":true}]}}