{"id":214477,"date":"2026-03-14T10:01:23","date_gmt":"2026-03-14T09:01:23","guid":{"rendered":"https:\/\/www.fabioferro.eu\/madi-armband-mit-rosa-hydrothermalquarz.html"},"modified":"2026-03-14T10:01:23","modified_gmt":"2026-03-14T09:01:23","slug":"madi-armband-mit-rosa-hydrothermalquarz","status":"publish","type":"product","link":"https:\/\/www.fabioferro.eu\/de\/madi-armband-mit-rosa-hydrothermalquarz.html","title":{"rendered":"Madi Armband mit rosa Hydrothermalquarz"},"content":{"rendered":"<p>Madi Armband aus 925er Silber, verziert mit einer leuchtenden Gelbvergoldung.<\/p>\n<p>Das Design zeichnet sich durch die Anwesenheit von 4 hydrothermalen Quarzen in Rosat\u00f6nen aus.<\/p>\n<p>Die Gr\u00f6\u00dfe ist dank einer praktischen Endkette und einem zuverl\u00e4ssigen Karabinerhaken leicht zwischen 17 cm und 21 cm verstellbar.<\/p>\n<p>Ein Accessoire, das die Frucht handwerklicher Kunstfertigkeit ist, rigoros Made in Italy.<\/p>\n<p>Das Schmuckst\u00fcck wird komplett mit der offiziellen Mad\u00ec-Verpackung, einer 2-Jahres-Garantie und einer Einkaufstasche geliefert.<\/p>\n","protected":false},"excerpt":{"rendered":"<p>Ein Symbol f\u00fcr pure Eleganz, das mit zeitlosem Design begeistert und verbl\u00fcfft.<\/p>\n","protected":false},"featured_media":213193,"comment_status":"open","ping_status":"closed","template":"","meta":[],"product_brand":[],"product_cat":[5954],"product_tag":[7442],"class_list":{"0":"post-214477","1":"product","2":"type-product","3":"status-publish","4":"has-post-thumbnail","6":"product_cat-madi-armbander","7":"product_tag-verfugbar","9":"first","10":"instock","11":"sale","12":"taxable","13":"shipping-taxable","14":"purchasable","15":"product-type-simple"},"exclude_global_add_ons":[],"addons":[],"df_price":167.4,"df_sale_price":167.4,"df_regular_price":186,"df_image_link":"https:\/\/cdn02.fabioferro.eu\/wp-content\/uploads\/bracciale-madi-con-quarzi-idrotermali-rosa.jpg","_links":{"self":[{"href":"https:\/\/www.fabioferro.eu\/de\/wp-json\/wp\/v2\/product\/214477","targetHints":{"allow":["GET"]}}],"collection":[{"href":"https:\/\/www.fabioferro.eu\/de\/wp-json\/wp\/v2\/product"}],"about":[{"href":"https:\/\/www.fabioferro.eu\/de\/wp-json\/wp\/v2\/types\/product"}],"replies":[{"embeddable":true,"href":"https:\/\/www.fabioferro.eu\/de\/wp-json\/wp\/v2\/comments?post=214477"}],"version-history":[{"count":0,"href":"https:\/\/www.fabioferro.eu\/de\/wp-json\/wp\/v2\/product\/214477\/revisions"}],"wp:featuredmedia":[{"embeddable":true,"href":"https:\/\/www.fabioferro.eu\/de\/wp-json\/wp\/v2\/media\/213193"}],"wp:attachment":[{"href":"https:\/\/www.fabioferro.eu\/de\/wp-json\/wp\/v2\/media?parent=214477"}],"wp:term":[{"taxonomy":"product_brand","embeddable":true,"href":"https:\/\/www.fabioferro.eu\/de\/wp-json\/wp\/v2\/product_brand?post=214477"},{"taxonomy":"product_cat","embeddable":true,"href":"https:\/\/www.fabioferro.eu\/de\/wp-json\/wp\/v2\/product_cat?post=214477"},{"taxonomy":"product_tag","embeddable":true,"href":"https:\/\/www.fabioferro.eu\/de\/wp-json\/wp\/v2\/product_tag?post=214477"}],"curies":[{"name":"wp","href":"https:\/\/api.w.org\/{rel}","templated":true}]}}