{"id":214486,"date":"2026-03-14T10:01:24","date_gmt":"2026-03-14T09:01:24","guid":{"rendered":"https:\/\/www.fabioferro.eu\/madi-ring-mit-lila-hydrothermalem-quarz.html"},"modified":"2026-03-14T10:01:24","modified_gmt":"2026-03-14T09:01:24","slug":"madi-ring-mit-lila-hydrothermalem-quarz","status":"publish","type":"product","link":"https:\/\/www.fabioferro.eu\/de\/madi-ring-mit-lila-hydrothermalem-quarz.html","title":{"rendered":"Madi Ring mit lila hydrothermalem Quarz"},"content":{"rendered":"<p>Faszinierender Solit\u00e4rring aus 925er Silber, verziert mit einer gl\u00e4nzenden Gelbvergoldung.<\/p>\n<p>Das Schmuckst\u00fcck beherbergt einen intensiven hydrothermalen Quarz in seiner typischen geometrischen Form, der in einem k\u00f6niglichen Violettton ausgew\u00e4hlt wurde.<\/p>\n<p>Jedes Detail ist das Ergebnis gekonnter Handwerkskunst, Made in Italy.<\/p>\n<p>Die Fassung wurde so gestaltet, dass sie sich elegant um den Finger legt und die Brillanz des Steins zur Geltung bringt.<\/p>\n<p>Der Ring wird komplett mit der offiziellen Mad\u00ec-Verpackung, einem 2-Jahres-Garantiezertifikat und einer Einkaufstasche geliefert.<\/p>\n","protected":false},"excerpt":{"rendered":"<p>Ein kleiner Schatz zum Verschenken oder zum Tragen, um immer eine wertvolle Erinnerung bei sich zu tragen.<\/p>\n","protected":false},"featured_media":213190,"comment_status":"open","ping_status":"closed","template":"","meta":[],"product_brand":[],"product_cat":[7595],"product_tag":[],"class_list":{"0":"post-214486","1":"product","2":"type-product","3":"status-publish","4":"has-post-thumbnail","6":"product_cat-madi-ringe-de","8":"first","9":"instock","10":"sale","11":"taxable","12":"shipping-taxable","13":"purchasable","14":"product-type-variable","15":"has-default-attributes"},"exclude_global_add_ons":[],"addons":[],"df_price":124.2,"df_sale_price":"","df_regular_price":124.2,"df_image_link":"https:\/\/cdn02.fabioferro.eu\/wp-content\/uploads\/anello-madi-con-quarzo-idrotermale-viola.jpg","_links":{"self":[{"href":"https:\/\/www.fabioferro.eu\/de\/wp-json\/wp\/v2\/product\/214486","targetHints":{"allow":["GET"]}}],"collection":[{"href":"https:\/\/www.fabioferro.eu\/de\/wp-json\/wp\/v2\/product"}],"about":[{"href":"https:\/\/www.fabioferro.eu\/de\/wp-json\/wp\/v2\/types\/product"}],"replies":[{"embeddable":true,"href":"https:\/\/www.fabioferro.eu\/de\/wp-json\/wp\/v2\/comments?post=214486"}],"version-history":[{"count":0,"href":"https:\/\/www.fabioferro.eu\/de\/wp-json\/wp\/v2\/product\/214486\/revisions"}],"wp:featuredmedia":[{"embeddable":true,"href":"https:\/\/www.fabioferro.eu\/de\/wp-json\/wp\/v2\/media\/213190"}],"wp:attachment":[{"href":"https:\/\/www.fabioferro.eu\/de\/wp-json\/wp\/v2\/media?parent=214486"}],"wp:term":[{"taxonomy":"product_brand","embeddable":true,"href":"https:\/\/www.fabioferro.eu\/de\/wp-json\/wp\/v2\/product_brand?post=214486"},{"taxonomy":"product_cat","embeddable":true,"href":"https:\/\/www.fabioferro.eu\/de\/wp-json\/wp\/v2\/product_cat?post=214486"},{"taxonomy":"product_tag","embeddable":true,"href":"https:\/\/www.fabioferro.eu\/de\/wp-json\/wp\/v2\/product_tag?post=214486"}],"curies":[{"name":"wp","href":"https:\/\/api.w.org\/{rel}","templated":true}]}}