{"id":214493,"date":"2026-03-14T10:01:25","date_gmt":"2026-03-14T09:01:25","guid":{"rendered":"https:\/\/www.fabioferro.eu\/madi-ohrringe-mit-lila-hydrothermalquarz.html"},"modified":"2026-03-14T10:01:25","modified_gmt":"2026-03-14T09:01:25","slug":"madi-ohrringe-mit-lila-hydrothermalquarz","status":"publish","type":"product","link":"https:\/\/www.fabioferro.eu\/de\/madi-ohrringe-mit-lila-hydrothermalquarz.html","title":{"rendered":"Madi Ohrringe mit lila Hydrothermalquarz"},"content":{"rendered":"<p>Pr\u00e4chtige Ohrringe aus 925er Silber, verziert mit einer warmen Gelbvergoldung.<\/p>\n<p>Die Schmuckst\u00fccke bestehen aus hydrothermalem Quarz in einem tiefen und k\u00f6niglichen Violett.<\/p>\n<p>Jedes Detail ist das Ergebnis gekonnter Handwerkskunst, ein Ausdruck von authentischem Made in Italy.<\/p>\n<p>Der Druckknopfverschluss sorgt f\u00fcr einen perfekten Sitz und maximalen Tragekomfort.<\/p>\n<p>as Schmuckst\u00fcck wird komplett mit der offiziellen Mad\u00ec-Verpackung, einer 2-j\u00e4hrigen Garantie und einer Einkaufstasche geliefert.<\/p>\n","protected":false},"excerpt":{"rendered":"<p>Solider, leichter Schmuck, der jeden Tag absoluten Komfort bietet.<\/p>\n","protected":false},"featured_media":213183,"comment_status":"open","ping_status":"closed","template":"","meta":[],"product_brand":[],"product_cat":[5921],"product_tag":[7442],"class_list":{"0":"post-214493","1":"product","2":"type-product","3":"status-publish","4":"has-post-thumbnail","6":"product_cat-madi-ohrringe","7":"product_tag-verfugbar","9":"first","10":"instock","11":"sale","12":"taxable","13":"shipping-taxable","14":"purchasable","15":"product-type-simple"},"exclude_global_add_ons":[],"addons":[],"df_price":134.55,"df_sale_price":134.55,"df_regular_price":149.5,"df_image_link":"https:\/\/cdn02.fabioferro.eu\/wp-content\/uploads\/orecchini-madi-con-quarzi-idrotermali-viola.jpg","_links":{"self":[{"href":"https:\/\/www.fabioferro.eu\/de\/wp-json\/wp\/v2\/product\/214493","targetHints":{"allow":["GET"]}}],"collection":[{"href":"https:\/\/www.fabioferro.eu\/de\/wp-json\/wp\/v2\/product"}],"about":[{"href":"https:\/\/www.fabioferro.eu\/de\/wp-json\/wp\/v2\/types\/product"}],"replies":[{"embeddable":true,"href":"https:\/\/www.fabioferro.eu\/de\/wp-json\/wp\/v2\/comments?post=214493"}],"version-history":[{"count":0,"href":"https:\/\/www.fabioferro.eu\/de\/wp-json\/wp\/v2\/product\/214493\/revisions"}],"wp:featuredmedia":[{"embeddable":true,"href":"https:\/\/www.fabioferro.eu\/de\/wp-json\/wp\/v2\/media\/213183"}],"wp:attachment":[{"href":"https:\/\/www.fabioferro.eu\/de\/wp-json\/wp\/v2\/media?parent=214493"}],"wp:term":[{"taxonomy":"product_brand","embeddable":true,"href":"https:\/\/www.fabioferro.eu\/de\/wp-json\/wp\/v2\/product_brand?post=214493"},{"taxonomy":"product_cat","embeddable":true,"href":"https:\/\/www.fabioferro.eu\/de\/wp-json\/wp\/v2\/product_cat?post=214493"},{"taxonomy":"product_tag","embeddable":true,"href":"https:\/\/www.fabioferro.eu\/de\/wp-json\/wp\/v2\/product_tag?post=214493"}],"curies":[{"name":"wp","href":"https:\/\/api.w.org\/{rel}","templated":true}]}}