{"id":214495,"date":"2026-03-14T10:01:25","date_gmt":"2026-03-14T09:01:25","guid":{"rendered":"https:\/\/www.fabioferro.eu\/madi-ring-mit-hellrosa-hydrothermalquarz.html"},"modified":"2026-03-14T10:01:25","modified_gmt":"2026-03-14T09:01:25","slug":"madi-ring-mit-hellrosa-hydrothermalquarz","status":"publish","type":"product","link":"https:\/\/www.fabioferro.eu\/de\/madi-ring-mit-hellrosa-hydrothermalquarz.html","title":{"rendered":"Madi Ring mit hellrosa Hydrothermalquarz"},"content":{"rendered":"<p>Solit\u00e4rring aus reinem 925er Sterlingsilber mit Gelbgoldplattierung.<\/p>\n<p>Das Design hebt einen leuchtenden hydrothermalen Quarz in einem frischen Rosaton hervor.<\/p>\n<p>Handgefertigt von Goldschmiedemeistern, Made in Italy.<\/p>\n<p>Die Fassung wurde entworfen, um den Schliff des Steins hervorzuheben und maximalen Tragekomfort zu bieten.<\/p>\n<p>Lieferung komplett mit offizieller Mad\u00ec-Box, Einkaufstasche und 2-Jahres-Garantiezertifikat.<\/p>\n","protected":false},"excerpt":{"rendered":"<p>Sorgf\u00e4ltige Verarbeitung und gl\u00e4nzende Oberfl\u00e4chen sorgen f\u00fcr ein angenehmes Tragegef\u00fchl.<\/p>\n","protected":false},"featured_media":213186,"comment_status":"open","ping_status":"closed","template":"","meta":[],"product_brand":[],"product_cat":[7595],"product_tag":[],"class_list":{"0":"post-214495","1":"product","2":"type-product","3":"status-publish","4":"has-post-thumbnail","6":"product_cat-madi-ringe-de","8":"first","9":"instock","10":"sale","11":"taxable","12":"shipping-taxable","13":"purchasable","14":"product-type-variable","15":"has-default-attributes"},"exclude_global_add_ons":[],"addons":[],"df_price":124.2,"df_sale_price":"","df_regular_price":124.2,"df_image_link":"https:\/\/cdn02.fabioferro.eu\/wp-content\/uploads\/anello-madi-con-quarzo-idrotermale-rosa-chiaro.jpg","_links":{"self":[{"href":"https:\/\/www.fabioferro.eu\/de\/wp-json\/wp\/v2\/product\/214495","targetHints":{"allow":["GET"]}}],"collection":[{"href":"https:\/\/www.fabioferro.eu\/de\/wp-json\/wp\/v2\/product"}],"about":[{"href":"https:\/\/www.fabioferro.eu\/de\/wp-json\/wp\/v2\/types\/product"}],"replies":[{"embeddable":true,"href":"https:\/\/www.fabioferro.eu\/de\/wp-json\/wp\/v2\/comments?post=214495"}],"version-history":[{"count":0,"href":"https:\/\/www.fabioferro.eu\/de\/wp-json\/wp\/v2\/product\/214495\/revisions"}],"wp:featuredmedia":[{"embeddable":true,"href":"https:\/\/www.fabioferro.eu\/de\/wp-json\/wp\/v2\/media\/213186"}],"wp:attachment":[{"href":"https:\/\/www.fabioferro.eu\/de\/wp-json\/wp\/v2\/media?parent=214495"}],"wp:term":[{"taxonomy":"product_brand","embeddable":true,"href":"https:\/\/www.fabioferro.eu\/de\/wp-json\/wp\/v2\/product_brand?post=214495"},{"taxonomy":"product_cat","embeddable":true,"href":"https:\/\/www.fabioferro.eu\/de\/wp-json\/wp\/v2\/product_cat?post=214495"},{"taxonomy":"product_tag","embeddable":true,"href":"https:\/\/www.fabioferro.eu\/de\/wp-json\/wp\/v2\/product_tag?post=214495"}],"curies":[{"name":"wp","href":"https:\/\/api.w.org\/{rel}","templated":true}]}}