{"id":214500,"date":"2026-03-14T10:01:16","date_gmt":"2026-03-14T09:01:16","guid":{"rendered":"https:\/\/www.fabioferro.eu\/madi-armband-mit-vier-gruenen-und-elfenbeinfarbenen-hydrothermalquarzen.html"},"modified":"2026-04-01T17:02:31","modified_gmt":"2026-04-01T15:02:31","slug":"madi-armband-mit-vier-gruenen-und-elfenbeinfarbenen-hydrothermalquarzen","status":"publish","type":"product","link":"https:\/\/www.fabioferro.eu\/de\/madi-armband-mit-vier-gruenen-und-elfenbeinfarbenen-hydrothermalquarzen.html","title":{"rendered":"Madi Armband mit vier gr\u00fcnen und elfenbeinfarbenen Hydrothermalquarzen"},"content":{"rendered":"<p>Elegantes Madi Armband aus 925er Silber mit Ros\u00e9vergoldung.<\/p>\n<p>Das Design zeichnet sich durch den harmonischen Wechsel von vier hydrothermalen Quarzsteinen aus: zwei Edelsteine in einem kr\u00e4ftigen Gr\u00fcn und zwei in einem raffinierten Elfenbeinton.<\/p>\n<p>Die Gr\u00f6\u00dfe ist dank eines zuverl\u00e4ssigen Karabinerhakens und Endringen zwischen 17 cm und 21 cm verstellbar.<\/p>\n<p>Handgefertigt von Meisterhand, Made in Italy.<\/p>\n<p>Der Karabinerverschluss garantiert einen sicheren Halt und eine angenehme Alltagstauglichkeit.<\/p>\n<p>Das Schmuckst\u00fcck wird komplett mit der offiziellen Mad\u00ec-Verpackung, einer 2-Jahres-Garantie und einer Einkaufstasche geliefert.<\/p>\n","protected":false},"excerpt":{"rendered":"<p>Klare Linien und tiefe Reflexionen in einem Schmuckst\u00fcck, das Sie immer wieder in Erstaunen versetzt.<\/p>\n","protected":false},"featured_media":213229,"comment_status":"open","ping_status":"closed","template":"","meta":[],"product_brand":[],"product_cat":[5954],"product_tag":[7442],"class_list":{"0":"post-214500","1":"product","2":"type-product","3":"status-publish","4":"has-post-thumbnail","6":"product_cat-madi-armbander","7":"product_tag-verfugbar","9":"first","10":"instock","11":"sale","12":"taxable","13":"shipping-taxable","14":"purchasable","15":"product-type-simple"},"exclude_global_add_ons":[],"addons":[],"df_price":220.5,"df_sale_price":220.5,"df_regular_price":245,"df_image_link":"https:\/\/cdn02.fabioferro.eu\/wp-content\/uploads\/bracciale-madi-con-quattro-quarzi-idrotermali-verdi-e-avorio.jpg","_links":{"self":[{"href":"https:\/\/www.fabioferro.eu\/de\/wp-json\/wp\/v2\/product\/214500","targetHints":{"allow":["GET"]}}],"collection":[{"href":"https:\/\/www.fabioferro.eu\/de\/wp-json\/wp\/v2\/product"}],"about":[{"href":"https:\/\/www.fabioferro.eu\/de\/wp-json\/wp\/v2\/types\/product"}],"replies":[{"embeddable":true,"href":"https:\/\/www.fabioferro.eu\/de\/wp-json\/wp\/v2\/comments?post=214500"}],"version-history":[{"count":1,"href":"https:\/\/www.fabioferro.eu\/de\/wp-json\/wp\/v2\/product\/214500\/revisions"}],"predecessor-version":[{"id":214563,"href":"https:\/\/www.fabioferro.eu\/de\/wp-json\/wp\/v2\/product\/214500\/revisions\/214563"}],"wp:featuredmedia":[{"embeddable":true,"href":"https:\/\/www.fabioferro.eu\/de\/wp-json\/wp\/v2\/media\/213229"}],"wp:attachment":[{"href":"https:\/\/www.fabioferro.eu\/de\/wp-json\/wp\/v2\/media?parent=214500"}],"wp:term":[{"taxonomy":"product_brand","embeddable":true,"href":"https:\/\/www.fabioferro.eu\/de\/wp-json\/wp\/v2\/product_brand?post=214500"},{"taxonomy":"product_cat","embeddable":true,"href":"https:\/\/www.fabioferro.eu\/de\/wp-json\/wp\/v2\/product_cat?post=214500"},{"taxonomy":"product_tag","embeddable":true,"href":"https:\/\/www.fabioferro.eu\/de\/wp-json\/wp\/v2\/product_tag?post=214500"}],"curies":[{"name":"wp","href":"https:\/\/api.w.org\/{rel}","templated":true}]}}