{"id":214501,"date":"2026-03-14T10:01:15","date_gmt":"2026-03-14T09:01:15","guid":{"rendered":"https:\/\/www.fabioferro.eu\/madi-halskette-mit-acht-gruenen-und-elfenbeinfarbenen-hydrothermalquarzen.html"},"modified":"2026-04-01T17:02:23","modified_gmt":"2026-04-01T15:02:23","slug":"madi-halskette-mit-acht-gruenen-und-elfenbeinfarbenen-hydrothermalquarzen","status":"publish","type":"product","link":"https:\/\/www.fabioferro.eu\/de\/madi-halskette-mit-acht-gruenen-und-elfenbeinfarbenen-hydrothermalquarzen.html","title":{"rendered":"Madi Halskette mit acht gr\u00fcnen und elfenbeinfarbenen Hydrothermalquarzen"},"content":{"rendered":"<p data-start=\"116\" data-end=\"186\">Mad\u00ec Halskette aus 925er Silber mit Ros\u00e9goldplattierung.<\/p>\n<p data-start=\"188\" data-end=\"339\">In dem Schmuckst\u00fcck befinden sich acht hydrothermale Quarze in den Farben Gr\u00fcn und Elfenbein.<\/p>\n<p data-start=\"188\" data-end=\"339\">Der gefederte Karabinerverschluss sorgt f\u00fcr Bequemlichkeit und Komfort beim Tragen.<\/p>\n<p data-start=\"341\" data-end=\"438\">Die Gesamtl\u00e4nge des Schmuckst\u00fccks betr\u00e4gt 90 cm<\/p>\n<p data-start=\"440\" data-end=\"550\">Hergestellt von Meisterhand, Made in Italy.<\/p>\n<p data-start=\"552\" data-end=\"647\">Wird in der offiziellen Mad\u00ec-Box geliefert, komplett mit Garantiezertifikat.<\/p>\n","protected":false},"excerpt":{"rendered":"<p>Ein Schmuckst\u00fcck aus ausgew\u00e4hlten Materialien und mit viel Liebe zum Detail gefertigt.<\/p>\n","protected":false},"featured_media":213232,"comment_status":"open","ping_status":"closed","template":"","meta":[],"product_brand":[],"product_cat":[5951],"product_tag":[7442],"class_list":{"0":"post-214501","1":"product","2":"type-product","3":"status-publish","4":"has-post-thumbnail","6":"product_cat-madi-halsketten","7":"product_tag-verfugbar","9":"first","10":"instock","11":"sale","12":"taxable","13":"shipping-taxable","14":"purchasable","15":"product-type-simple"},"exclude_global_add_ons":[],"addons":[],"df_price":306,"df_sale_price":306,"df_regular_price":340,"df_image_link":"https:\/\/cdn02.fabioferro.eu\/wp-content\/uploads\/collana-madi-con-otto-quarzi-idrotermali-verdi-e-avorio.jpg","_links":{"self":[{"href":"https:\/\/www.fabioferro.eu\/de\/wp-json\/wp\/v2\/product\/214501","targetHints":{"allow":["GET"]}}],"collection":[{"href":"https:\/\/www.fabioferro.eu\/de\/wp-json\/wp\/v2\/product"}],"about":[{"href":"https:\/\/www.fabioferro.eu\/de\/wp-json\/wp\/v2\/types\/product"}],"replies":[{"embeddable":true,"href":"https:\/\/www.fabioferro.eu\/de\/wp-json\/wp\/v2\/comments?post=214501"}],"version-history":[{"count":1,"href":"https:\/\/www.fabioferro.eu\/de\/wp-json\/wp\/v2\/product\/214501\/revisions"}],"predecessor-version":[{"id":214544,"href":"https:\/\/www.fabioferro.eu\/de\/wp-json\/wp\/v2\/product\/214501\/revisions\/214544"}],"wp:featuredmedia":[{"embeddable":true,"href":"https:\/\/www.fabioferro.eu\/de\/wp-json\/wp\/v2\/media\/213232"}],"wp:attachment":[{"href":"https:\/\/www.fabioferro.eu\/de\/wp-json\/wp\/v2\/media?parent=214501"}],"wp:term":[{"taxonomy":"product_brand","embeddable":true,"href":"https:\/\/www.fabioferro.eu\/de\/wp-json\/wp\/v2\/product_brand?post=214501"},{"taxonomy":"product_cat","embeddable":true,"href":"https:\/\/www.fabioferro.eu\/de\/wp-json\/wp\/v2\/product_cat?post=214501"},{"taxonomy":"product_tag","embeddable":true,"href":"https:\/\/www.fabioferro.eu\/de\/wp-json\/wp\/v2\/product_tag?post=214501"}],"curies":[{"name":"wp","href":"https:\/\/api.w.org\/{rel}","templated":true}]}}