{"id":214509,"date":"2026-03-12T15:17:01","date_gmt":"2026-03-12T14:17:01","guid":{"rendered":"https:\/\/www.fabioferro.eu\/tamashii-tibetisches-gebetsrad-armband-mit-tuerkis.html"},"modified":"2026-04-01T17:01:59","modified_gmt":"2026-04-01T15:01:59","slug":"tamashii-tibetisches-gebetsrad-armband-mit-tuerkis","status":"publish","type":"product","link":"https:\/\/www.fabioferro.eu\/de\/tamashii-tibetisches-gebetsrad-armband-mit-tuerkis.html","title":{"rendered":"Tamashii Tibetisches Gebetsrad-Armband mit T\u00fcrkis"},"content":{"rendered":"<p data-path-to-node=\"0\">Tibetisches Tamashii-Armband aus der Gebetsrad-Linie, aus nat\u00fcrlichen t\u00fcrkisfarbenen Steinen und brauner Kordel, mit dem traditionellen Segen buddhistischer M\u00f6nche.<\/p>\n<p data-path-to-node=\"2\">Der T\u00fcrkis, ein uralter Edelstein, der mit lebenswichtigen Elementen wie Himmel und Wasser verbunden ist, verk\u00f6rpert die Essenz von Reinheit und geistiger Ruhe. Dieser Stein wirkt als starker emotionaler Stabilisator, der den Mut verleiht, die t\u00e4glichen Herausforderungen zu meistern. <\/p>\n<p data-path-to-node=\"3\">Die t\u00fcrkisfarbenen Steine haben einen Durchmesser von 6 mm und die Kordel ist \u00fcber die Schlaufen leicht verstellbar und passt sich so jedem Handgelenk an.<\/p>\n<p data-path-to-node=\"4\">Da es sich um ein handgefertigtes Produkt handelt, ist jedes St\u00fcck einzigartig und kann leichte Farbabweichungen aufweisen.<\/p>\n<p data-path-to-node=\"5\">Jedes Armband wird mit der Originalverpackung von Tamashii und einer Echtheitserkl\u00e4rung geliefert.<\/p>\n","protected":false},"excerpt":{"rendered":"<p data-path-to-node=\"1,1,0\">Ein Stein, der an die Reinheit des Himmels und der Lebenselemente erinnert.<\/p>\n","protected":false},"featured_media":212476,"comment_status":"open","ping_status":"closed","template":"","meta":[],"product_brand":[],"product_cat":[6318],"product_tag":[],"class_list":{"0":"post-214509","1":"product","2":"type-product","3":"status-publish","4":"has-post-thumbnail","6":"product_cat-tamashii","8":"first","9":"instock","10":"taxable","11":"shipping-taxable","12":"purchasable","13":"product-type-simple"},"exclude_global_add_ons":[],"addons":[],"df_price":69,"df_sale_price":"","df_regular_price":69,"df_image_link":"https:\/\/cdn02.fabioferro.eu\/wp-content\/uploads\/bracciale-tamashii-tibetano-ruota-della-preghiera-con-turchese.jpg","_links":{"self":[{"href":"https:\/\/www.fabioferro.eu\/de\/wp-json\/wp\/v2\/product\/214509","targetHints":{"allow":["GET"]}}],"collection":[{"href":"https:\/\/www.fabioferro.eu\/de\/wp-json\/wp\/v2\/product"}],"about":[{"href":"https:\/\/www.fabioferro.eu\/de\/wp-json\/wp\/v2\/types\/product"}],"replies":[{"embeddable":true,"href":"https:\/\/www.fabioferro.eu\/de\/wp-json\/wp\/v2\/comments?post=214509"}],"version-history":[{"count":1,"href":"https:\/\/www.fabioferro.eu\/de\/wp-json\/wp\/v2\/product\/214509\/revisions"}],"predecessor-version":[{"id":214525,"href":"https:\/\/www.fabioferro.eu\/de\/wp-json\/wp\/v2\/product\/214509\/revisions\/214525"}],"wp:featuredmedia":[{"embeddable":true,"href":"https:\/\/www.fabioferro.eu\/de\/wp-json\/wp\/v2\/media\/212476"}],"wp:attachment":[{"href":"https:\/\/www.fabioferro.eu\/de\/wp-json\/wp\/v2\/media?parent=214509"}],"wp:term":[{"taxonomy":"product_brand","embeddable":true,"href":"https:\/\/www.fabioferro.eu\/de\/wp-json\/wp\/v2\/product_brand?post=214509"},{"taxonomy":"product_cat","embeddable":true,"href":"https:\/\/www.fabioferro.eu\/de\/wp-json\/wp\/v2\/product_cat?post=214509"},{"taxonomy":"product_tag","embeddable":true,"href":"https:\/\/www.fabioferro.eu\/de\/wp-json\/wp\/v2\/product_tag?post=214509"}],"curies":[{"name":"wp","href":"https:\/\/api.w.org\/{rel}","templated":true}]}}