{"id":214510,"date":"2026-03-12T15:16:53","date_gmt":"2026-03-12T14:16:53","guid":{"rendered":"https:\/\/www.fabioferro.eu\/tamashii-tibetan-celebration-blauer-achat-und-sterling-silber-armband.html"},"modified":"2026-03-12T15:16:53","modified_gmt":"2026-03-12T14:16:53","slug":"tamashii-tibetan-celebration-blauer-achat-und-sterling-silber-armband","status":"publish","type":"product","link":"https:\/\/www.fabioferro.eu\/de\/tamashii-tibetan-celebration-blauer-achat-und-sterling-silber-armband.html","title":{"rendered":"Tamashii Tibetan Celebration Blauer Achat und Sterling Silber Armband"},"content":{"rendered":"<p data-path-to-node=\"0\">Tibetisches Tamashii-Armband aus 925er Sterlingsilber mit nat\u00fcrlichen blauen Achatsteinen, gesegnet von tibetischen M\u00f6nchen.<\/p>\n<p data-path-to-node=\"1\">Das Schmuckst\u00fcck ist mit einer rhodinierten Gebetsm\u00fchle verziert, in die das heilige Mantra &#8216;Om Mani Padme H\u016bm&#8217; eingraviert ist.<\/p>\n<p data-path-to-node=\"2\">Blau ist die heiligste Farbe im Buddhismus, ein Symbol des Aufstiegs und der Wahrheit. Dieser Stein bes\u00e4nftigt den Zorn und wandelt ihn in Weisheit um, was den Frieden und das spirituelle Leben f\u00f6rdert. Er kennzeichnet das Reine und Seltene und fl\u00f6\u00dft dem Tr\u00e4ger Glauben und tiefe Reinheit ein.  <\/p>\n<p data-path-to-node=\"3\">Die nat\u00fcrlichen Perlen haben einen Durchmesser von 6 mm und das Band l\u00e4sst sich dank der Schlitze leicht verstellen und passt so elegant an jedes Handgelenk.<\/p>\n<p data-path-to-node=\"4\">Da es sich um ein handgefertigtes Produkt handelt, ist jedes St\u00fcck einzigartig und kann leichte Farbabweichungen aufweisen.<\/p>\n<p data-path-to-node=\"5\">Jedes Armband wird mit der Originalverpackung von Tamashii und einer Echtheitserkl\u00e4rung geliefert.<\/p>\n","protected":false},"excerpt":{"rendered":"<p>Ein Armband, das der Tr\u00e4gerin Vertrauen und eine klare Reinheit einfl\u00f6\u00dft.<\/p>\n","protected":false},"featured_media":212838,"comment_status":"open","ping_status":"closed","template":"","meta":[],"product_brand":[],"product_cat":[6318],"product_tag":[],"class_list":{"0":"post-214510","1":"product","2":"type-product","3":"status-publish","4":"has-post-thumbnail","6":"product_cat-tamashii","8":"first","9":"instock","10":"taxable","11":"shipping-taxable","12":"purchasable","13":"product-type-simple"},"exclude_global_add_ons":[],"addons":[],"df_price":270,"df_sale_price":"","df_regular_price":270,"df_image_link":"https:\/\/cdn02.fabioferro.eu\/wp-content\/uploads\/bracciale-tamashii-tibetano-celebration-agata-blu-e-argento-925.jpg","_links":{"self":[{"href":"https:\/\/www.fabioferro.eu\/de\/wp-json\/wp\/v2\/product\/214510","targetHints":{"allow":["GET"]}}],"collection":[{"href":"https:\/\/www.fabioferro.eu\/de\/wp-json\/wp\/v2\/product"}],"about":[{"href":"https:\/\/www.fabioferro.eu\/de\/wp-json\/wp\/v2\/types\/product"}],"replies":[{"embeddable":true,"href":"https:\/\/www.fabioferro.eu\/de\/wp-json\/wp\/v2\/comments?post=214510"}],"version-history":[{"count":0,"href":"https:\/\/www.fabioferro.eu\/de\/wp-json\/wp\/v2\/product\/214510\/revisions"}],"wp:featuredmedia":[{"embeddable":true,"href":"https:\/\/www.fabioferro.eu\/de\/wp-json\/wp\/v2\/media\/212838"}],"wp:attachment":[{"href":"https:\/\/www.fabioferro.eu\/de\/wp-json\/wp\/v2\/media?parent=214510"}],"wp:term":[{"taxonomy":"product_brand","embeddable":true,"href":"https:\/\/www.fabioferro.eu\/de\/wp-json\/wp\/v2\/product_brand?post=214510"},{"taxonomy":"product_cat","embeddable":true,"href":"https:\/\/www.fabioferro.eu\/de\/wp-json\/wp\/v2\/product_cat?post=214510"},{"taxonomy":"product_tag","embeddable":true,"href":"https:\/\/www.fabioferro.eu\/de\/wp-json\/wp\/v2\/product_tag?post=214510"}],"curies":[{"name":"wp","href":"https:\/\/api.w.org\/{rel}","templated":true}]}}