{"id":214523,"date":"2026-03-14T10:01:28","date_gmt":"2026-03-14T09:01:28","guid":{"rendered":"https:\/\/www.fabioferro.eu\/madi-ohrringe-mit-rosa-hydrothermalquarz-2.html"},"modified":"2026-03-14T10:01:28","modified_gmt":"2026-03-14T09:01:28","slug":"madi-ohrringe-mit-rosa-hydrothermalquarz-2","status":"publish","type":"product","link":"https:\/\/www.fabioferro.eu\/de\/madi-ohrringe-mit-rosa-hydrothermalquarz-2.html","title":{"rendered":"Madi Ohrringe mit rosa Hydrothermalquarz"},"content":{"rendered":"<p>Pr\u00e4chtige Ohrringe aus 925er Silber, verziert mit einer warmen Gelbvergoldung.<\/p>\n<p>Das Design beherbergt zwei unterschiedlich gro\u00dfe hydrothermale Quarzsteine, die in romantischen und zarten Rosat\u00f6nen ausgew\u00e4hlt wurden.<\/p>\n<p>Ein Schmuckst\u00fcck, das die Exzellenz der Handwerkskunst zum Ausdruck bringt, Made in Italy.<\/p>\n<p>Der praktische Druckknopfverschluss sorgt f\u00fcr einen angenehmen Tragekomfort und einen jederzeit tadellosen Halt.<\/p>\n<p>Jedes Paar wird mit der offiziellen Mad\u00ec-Box, der 2-Jahres-Garantie und der Einkaufstasche geliefert.<\/p>\n","protected":false},"excerpt":{"rendered":"<p>Raffinierte Geometrien, die ins Auge fallen und jede Ihrer Gesten zu einem Moment reinen Stils machen.<\/p>\n","protected":false},"featured_media":213170,"comment_status":"open","ping_status":"closed","template":"","meta":[],"product_brand":[],"product_cat":[5921],"product_tag":[7442],"class_list":{"0":"post-214523","1":"product","2":"type-product","3":"status-publish","4":"has-post-thumbnail","6":"product_cat-madi-ohrringe","7":"product_tag-verfugbar","9":"first","10":"instock","11":"sale","12":"taxable","13":"shipping-taxable","14":"purchasable","15":"product-type-simple"},"exclude_global_add_ons":[],"addons":[],"df_price":152.55,"df_sale_price":152.55,"df_regular_price":169.5,"df_image_link":"https:\/\/cdn02.fabioferro.eu\/wp-content\/uploads\/orecchini-madi-con-quarzi-idrotermali-rosa.jpg","_links":{"self":[{"href":"https:\/\/www.fabioferro.eu\/de\/wp-json\/wp\/v2\/product\/214523","targetHints":{"allow":["GET"]}}],"collection":[{"href":"https:\/\/www.fabioferro.eu\/de\/wp-json\/wp\/v2\/product"}],"about":[{"href":"https:\/\/www.fabioferro.eu\/de\/wp-json\/wp\/v2\/types\/product"}],"replies":[{"embeddable":true,"href":"https:\/\/www.fabioferro.eu\/de\/wp-json\/wp\/v2\/comments?post=214523"}],"version-history":[{"count":0,"href":"https:\/\/www.fabioferro.eu\/de\/wp-json\/wp\/v2\/product\/214523\/revisions"}],"wp:featuredmedia":[{"embeddable":true,"href":"https:\/\/www.fabioferro.eu\/de\/wp-json\/wp\/v2\/media\/213170"}],"wp:attachment":[{"href":"https:\/\/www.fabioferro.eu\/de\/wp-json\/wp\/v2\/media?parent=214523"}],"wp:term":[{"taxonomy":"product_brand","embeddable":true,"href":"https:\/\/www.fabioferro.eu\/de\/wp-json\/wp\/v2\/product_brand?post=214523"},{"taxonomy":"product_cat","embeddable":true,"href":"https:\/\/www.fabioferro.eu\/de\/wp-json\/wp\/v2\/product_cat?post=214523"},{"taxonomy":"product_tag","embeddable":true,"href":"https:\/\/www.fabioferro.eu\/de\/wp-json\/wp\/v2\/product_tag?post=214523"}],"curies":[{"name":"wp","href":"https:\/\/api.w.org\/{rel}","templated":true}]}}