{"id":214537,"date":"2026-03-14T10:01:27","date_gmt":"2026-03-14T09:01:27","guid":{"rendered":"https:\/\/www.fabioferro.eu\/madi-halskette-mit-zwei-rosa-hydrothermalquarzen.html"},"modified":"2026-03-14T10:01:27","modified_gmt":"2026-03-14T09:01:27","slug":"madi-halskette-mit-zwei-rosa-hydrothermalquarzen","status":"publish","type":"product","link":"https:\/\/www.fabioferro.eu\/de\/madi-halskette-mit-zwei-rosa-hydrothermalquarzen.html","title":{"rendered":"Madi Halskette mit zwei rosa Hydrothermalquarzen"},"content":{"rendered":"<p>Raffinierte Madi-Halskette aus 925er Silber, verziert mit einer Gelbvergoldung.<\/p>\n<p>Das Design besticht durch das Lichtspiel der beiden hydrothermalen Quarze, die in eleganten und romantischen Rosat\u00f6nen ausgew\u00e4hlt wurden.<\/p>\n<p>Die Kette hat eine Gesamtl\u00e4nge von 42 cm.<\/p>\n<p>Jedes Element ist das Ergebnis sorgf\u00e4ltiger Handwerkskunst, Made in Italy.<\/p>\n<p>Der Karabinerverschluss sorgt f\u00fcr einen praktischen und stets zuverl\u00e4ssigen Halt.<\/p>\n<p>Das Schmuckst\u00fcck wird mit einer offiziellen Mad\u00ec-Box, einer 2-j\u00e4hrigen Garantie und einer Einkaufstasche geliefert.<\/p>\n","protected":false},"excerpt":{"rendered":"<p>Das Accessoire, das nie aus der Mode kommt, um Ihrem einzigartigen Stil einen besonderen Touch zu verleihen.<\/p>\n","protected":false},"featured_media":213177,"comment_status":"open","ping_status":"closed","template":"","meta":[],"product_brand":[],"product_cat":[5951],"product_tag":[],"class_list":{"0":"post-214537","1":"product","2":"type-product","3":"status-publish","4":"has-post-thumbnail","6":"product_cat-madi-halsketten","8":"first","9":"instock","10":"sale","11":"taxable","12":"shipping-taxable","13":"purchasable","14":"product-type-simple"},"exclude_global_add_ons":[],"addons":[],"df_price":124.2,"df_sale_price":124.2,"df_regular_price":138,"df_image_link":"https:\/\/cdn02.fabioferro.eu\/wp-content\/uploads\/collana-madi-con-due-quarzi-idrotermali-rosa.jpg","_links":{"self":[{"href":"https:\/\/www.fabioferro.eu\/de\/wp-json\/wp\/v2\/product\/214537","targetHints":{"allow":["GET"]}}],"collection":[{"href":"https:\/\/www.fabioferro.eu\/de\/wp-json\/wp\/v2\/product"}],"about":[{"href":"https:\/\/www.fabioferro.eu\/de\/wp-json\/wp\/v2\/types\/product"}],"replies":[{"embeddable":true,"href":"https:\/\/www.fabioferro.eu\/de\/wp-json\/wp\/v2\/comments?post=214537"}],"version-history":[{"count":0,"href":"https:\/\/www.fabioferro.eu\/de\/wp-json\/wp\/v2\/product\/214537\/revisions"}],"wp:featuredmedia":[{"embeddable":true,"href":"https:\/\/www.fabioferro.eu\/de\/wp-json\/wp\/v2\/media\/213177"}],"wp:attachment":[{"href":"https:\/\/www.fabioferro.eu\/de\/wp-json\/wp\/v2\/media?parent=214537"}],"wp:term":[{"taxonomy":"product_brand","embeddable":true,"href":"https:\/\/www.fabioferro.eu\/de\/wp-json\/wp\/v2\/product_brand?post=214537"},{"taxonomy":"product_cat","embeddable":true,"href":"https:\/\/www.fabioferro.eu\/de\/wp-json\/wp\/v2\/product_cat?post=214537"},{"taxonomy":"product_tag","embeddable":true,"href":"https:\/\/www.fabioferro.eu\/de\/wp-json\/wp\/v2\/product_tag?post=214537"}],"curies":[{"name":"wp","href":"https:\/\/api.w.org\/{rel}","templated":true}]}}