{"id":214542,"date":"2026-03-14T10:01:28","date_gmt":"2026-03-14T09:01:28","guid":{"rendered":"https:\/\/www.fabioferro.eu\/madi-armband-mit-blauem-hydrothermalquarz.html"},"modified":"2026-03-14T10:01:28","modified_gmt":"2026-03-14T09:01:28","slug":"madi-armband-mit-blauem-hydrothermalquarz","status":"publish","type":"product","link":"https:\/\/www.fabioferro.eu\/de\/madi-armband-mit-blauem-hydrothermalquarz.html","title":{"rendered":"Madi Armband mit blauem Hydrothermalquarz"},"content":{"rendered":"<p>Raffiniertes Madi Armband aus 925er Sterlingsilber.<\/p>\n<p>Das Design zeichnet sich durch die Anwesenheit von 4 hydrothermalen Quarzen aus, die sorgf\u00e4ltig in intensiven und magnetischen Blaut\u00f6nen ausgew\u00e4hlt wurden.<\/p>\n<p>Die Passform ist dank einer praktischen Endkette und einem sicheren Karabinerhaken an jedes Handgelenk anpassbar, von 17 cm bis 21 cm.<\/p>\n<p>Ein Accessoire, das die Frucht der Handwerkskunst ist, streng Made in Italy.<\/p>\n<p>Das Armband wird mit einer offiziellen Mad\u00ec Box, einer Einkaufstasche und einer 2-Jahres-Garantie geliefert.<\/p>\n","protected":false},"excerpt":{"rendered":"<p>Ein Schmuckst\u00fcck mit einer klaren Linie, entworfen f\u00fcr diejenigen, die dezente Eleganz mit gro\u00dfer visueller Wirkung suchen.<\/p>\n","protected":false},"featured_media":213166,"comment_status":"open","ping_status":"closed","template":"","meta":[],"product_brand":[],"product_cat":[5954],"product_tag":[],"class_list":{"0":"post-214542","1":"product","2":"type-product","3":"status-publish","4":"has-post-thumbnail","6":"product_cat-madi-armbander","8":"first","9":"instock","10":"sale","11":"taxable","12":"shipping-taxable","13":"purchasable","14":"product-type-simple"},"exclude_global_add_ons":[],"addons":[],"df_price":158.4,"df_sale_price":158.4,"df_regular_price":176,"df_image_link":"https:\/\/cdn02.fabioferro.eu\/wp-content\/uploads\/bracciale-madi-con-quarzi-idrotermali-azzurri.jpg","_links":{"self":[{"href":"https:\/\/www.fabioferro.eu\/de\/wp-json\/wp\/v2\/product\/214542","targetHints":{"allow":["GET"]}}],"collection":[{"href":"https:\/\/www.fabioferro.eu\/de\/wp-json\/wp\/v2\/product"}],"about":[{"href":"https:\/\/www.fabioferro.eu\/de\/wp-json\/wp\/v2\/types\/product"}],"replies":[{"embeddable":true,"href":"https:\/\/www.fabioferro.eu\/de\/wp-json\/wp\/v2\/comments?post=214542"}],"version-history":[{"count":0,"href":"https:\/\/www.fabioferro.eu\/de\/wp-json\/wp\/v2\/product\/214542\/revisions"}],"wp:featuredmedia":[{"embeddable":true,"href":"https:\/\/www.fabioferro.eu\/de\/wp-json\/wp\/v2\/media\/213166"}],"wp:attachment":[{"href":"https:\/\/www.fabioferro.eu\/de\/wp-json\/wp\/v2\/media?parent=214542"}],"wp:term":[{"taxonomy":"product_brand","embeddable":true,"href":"https:\/\/www.fabioferro.eu\/de\/wp-json\/wp\/v2\/product_brand?post=214542"},{"taxonomy":"product_cat","embeddable":true,"href":"https:\/\/www.fabioferro.eu\/de\/wp-json\/wp\/v2\/product_cat?post=214542"},{"taxonomy":"product_tag","embeddable":true,"href":"https:\/\/www.fabioferro.eu\/de\/wp-json\/wp\/v2\/product_tag?post=214542"}],"curies":[{"name":"wp","href":"https:\/\/api.w.org\/{rel}","templated":true}]}}