{"id":214543,"date":"2026-03-14T10:01:17","date_gmt":"2026-03-14T09:01:17","guid":{"rendered":"https:\/\/www.fabioferro.eu\/madi-ring-mit-gruenem-hydrothermalquarz.html"},"modified":"2026-04-01T17:02:42","modified_gmt":"2026-04-01T15:02:42","slug":"madi-ring-mit-gruenem-hydrothermalquarz","status":"publish","type":"product","link":"https:\/\/www.fabioferro.eu\/de\/madi-ring-mit-gruenem-hydrothermalquarz.html","title":{"rendered":"Madi Ring mit gr\u00fcnem Hydrothermalquarz"},"content":{"rendered":"<p>Madi Solit\u00e4rring aus 925er Sterlingsilber in einem Bad aus Ros\u00e9gold.<\/p>\n<p>In dem Schmuckst\u00fcck befindet sich ein einzigartiger gr\u00fcner hydrothermaler Quarz.<\/p>\n<p>Mit Sorgfalt von italienischen Handwerkern hergestellt, Made in Italy.<\/p>\n<p>Wird von einer 2-Jahres-Garantie, einer offiziellen Mad\u00ec-Box und einer Einkaufstasche begleitet.<\/p>\n","protected":false},"excerpt":{"rendered":"<p>Ein kleines Meisterwerk der Handwerkskunst, das Sie immer bei sich tragen k\u00f6nnen.<\/p>\n","protected":false},"featured_media":213226,"comment_status":"open","ping_status":"closed","template":"","meta":[],"product_brand":[],"product_cat":[7595],"product_tag":[],"class_list":{"0":"post-214543","1":"product","2":"type-product","3":"status-publish","4":"has-post-thumbnail","6":"product_cat-madi-ringe-de","8":"first","9":"instock","10":"sale","11":"taxable","12":"shipping-taxable","13":"purchasable","14":"product-type-variable","15":"has-default-attributes"},"exclude_global_add_ons":[],"addons":[],"df_price":152.1,"df_sale_price":"","df_regular_price":152.1,"df_image_link":"https:\/\/cdn02.fabioferro.eu\/wp-content\/uploads\/anello-madi-con-quarzo-idrotermale-verde.jpg","_links":{"self":[{"href":"https:\/\/www.fabioferro.eu\/de\/wp-json\/wp\/v2\/product\/214543","targetHints":{"allow":["GET"]}}],"collection":[{"href":"https:\/\/www.fabioferro.eu\/de\/wp-json\/wp\/v2\/product"}],"about":[{"href":"https:\/\/www.fabioferro.eu\/de\/wp-json\/wp\/v2\/types\/product"}],"replies":[{"embeddable":true,"href":"https:\/\/www.fabioferro.eu\/de\/wp-json\/wp\/v2\/comments?post=214543"}],"version-history":[{"count":1,"href":"https:\/\/www.fabioferro.eu\/de\/wp-json\/wp\/v2\/product\/214543\/revisions"}],"predecessor-version":[{"id":214570,"href":"https:\/\/www.fabioferro.eu\/de\/wp-json\/wp\/v2\/product\/214543\/revisions\/214570"}],"wp:featuredmedia":[{"embeddable":true,"href":"https:\/\/www.fabioferro.eu\/de\/wp-json\/wp\/v2\/media\/213226"}],"wp:attachment":[{"href":"https:\/\/www.fabioferro.eu\/de\/wp-json\/wp\/v2\/media?parent=214543"}],"wp:term":[{"taxonomy":"product_brand","embeddable":true,"href":"https:\/\/www.fabioferro.eu\/de\/wp-json\/wp\/v2\/product_brand?post=214543"},{"taxonomy":"product_cat","embeddable":true,"href":"https:\/\/www.fabioferro.eu\/de\/wp-json\/wp\/v2\/product_cat?post=214543"},{"taxonomy":"product_tag","embeddable":true,"href":"https:\/\/www.fabioferro.eu\/de\/wp-json\/wp\/v2\/product_tag?post=214543"}],"curies":[{"name":"wp","href":"https:\/\/api.w.org\/{rel}","templated":true}]}}