{"id":214571,"date":"2026-03-14T10:01:20","date_gmt":"2026-03-14T09:01:20","guid":{"rendered":"https:\/\/www.fabioferro.eu\/madi-ring-mit-braunem-hydrothermalquarz.html"},"modified":"2026-04-01T17:02:51","modified_gmt":"2026-04-01T15:02:51","slug":"madi-ring-mit-braunem-hydrothermalquarz","status":"publish","type":"product","link":"https:\/\/www.fabioferro.eu\/de\/madi-ring-mit-braunem-hydrothermalquarz.html","title":{"rendered":"Madi Ring mit braunem Hydrothermalquarz"},"content":{"rendered":"<p data-path-to-node=\"1\">Solit\u00e4rring aus Sterlingsilber, veredelt mit einer warmen Gelbgoldplattierung.<\/p>\n<p data-path-to-node=\"1\">Das Schmuckst\u00fcck fasst einen raffinierten hydrothermalen Quarz in einem tiefen, nat\u00fcrlichen Braunton.<\/p>\n<p data-path-to-node=\"1\">Die Fassung ist handgefertigt und unterstreicht die Brillanz des Steins.<\/p>\n<p data-path-to-node=\"1\">Ein Accessoire aus italienischer Goldschmiedekunst, ein authentischer Ausdruck des Made in Italy.<\/p>\n<p data-path-to-node=\"1\">Der Ring ist so konzipiert, dass er bequem zu tragen ist und einen lang anhaltenden Glanz bietet.<\/p>\n<p data-path-to-node=\"1\">Das Schmuckst\u00fcck wird mit der offiziellen Mad\u00ec-Verpackung, einer 2-j\u00e4hrigen Garantie und einer Einkaufstasche geliefert.<\/p>\n","protected":false},"excerpt":{"rendered":"<p>Ein ikonisches Detail, das den Mittelpunkt Ihres Looks bildet.<\/p>\n","protected":false},"featured_media":213211,"comment_status":"open","ping_status":"closed","template":"","meta":[],"product_brand":[],"product_cat":[7595],"product_tag":[],"class_list":{"0":"post-214571","1":"product","2":"type-product","3":"status-publish","4":"has-post-thumbnail","6":"product_cat-madi-ringe-de","8":"first","9":"instock","10":"sale","11":"taxable","12":"shipping-taxable","13":"purchasable","14":"product-type-variable","15":"has-default-attributes"},"exclude_global_add_ons":[],"addons":[],"df_price":124.2,"df_sale_price":"","df_regular_price":124.2,"df_image_link":"https:\/\/cdn02.fabioferro.eu\/wp-content\/uploads\/anello-madi-con-quarzo-idrotermale-marrone.jpg","_links":{"self":[{"href":"https:\/\/www.fabioferro.eu\/de\/wp-json\/wp\/v2\/product\/214571","targetHints":{"allow":["GET"]}}],"collection":[{"href":"https:\/\/www.fabioferro.eu\/de\/wp-json\/wp\/v2\/product"}],"about":[{"href":"https:\/\/www.fabioferro.eu\/de\/wp-json\/wp\/v2\/types\/product"}],"replies":[{"embeddable":true,"href":"https:\/\/www.fabioferro.eu\/de\/wp-json\/wp\/v2\/comments?post=214571"}],"version-history":[{"count":1,"href":"https:\/\/www.fabioferro.eu\/de\/wp-json\/wp\/v2\/product\/214571\/revisions"}],"predecessor-version":[{"id":214579,"href":"https:\/\/www.fabioferro.eu\/de\/wp-json\/wp\/v2\/product\/214571\/revisions\/214579"}],"wp:featuredmedia":[{"embeddable":true,"href":"https:\/\/www.fabioferro.eu\/de\/wp-json\/wp\/v2\/media\/213211"}],"wp:attachment":[{"href":"https:\/\/www.fabioferro.eu\/de\/wp-json\/wp\/v2\/media?parent=214571"}],"wp:term":[{"taxonomy":"product_brand","embeddable":true,"href":"https:\/\/www.fabioferro.eu\/de\/wp-json\/wp\/v2\/product_brand?post=214571"},{"taxonomy":"product_cat","embeddable":true,"href":"https:\/\/www.fabioferro.eu\/de\/wp-json\/wp\/v2\/product_cat?post=214571"},{"taxonomy":"product_tag","embeddable":true,"href":"https:\/\/www.fabioferro.eu\/de\/wp-json\/wp\/v2\/product_tag?post=214571"}],"curies":[{"name":"wp","href":"https:\/\/api.w.org\/{rel}","templated":true}]}}