{"id":214576,"date":"2026-03-14T10:01:22","date_gmt":"2026-03-14T09:01:22","guid":{"rendered":"https:\/\/www.fabioferro.eu\/madi-ohrringe-mit-braunem-und-gruenem-hydrothermalquarz.html"},"modified":"2026-03-14T10:01:22","modified_gmt":"2026-03-14T09:01:22","slug":"madi-ohrringe-mit-braunem-und-gruenem-hydrothermalquarz","status":"publish","type":"product","link":"https:\/\/www.fabioferro.eu\/de\/madi-ohrringe-mit-braunem-und-gruenem-hydrothermalquarz.html","title":{"rendered":"Madi-Ohrringe mit braunem und gr\u00fcnem Hydrothermalquarz"},"content":{"rendered":"<p>Madi Ohrringe aus 925er Sterlingsilber mit Gelbvergoldung.<\/p>\n<p>Das Schmuckst\u00fcck besteht aus zwei hydrothermalen Quarzsteinen, die in einem tiefen Braunton und einem lebhaften Gr\u00fcn ausgew\u00e4hlt wurden.<\/p>\n<p>Jedes Paar ist das Ergebnis sorgf\u00e4ltiger Handarbeit, ein Ausdruck authentischer Exzellenz &#8220;Made in Italy&#8221;.<\/p>\n<p>Der Druckknopfverschluss sorgt f\u00fcr einen perfekten Sitz und maximalen Komfort beim t\u00e4glichen Tragen.<\/p>\n<p>Das Schmuckst\u00fcck wird mit der offiziellen Mad\u00ec-Verpackung, einer 2-j\u00e4hrigen Garantie und einer Einkaufstasche geliefert.<\/p>\n","protected":false},"excerpt":{"rendered":"<p>Starke Linien und tiefe Reflexe in einem Accessoire, das immer wieder f\u00fcr Erstaunen sorgt.<\/p>\n","protected":false},"featured_media":213200,"comment_status":"open","ping_status":"closed","template":"","meta":[],"product_brand":[],"product_cat":[5921],"product_tag":[7442],"class_list":{"0":"post-214576","1":"product","2":"type-product","3":"status-publish","4":"has-post-thumbnail","6":"product_cat-madi-ohrringe","7":"product_tag-verfugbar","9":"first","10":"instock","11":"sale","12":"taxable","13":"shipping-taxable","14":"purchasable","15":"product-type-simple"},"exclude_global_add_ons":[],"addons":[],"df_price":152.55,"df_sale_price":152.55,"df_regular_price":169.5,"df_image_link":"https:\/\/cdn02.fabioferro.eu\/wp-content\/uploads\/orecchini-madi-con-quarzi-idrotermali-marroni-e-verdi.jpg","_links":{"self":[{"href":"https:\/\/www.fabioferro.eu\/de\/wp-json\/wp\/v2\/product\/214576","targetHints":{"allow":["GET"]}}],"collection":[{"href":"https:\/\/www.fabioferro.eu\/de\/wp-json\/wp\/v2\/product"}],"about":[{"href":"https:\/\/www.fabioferro.eu\/de\/wp-json\/wp\/v2\/types\/product"}],"replies":[{"embeddable":true,"href":"https:\/\/www.fabioferro.eu\/de\/wp-json\/wp\/v2\/comments?post=214576"}],"version-history":[{"count":0,"href":"https:\/\/www.fabioferro.eu\/de\/wp-json\/wp\/v2\/product\/214576\/revisions"}],"wp:featuredmedia":[{"embeddable":true,"href":"https:\/\/www.fabioferro.eu\/de\/wp-json\/wp\/v2\/media\/213200"}],"wp:attachment":[{"href":"https:\/\/www.fabioferro.eu\/de\/wp-json\/wp\/v2\/media?parent=214576"}],"wp:term":[{"taxonomy":"product_brand","embeddable":true,"href":"https:\/\/www.fabioferro.eu\/de\/wp-json\/wp\/v2\/product_brand?post=214576"},{"taxonomy":"product_cat","embeddable":true,"href":"https:\/\/www.fabioferro.eu\/de\/wp-json\/wp\/v2\/product_cat?post=214576"},{"taxonomy":"product_tag","embeddable":true,"href":"https:\/\/www.fabioferro.eu\/de\/wp-json\/wp\/v2\/product_tag?post=214576"}],"curies":[{"name":"wp","href":"https:\/\/api.w.org\/{rel}","templated":true}]}}