{"id":214592,"date":"2026-03-30T17:58:17","date_gmt":"2026-03-30T15:58:17","guid":{"rendered":"https:\/\/www.fabioferro.eu\/longines-hydroconquest-schwarz-automatik-milano-39mm.html"},"modified":"2026-03-30T17:58:17","modified_gmt":"2026-03-30T15:58:17","slug":"longines-hydroconquest-schwarz-automatik-milano-39mm","status":"publish","type":"product","link":"https:\/\/www.fabioferro.eu\/de\/longines-hydroconquest-schwarz-automatik-milano-39mm.html","title":{"rendered":"Longines Hydroconquest Schwarz Automatik Milano 39mm"},"content":{"rendered":"<p data-path-to-node=\"2\">Das schlagende Herz dieses Zeitmessers ist das Automatikkaliber L888, ein mechanisches Pr\u00e4zisionswerk mit einer Frequenz von 25.200 Halbschwingungen pro Stunde. Die integrierte Unruhspirale aus monokristallinem Silizium gew\u00e4hrleistet eine konstante Leistung gegen\u00fcber Magnetfeldern und bietet eine Gangreserve von etwa 72 Stunden f\u00fcr die Funktionen Stunden, Minuten, Sekunden und Datum. <\/p>\n<p data-path-to-node=\"3\">Das runde 39,00 mm Geh\u00e4use ist aus Edelstahl gefertigt und mit einer einseitig drehbaren Keramikl\u00fcnette versehen. Die f\u00fcr Entdeckungen konzipierte Uhr ist dank der verschraubten Krone und des verschraubten Bodens bis 30 bar wasserdicht. Das kratzfeste Saphirglas ist beidseitig mit einer mehrschichtigen Antireflexionsschicht versehen, die f\u00fcr hervorragende Transparenz sorgt. Gesamtgewicht von 155,0 g.   <\/p>\n<p data-path-to-node=\"4\">Das Zifferblatt ist in einem eleganten, gl\u00e4nzenden Schwarz lackiert, auf dem die applizierten Stundenmarkierungen und die polierten silbernen Zeiger klar und deutlich hervorstechen. Die Ablesbarkeit im Dunkeln wird durch die Schweizer Super-LumiNova\u00ae-Behandlung garantiert. <\/p>\n<p data-path-to-node=\"5\">Das Edelstahlarmband sorgt f\u00fcr maximalen Komfort am Handgelenk dank der doppelten Sicherheitsfaltschlie\u00dfe und dem praktischen Mikroverstellsystem.<\/p>\n<p data-path-to-node=\"6\">Inklusive Verpackung und offizieller Longines 5-Jahres-Garantie.<\/p>\n","protected":false},"excerpt":{"rendered":"<p>Robust, pr\u00e4zise und dynamisch: die sportliche Seele von Longines.<\/p>\n","protected":false},"featured_media":214158,"comment_status":"open","ping_status":"closed","template":"","meta":[],"product_brand":[],"product_cat":[5953],"product_tag":[7551],"class_list":{"0":"post-214592","1":"product","2":"type-product","3":"status-publish","4":"has-post-thumbnail","6":"product_cat-longines-herrenuhren","7":"product_tag-ausschlusse","8":"pa_collezione-longines-hydroconquest-de","10":"first","11":"instock","12":"taxable","13":"shipping-taxable","14":"purchasable","15":"product-type-simple"},"exclude_global_add_ons":false,"addons":[{"name":"Gurtl\u00e4nge","type":"multiple_choice","position":0,"required":false,"title_format":"label","default":"0","description_enable":false,"description":null,"placeholder_enable":false,"placeholder":null,"display":"select","restrictions_type":"any_text","adjust_price":false,"price":"","price_type":"flat_fee","restrictions":false,"min":"0","max":"0","options":[{"label":"Keine Anpassung","price":"","price_type":"flat_fee","image":0,"visibility":true},{"label":"15,0 cm","price":"","price_type":"flat_fee","image":0,"visibility":true},{"label":"15,5 cm","price":"","price_type":"flat_fee","image":0,"visibility":true},{"label":"16,0 cm","price":"","price_type":"flat_fee","image":0,"visibility":true},{"label":"16,5 cm","price":"","price_type":"flat_fee","image":0,"visibility":true},{"label":"17,0 cm","price":"","price_type":"flat_fee","image":0,"visibility":true},{"label":"17,5 cm","price":"","price_type":"flat_fee","image":0,"visibility":true},{"label":"18,0 cm","price":"","price_type":"flat_fee","image":0,"visibility":true},{"label":"18,5 cm","price":"","price_type":"flat_fee","image":0,"visibility":true},{"label":"19,0 cm","price":"","price_type":"flat_fee","image":0,"visibility":true},{"label":"19,5 cm","price":"","price_type":"flat_fee","image":0,"visibility":true},{"label":"20.0 cm","price":"","price_type":"flat_fee","image":0,"visibility":true},{"label":"20,5 cm","price":"","price_type":"flat_fee","image":0,"visibility":true},{"label":"21.0 cm","price":"","price_type":"flat_fee","image":0,"visibility":true},{"label":"21,5 cm","price":"","price_type":"flat_fee","image":0,"visibility":true},{"label":"22.0 cm","price":"","price_type":"flat_fee","image":0,"visibility":true}],"id":1774953487},{"name":"Choose the size for her","type":"multiple_choice","position":0,"required":false,"title_format":"label","default":"","description_enable":false,"description":"","placeholder_enable":false,"placeholder":"","display":"select","restrictions_type":"any_text","adjust_price":false,"price":"","price_type":"flat_fee","restrictions":false,"min":"0","max":"0","options":[{"label":"8","price":"","price_type":"flat_fee","image":0,"visibility":true},{"label":"9","price":"","price_type":"flat_fee","image":0,"visibility":true},{"label":"10","price":"","price_type":"flat_fee","image":0,"visibility":true},{"label":"11","price":"","price_type":"flat_fee","image":0,"visibility":true},{"label":"12","price":"","price_type":"flat_fee","image":0,"visibility":true},{"label":"13","price":"","price_type":"flat_fee","image":0,"visibility":true},{"label":"14","price":"","price_type":"flat_fee","image":0,"visibility":true},{"label":"15","price":"","price_type":"flat_fee","image":0,"visibility":true},{"label":"16","price":"","price_type":"flat_fee","image":0,"visibility":true},{"label":"17","price":"","price_type":"flat_fee","image":0,"visibility":true},{"label":"18","price":"","price_type":"flat_fee","image":0,"visibility":true},{"label":"19","price":"","price_type":"flat_fee","image":0,"visibility":true},{"label":"20","price":"","price_type":"flat_fee","image":0,"visibility":true},{"label":"21","price":"","price_type":"flat_fee","image":0,"visibility":true},{"label":"22","price":"","price_type":"flat_fee","image":0,"visibility":true},{"label":"23","price":"","price_type":"flat_fee","image":0,"visibility":true},{"label":"24","price":"","price_type":"flat_fee","image":0,"visibility":true},{"label":"25","price":"","price_type":"flat_fee","image":0,"visibility":true},{"label":"26","price":"","price_type":"flat_fee","image":0,"visibility":true},{"label":"27","price":"","price_type":"flat_fee","image":0,"visibility":true},{"label":"28","price":"","price_type":"flat_fee","image":0,"visibility":true}],"id":1706806906},{"name":"Choose the size for him","type":"multiple_choice","position":0,"required":false,"title_format":"label","default":"","description_enable":false,"description":"","placeholder_enable":false,"placeholder":"","display":"select","restrictions_type":"any_text","adjust_price":false,"price":"","price_type":"flat_fee","restrictions":false,"min":"0","max":"0","options":[{"label":"8","price":"","price_type":"flat_fee","image":0,"visibility":true},{"label":"9","price":"","price_type":"flat_fee","image":0,"visibility":true},{"label":"10","price":"","price_type":"flat_fee","image":0,"visibility":true},{"label":"11","price":"","price_type":"flat_fee","image":0,"visibility":true},{"label":"12","price":"","price_type":"flat_fee","image":0,"visibility":true},{"label":"13","price":"","price_type":"flat_fee","image":0,"visibility":true},{"label":"14","price":"","price_type":"flat_fee","image":0,"visibility":true},{"label":"15","price":"","price_type":"flat_fee","image":0,"visibility":true},{"label":"16","price":"","price_type":"flat_fee","image":0,"visibility":true},{"label":"17","price":"","price_type":"flat_fee","image":0,"visibility":true},{"label":"18","price":"","price_type":"flat_fee","image":0,"visibility":true},{"label":"19","price":"","price_type":"flat_fee","image":0,"visibility":true},{"label":"20","price":"","price_type":"flat_fee","image":0,"visibility":true},{"label":"21","price":"","price_type":"flat_fee","image":0,"visibility":true},{"label":"22","price":"","price_type":"flat_fee","image":0,"visibility":true},{"label":"23","price":"","price_type":"flat_fee","image":0,"visibility":true},{"label":"24","price":"","price_type":"flat_fee","image":0,"visibility":true},{"label":"25","price":"","price_type":"flat_fee","image":0,"visibility":true},{"label":"26","price":"","price_type":"flat_fee","image":0,"visibility":true},{"label":"27","price":"","price_type":"flat_fee","image":0,"visibility":true},{"label":"28","price":"","price_type":"flat_fee","image":0,"visibility":true}],"id":1706806872},{"name":"Engraving","type":"custom_text","position":0,"required":false,"title_format":"label","default":"","description_enable":false,"description":"","placeholder_enable":false,"placeholder":"","display":"select","restrictions_type":"any_text","adjust_price":false,"price":"","price_type":"flat_fee","restrictions":false,"min":"0","max":"0","options":[],"id":1706718952}],"df_price":2350,"df_sale_price":"","df_regular_price":2350,"df_image_link":"https:\/\/cdn02.fabioferro.eu\/wp-content\/uploads\/longines-hydroconquest-nero-automatico-maglia-milano-39mm.jpg","_links":{"self":[{"href":"https:\/\/www.fabioferro.eu\/de\/wp-json\/wp\/v2\/product\/214592","targetHints":{"allow":["GET"]}}],"collection":[{"href":"https:\/\/www.fabioferro.eu\/de\/wp-json\/wp\/v2\/product"}],"about":[{"href":"https:\/\/www.fabioferro.eu\/de\/wp-json\/wp\/v2\/types\/product"}],"replies":[{"embeddable":true,"href":"https:\/\/www.fabioferro.eu\/de\/wp-json\/wp\/v2\/comments?post=214592"}],"version-history":[{"count":0,"href":"https:\/\/www.fabioferro.eu\/de\/wp-json\/wp\/v2\/product\/214592\/revisions"}],"wp:featuredmedia":[{"embeddable":true,"href":"https:\/\/www.fabioferro.eu\/de\/wp-json\/wp\/v2\/media\/214158"}],"wp:attachment":[{"href":"https:\/\/www.fabioferro.eu\/de\/wp-json\/wp\/v2\/media?parent=214592"}],"wp:term":[{"taxonomy":"product_brand","embeddable":true,"href":"https:\/\/www.fabioferro.eu\/de\/wp-json\/wp\/v2\/product_brand?post=214592"},{"taxonomy":"product_cat","embeddable":true,"href":"https:\/\/www.fabioferro.eu\/de\/wp-json\/wp\/v2\/product_cat?post=214592"},{"taxonomy":"product_tag","embeddable":true,"href":"https:\/\/www.fabioferro.eu\/de\/wp-json\/wp\/v2\/product_tag?post=214592"}],"curies":[{"name":"wp","href":"https:\/\/api.w.org\/{rel}","templated":true}]}}