{"id":214610,"date":"2026-03-14T10:01:32","date_gmt":"2026-03-14T09:01:32","guid":{"rendered":"https:\/\/www.fabioferro.eu\/madi-halskette-mit-blauem-hydrothermalquarz.html"},"modified":"2026-03-14T10:01:32","modified_gmt":"2026-03-14T09:01:32","slug":"madi-halskette-mit-blauem-hydrothermalquarz","status":"publish","type":"product","link":"https:\/\/www.fabioferro.eu\/de\/madi-halskette-mit-blauem-hydrothermalquarz.html","title":{"rendered":"Madi Halskette mit blauem Hydrothermalquarz"},"content":{"rendered":"<p data-path-to-node=\"1\">Halskette vollst\u00e4ndig aus 925er Sterlingsilber gefertigt.<\/p>\n<p data-path-to-node=\"1\">Die Stars der Kreation sind zwei hydrothermale Quarze unterschiedlicher Gr\u00f6\u00dfe in zarten, leuchtenden Blaut\u00f6nen.<\/p>\n<p data-path-to-node=\"1\">Die L\u00e4nge der Halskette betr\u00e4gt 42 cm, um den Anh\u00e4nger zur Geltung zu bringen.<\/p>\n<p data-path-to-node=\"1\">Handgefertigt, Hergestellt in Italien.<\/p>\n<p data-path-to-node=\"1\">Der Verschluss ist mit einem praktischen und sicheren Karabinerhaken versehen.<\/p>\n<p data-path-to-node=\"1\">Das Juwel wird von einer 2-Jahres-Garantie, einer Einkaufstasche und einer offiziellen Mad\u00ec-Box begleitet.<\/p>\n","protected":false},"excerpt":{"rendered":"<p>Viel mehr als ein einfaches Accessoire: ein kleiner Schatz zum Tragen oder zum Verschenken an jemanden, den Sie lieben.<\/p>\n","protected":false},"featured_media":213144,"comment_status":"open","ping_status":"closed","template":"","meta":[],"product_brand":[],"product_cat":[5951],"product_tag":[],"class_list":{"0":"post-214610","1":"product","2":"type-product","3":"status-publish","4":"has-post-thumbnail","6":"product_cat-madi-halsketten","8":"first","9":"instock","10":"sale","11":"taxable","12":"shipping-taxable","13":"purchasable","14":"product-type-simple"},"exclude_global_add_ons":[],"addons":[],"df_price":115.2,"df_sale_price":115.2,"df_regular_price":128,"df_image_link":"https:\/\/cdn02.fabioferro.eu\/wp-content\/uploads\/collana-madi-con-quarzi-idrotermali-azzurri.jpg","_links":{"self":[{"href":"https:\/\/www.fabioferro.eu\/de\/wp-json\/wp\/v2\/product\/214610","targetHints":{"allow":["GET"]}}],"collection":[{"href":"https:\/\/www.fabioferro.eu\/de\/wp-json\/wp\/v2\/product"}],"about":[{"href":"https:\/\/www.fabioferro.eu\/de\/wp-json\/wp\/v2\/types\/product"}],"replies":[{"embeddable":true,"href":"https:\/\/www.fabioferro.eu\/de\/wp-json\/wp\/v2\/comments?post=214610"}],"version-history":[{"count":0,"href":"https:\/\/www.fabioferro.eu\/de\/wp-json\/wp\/v2\/product\/214610\/revisions"}],"wp:featuredmedia":[{"embeddable":true,"href":"https:\/\/www.fabioferro.eu\/de\/wp-json\/wp\/v2\/media\/213144"}],"wp:attachment":[{"href":"https:\/\/www.fabioferro.eu\/de\/wp-json\/wp\/v2\/media?parent=214610"}],"wp:term":[{"taxonomy":"product_brand","embeddable":true,"href":"https:\/\/www.fabioferro.eu\/de\/wp-json\/wp\/v2\/product_brand?post=214610"},{"taxonomy":"product_cat","embeddable":true,"href":"https:\/\/www.fabioferro.eu\/de\/wp-json\/wp\/v2\/product_cat?post=214610"},{"taxonomy":"product_tag","embeddable":true,"href":"https:\/\/www.fabioferro.eu\/de\/wp-json\/wp\/v2\/product_tag?post=214610"}],"curies":[{"name":"wp","href":"https:\/\/api.w.org\/{rel}","templated":true}]}}