{"id":214614,"date":"2026-03-14T10:01:31","date_gmt":"2026-03-14T09:01:31","guid":{"rendered":"https:\/\/www.fabioferro.eu\/madi-ohrringe-mit-blauem-hydrothermalquarz.html"},"modified":"2026-03-14T10:01:31","modified_gmt":"2026-03-14T09:01:31","slug":"madi-ohrringe-mit-blauem-hydrothermalquarz","status":"publish","type":"product","link":"https:\/\/www.fabioferro.eu\/de\/madi-ohrringe-mit-blauem-hydrothermalquarz.html","title":{"rendered":"Madi-Ohrringe mit blauem Hydrothermalquarz"},"content":{"rendered":"<p>Edle Madi Ohrringe aus 925er Sterlingsilber.<\/p>\n<p>Das Design zeichnet sich durch die Intensit\u00e4t des hydrothermalen Quarzes aus, der in einem tiefen, magnetischen Blauton ausgew\u00e4hlt wurde.<\/p>\n<p>Jedes Detail ist das Ergebnis gekonnter Handwerkskunst, stolz Made in Italy.<\/p>\n<p>Der Druckknopfverschluss garantiert bequemes Tragen und sicheren Halt w\u00e4hrend des ganzen Tages.<\/p>\n<p>as Schmuckst\u00fcck wird komplett mit offizieller Mad\u00ec-Verpackung, Einkaufstasche und einer 2-j\u00e4hrigen Garantie geliefert.<\/p>\n","protected":false},"excerpt":{"rendered":"<p>Ein schlichtes Design, das auf den ersten Blick begeistert und f\u00fcr immer mit Ihnen gl\u00e4nzen wird.<\/p>\n","protected":false},"featured_media":213150,"comment_status":"open","ping_status":"closed","template":"","meta":[],"product_brand":[],"product_cat":[5921],"product_tag":[],"class_list":{"0":"post-214614","1":"product","2":"type-product","3":"status-publish","4":"has-post-thumbnail","6":"product_cat-madi-ohrringe","8":"first","9":"instock","10":"sale","11":"taxable","12":"shipping-taxable","13":"purchasable","14":"product-type-simple"},"exclude_global_add_ons":[],"addons":[],"df_price":125.55,"df_sale_price":125.55,"df_regular_price":139.5,"df_image_link":"https:\/\/cdn02.fabioferro.eu\/wp-content\/uploads\/orecchini-madi-con-quarzi-idrotermali-blu.jpg","_links":{"self":[{"href":"https:\/\/www.fabioferro.eu\/de\/wp-json\/wp\/v2\/product\/214614","targetHints":{"allow":["GET"]}}],"collection":[{"href":"https:\/\/www.fabioferro.eu\/de\/wp-json\/wp\/v2\/product"}],"about":[{"href":"https:\/\/www.fabioferro.eu\/de\/wp-json\/wp\/v2\/types\/product"}],"replies":[{"embeddable":true,"href":"https:\/\/www.fabioferro.eu\/de\/wp-json\/wp\/v2\/comments?post=214614"}],"version-history":[{"count":0,"href":"https:\/\/www.fabioferro.eu\/de\/wp-json\/wp\/v2\/product\/214614\/revisions"}],"wp:featuredmedia":[{"embeddable":true,"href":"https:\/\/www.fabioferro.eu\/de\/wp-json\/wp\/v2\/media\/213150"}],"wp:attachment":[{"href":"https:\/\/www.fabioferro.eu\/de\/wp-json\/wp\/v2\/media?parent=214614"}],"wp:term":[{"taxonomy":"product_brand","embeddable":true,"href":"https:\/\/www.fabioferro.eu\/de\/wp-json\/wp\/v2\/product_brand?post=214614"},{"taxonomy":"product_cat","embeddable":true,"href":"https:\/\/www.fabioferro.eu\/de\/wp-json\/wp\/v2\/product_cat?post=214614"},{"taxonomy":"product_tag","embeddable":true,"href":"https:\/\/www.fabioferro.eu\/de\/wp-json\/wp\/v2\/product_tag?post=214614"}],"curies":[{"name":"wp","href":"https:\/\/api.w.org\/{rel}","templated":true}]}}