{"id":214617,"date":"2026-03-14T10:01:33","date_gmt":"2026-03-14T09:01:33","guid":{"rendered":"https:\/\/www.fabioferro.eu\/madi-ohrringe-mit-blauem-und-hellblauem-hydrothermalquarz.html"},"modified":"2026-03-14T10:01:33","modified_gmt":"2026-03-14T09:01:33","slug":"madi-ohrringe-mit-blauem-und-hellblauem-hydrothermalquarz","status":"publish","type":"product","link":"https:\/\/www.fabioferro.eu\/de\/madi-ohrringe-mit-blauem-und-hellblauem-hydrothermalquarz.html","title":{"rendered":"Madi-Ohrringe mit blauem und hellblauem Hydrothermalquarz"},"content":{"rendered":"<p data-path-to-node=\"1\">Madi-Ohrringe aus 925er Sterlingsilber.<\/p>\n<p data-path-to-node=\"1\">Die Protagonisten sind zwei hydrothermale Quarze von unterschiedlicher Gr\u00f6\u00dfe, die sich durch elegante Blau- und Hellblaut\u00f6ne auszeichnen.<\/p>\n<p data-path-to-node=\"1\">Handgefertigt, hergestellt in Italien.<\/p>\n<p data-path-to-node=\"1\">Der Klick-Verschluss garantiert Praktikabilit\u00e4t und Sicherheit beim Tragen.<\/p>\n<p data-path-to-node=\"1\">Die Ohrringe werden mit einer offiziellen Mad\u00ec-Box, 2 Jahren Garantie und einer Einkaufstasche geliefert.<\/p>\n","protected":false},"excerpt":{"rendered":"<p>Klare Linien und tiefe Reflexionen f\u00fcr ein Accessoire, das von Ihnen und Ihrer Liebe zum Detail spricht.<\/p>\n","protected":false},"featured_media":213138,"comment_status":"open","ping_status":"closed","template":"","meta":[],"product_brand":[],"product_cat":[5921],"product_tag":[],"class_list":{"0":"post-214617","1":"product","2":"type-product","3":"status-publish","4":"has-post-thumbnail","6":"product_cat-madi-ohrringe","8":"first","9":"instock","10":"sale","11":"taxable","12":"shipping-taxable","13":"purchasable","14":"product-type-simple"},"exclude_global_add_ons":[],"addons":[],"df_price":143.55,"df_sale_price":143.55,"df_regular_price":159.5,"df_image_link":"https:\/\/cdn02.fabioferro.eu\/wp-content\/uploads\/orecchini-madi-con-quarzi-idrotermali-blu-e-azzurro-chiaro.jpg","_links":{"self":[{"href":"https:\/\/www.fabioferro.eu\/de\/wp-json\/wp\/v2\/product\/214617","targetHints":{"allow":["GET"]}}],"collection":[{"href":"https:\/\/www.fabioferro.eu\/de\/wp-json\/wp\/v2\/product"}],"about":[{"href":"https:\/\/www.fabioferro.eu\/de\/wp-json\/wp\/v2\/types\/product"}],"replies":[{"embeddable":true,"href":"https:\/\/www.fabioferro.eu\/de\/wp-json\/wp\/v2\/comments?post=214617"}],"version-history":[{"count":0,"href":"https:\/\/www.fabioferro.eu\/de\/wp-json\/wp\/v2\/product\/214617\/revisions"}],"wp:featuredmedia":[{"embeddable":true,"href":"https:\/\/www.fabioferro.eu\/de\/wp-json\/wp\/v2\/media\/213138"}],"wp:attachment":[{"href":"https:\/\/www.fabioferro.eu\/de\/wp-json\/wp\/v2\/media?parent=214617"}],"wp:term":[{"taxonomy":"product_brand","embeddable":true,"href":"https:\/\/www.fabioferro.eu\/de\/wp-json\/wp\/v2\/product_brand?post=214617"},{"taxonomy":"product_cat","embeddable":true,"href":"https:\/\/www.fabioferro.eu\/de\/wp-json\/wp\/v2\/product_cat?post=214617"},{"taxonomy":"product_tag","embeddable":true,"href":"https:\/\/www.fabioferro.eu\/de\/wp-json\/wp\/v2\/product_tag?post=214617"}],"curies":[{"name":"wp","href":"https:\/\/api.w.org\/{rel}","templated":true}]}}