{"id":214622,"date":"2026-03-12T15:17:00","date_gmt":"2026-03-12T14:17:00","guid":{"rendered":"https:\/\/www.fabioferro.eu\/tamashii-tibetisches-gebetsrad-tigerauge-armband.html"},"modified":"2026-03-12T15:17:00","modified_gmt":"2026-03-12T14:17:00","slug":"tamashii-tibetisches-gebetsrad-tigerauge-armband","status":"publish","type":"product","link":"https:\/\/www.fabioferro.eu\/de\/tamashii-tibetisches-gebetsrad-tigerauge-armband.html","title":{"rendered":"Tamashii Tibetisches Gebetsrad Tigerauge-Armband"},"content":{"rendered":"<p data-path-to-node=\"0\">Unisex Tamashii Armband aus der Wheel of Prayer Linie, hergestellt aus nat\u00fcrlichen Tigerauge Steinen und brauner Kordel, gesegnet von buddhistischen M\u00f6nchen.<\/p>\n<p data-path-to-node=\"1\">Die 925\/1000 Silberkugel ist mit der Gravur des Mantras &#8216;Om Mani Padme H\u016bm&#8217; verziert, der heiligen Anrufung des Buddha des Mitgef\u00fchls, Cenresig.<\/p>\n<p data-path-to-node=\"2\">Das Tigerauge, ein f\u00fcr seine warmen Adern bekannter Edelstein, gilt als Stein der Selbstbehauptung und Entschlossenheit. Er wirkt als Katalysator f\u00fcr pers\u00f6nliche Kraft und hilft seinem Tr\u00e4ger, seine Mitte zu bewahren und ein solides Selbstvertrauen zu entwickeln. <\/p>\n<p data-path-to-node=\"3\">Die Tigerauge-Steine sind 6 mm gro\u00df. Die verstellbare Perle passt sich jeder Handgelenksgr\u00f6\u00dfe an.<\/p>\n<p data-path-to-node=\"4\">Da es sich um ein handgefertigtes Produkt handelt, ist jedes St\u00fcck einzigartig und kann leichte Farbabweichungen aufweisen.<\/p>\n<p data-path-to-node=\"5\">Jedes Armband wird mit der Originalverpackung von Tamashii und einer Echtheitserkl\u00e4rung geliefert.<\/p>\n","protected":false},"excerpt":{"rendered":"<p>Das Auge des Tigers, ein Stein, der hilft, Zentriertheit und Selbstvertrauen zu bewahren.<\/p>\n","protected":false},"featured_media":212483,"comment_status":"open","ping_status":"closed","template":"","meta":[],"product_brand":[],"product_cat":[6318],"product_tag":[],"class_list":{"0":"post-214622","1":"product","2":"type-product","3":"status-publish","4":"has-post-thumbnail","6":"product_cat-tamashii","8":"first","9":"instock","10":"taxable","11":"shipping-taxable","12":"purchasable","13":"product-type-simple"},"exclude_global_add_ons":[],"addons":[],"df_price":69,"df_sale_price":"","df_regular_price":69,"df_image_link":"https:\/\/cdn02.fabioferro.eu\/wp-content\/uploads\/bracciale-tamashii-tibetano-ruota-della-preghiera-occhio-di-tigre.jpg","_links":{"self":[{"href":"https:\/\/www.fabioferro.eu\/de\/wp-json\/wp\/v2\/product\/214622","targetHints":{"allow":["GET"]}}],"collection":[{"href":"https:\/\/www.fabioferro.eu\/de\/wp-json\/wp\/v2\/product"}],"about":[{"href":"https:\/\/www.fabioferro.eu\/de\/wp-json\/wp\/v2\/types\/product"}],"replies":[{"embeddable":true,"href":"https:\/\/www.fabioferro.eu\/de\/wp-json\/wp\/v2\/comments?post=214622"}],"version-history":[{"count":0,"href":"https:\/\/www.fabioferro.eu\/de\/wp-json\/wp\/v2\/product\/214622\/revisions"}],"wp:featuredmedia":[{"embeddable":true,"href":"https:\/\/www.fabioferro.eu\/de\/wp-json\/wp\/v2\/media\/212483"}],"wp:attachment":[{"href":"https:\/\/www.fabioferro.eu\/de\/wp-json\/wp\/v2\/media?parent=214622"}],"wp:term":[{"taxonomy":"product_brand","embeddable":true,"href":"https:\/\/www.fabioferro.eu\/de\/wp-json\/wp\/v2\/product_brand?post=214622"},{"taxonomy":"product_cat","embeddable":true,"href":"https:\/\/www.fabioferro.eu\/de\/wp-json\/wp\/v2\/product_cat?post=214622"},{"taxonomy":"product_tag","embeddable":true,"href":"https:\/\/www.fabioferro.eu\/de\/wp-json\/wp\/v2\/product_tag?post=214622"}],"curies":[{"name":"wp","href":"https:\/\/api.w.org\/{rel}","templated":true}]}}