{"id":214636,"date":"2026-03-12T15:17:01","date_gmt":"2026-03-12T14:17:01","guid":{"rendered":"https:\/\/www.fabioferro.eu\/tibetisches-tamashii-gebetsrad-armband-mit-gruenem-achat.html"},"modified":"2026-03-12T15:17:01","modified_gmt":"2026-03-12T14:17:01","slug":"tibetisches-tamashii-gebetsrad-armband-mit-gruenem-achat","status":"publish","type":"product","link":"https:\/\/www.fabioferro.eu\/de\/tibetisches-tamashii-gebetsrad-armband-mit-gruenem-achat.html","title":{"rendered":"Tibetisches Tamashii Gebetsrad-Armband mit gr\u00fcnem Achat"},"content":{"rendered":"<p data-path-to-node=\"0\">Unisex Tamashii Armband aus der Wheel of Prayer Linie, bestehend aus nat\u00fcrlichen gr\u00fcnen Achatsteinen, die von buddhistischen M\u00f6nchen gesegnet wurden.<\/p>\n<p data-path-to-node=\"2\">Gr\u00fcner Achat erinnert an die Lebenskraft der Natur und die \u00dcppigkeit von B\u00e4umen und bringt ein tiefes Gef\u00fchl von Harmonie und Kraft mit sich. Dieser Stein f\u00f6rdert das innere Gleichgewicht und die F\u00e4higkeit, weise zu handeln. <\/p>\n<p data-path-to-node=\"3\">Das Armband ist mit 6 mm gro\u00dfen Achatsteinen besetzt und hat eine verstellbare Kordel, die perfekt an jedes Handgelenk passt.<\/p>\n<p data-path-to-node=\"4\">Da es sich um ein handgefertigtes Produkt handelt, ist jedes St\u00fcck einzigartig und kann leichte Farbabweichungen aufweisen.<\/p>\n<p data-path-to-node=\"5\">Jedes Armband wird mit der Originalverpackung von Tamashii und einer Echtheitserkl\u00e4rung geliefert.<\/p>\n","protected":false},"excerpt":{"rendered":"<p>Ein Accessoire, das einem hilft, mit Weisheit und Entschlossenheit zu handeln.<\/p>\n","protected":false},"featured_media":212464,"comment_status":"open","ping_status":"closed","template":"","meta":[],"product_brand":[],"product_cat":[6318],"product_tag":[],"class_list":{"0":"post-214636","1":"product","2":"type-product","3":"status-publish","4":"has-post-thumbnail","6":"product_cat-tamashii","8":"first","9":"instock","10":"taxable","11":"shipping-taxable","12":"purchasable","13":"product-type-simple"},"exclude_global_add_ons":[],"addons":[],"df_price":69,"df_sale_price":"","df_regular_price":69,"df_image_link":"https:\/\/cdn02.fabioferro.eu\/wp-content\/uploads\/bracciale-tamashii-tibetano-ruota-della-preghiera-con-agata-verde.jpg","_links":{"self":[{"href":"https:\/\/www.fabioferro.eu\/de\/wp-json\/wp\/v2\/product\/214636","targetHints":{"allow":["GET"]}}],"collection":[{"href":"https:\/\/www.fabioferro.eu\/de\/wp-json\/wp\/v2\/product"}],"about":[{"href":"https:\/\/www.fabioferro.eu\/de\/wp-json\/wp\/v2\/types\/product"}],"replies":[{"embeddable":true,"href":"https:\/\/www.fabioferro.eu\/de\/wp-json\/wp\/v2\/comments?post=214636"}],"version-history":[{"count":0,"href":"https:\/\/www.fabioferro.eu\/de\/wp-json\/wp\/v2\/product\/214636\/revisions"}],"wp:featuredmedia":[{"embeddable":true,"href":"https:\/\/www.fabioferro.eu\/de\/wp-json\/wp\/v2\/media\/212464"}],"wp:attachment":[{"href":"https:\/\/www.fabioferro.eu\/de\/wp-json\/wp\/v2\/media?parent=214636"}],"wp:term":[{"taxonomy":"product_brand","embeddable":true,"href":"https:\/\/www.fabioferro.eu\/de\/wp-json\/wp\/v2\/product_brand?post=214636"},{"taxonomy":"product_cat","embeddable":true,"href":"https:\/\/www.fabioferro.eu\/de\/wp-json\/wp\/v2\/product_cat?post=214636"},{"taxonomy":"product_tag","embeddable":true,"href":"https:\/\/www.fabioferro.eu\/de\/wp-json\/wp\/v2\/product_tag?post=214636"}],"curies":[{"name":"wp","href":"https:\/\/api.w.org\/{rel}","templated":true}]}}