{"id":214637,"date":"2026-03-12T15:16:58","date_gmt":"2026-03-12T14:16:58","guid":{"rendered":"https:\/\/www.fabioferro.eu\/tamashii-tibetisches-gebetsrad-armband-mit-blauem-achat.html"},"modified":"2026-03-12T15:16:58","modified_gmt":"2026-03-12T14:16:58","slug":"tamashii-tibetisches-gebetsrad-armband-mit-blauem-achat","status":"publish","type":"product","link":"https:\/\/www.fabioferro.eu\/de\/tamashii-tibetisches-gebetsrad-armband-mit-blauem-achat.html","title":{"rendered":"Tamashii Tibetisches Gebetsrad-Armband mit blauem Achat"},"content":{"rendered":"<p data-path-to-node=\"0\">Unisex Tamashii-Armband aus blauem Achat, das von buddhistischen M\u00f6nchen gesegnet wurde.<\/p>\n<p data-path-to-node=\"2\">Der blaue Achat ist die heiligste Farbe im Buddhismus, ein Symbol f\u00fcr spirituellen Aufstieg, Reinheit und tiefen Frieden. Dieser Stein ist ein m\u00e4chtiger Verb\u00fcndeter f\u00fcr alle, die nach Weisheit und Wahrheit suchen, denn er hilft dabei, Wut zu unterdr\u00fccken, indem er sie in Bewusstsein umwandelt, und f\u00f6rdert ein klares und authentisches geistiges und hingebungsvolles Leben. <\/p>\n<p data-path-to-node=\"3\">Die nat\u00fcrlichen Achatsteine haben einen Durchmesser von 6 mm und die Kordel l\u00e4sst sich \u00fcber die Schlaufen leicht an jedes Handgelenk anpassen.<\/p>\n<p data-path-to-node=\"3\">Das Schmuckst\u00fcck besteht aus einer 925\/1000 Silberkugel, in die das heilige Mantra &#8216;Om Mani Padme H\u016bm&#8217; von Cenresig, dem Buddha des Mitgef\u00fchls, eingraviert ist.<\/p>\n<p data-path-to-node=\"4\">Da es sich um ein handgefertigtes Produkt handelt, ist jedes St\u00fcck einzigartig und kann leichte Farbabweichungen aufweisen.<\/p>\n<p data-path-to-node=\"5\">Jedes Armband wird mit der Originalverpackung von Tamashii und einer Echtheitserkl\u00e4rung geliefert.<\/p>\n","protected":false},"excerpt":{"rendered":"<p>Ein Armband, das an Reinheit und die heiligste Farbe des Buddhismus erinnert.<\/p>\n","protected":false},"featured_media":212502,"comment_status":"open","ping_status":"closed","template":"","meta":[],"product_brand":[],"product_cat":[6318],"product_tag":[],"class_list":{"0":"post-214637","1":"product","2":"type-product","3":"status-publish","4":"has-post-thumbnail","6":"product_cat-tamashii","8":"first","9":"instock","10":"taxable","11":"shipping-taxable","12":"purchasable","13":"product-type-simple"},"exclude_global_add_ons":[],"addons":[],"df_price":69,"df_sale_price":"","df_regular_price":69,"df_image_link":"https:\/\/cdn02.fabioferro.eu\/wp-content\/uploads\/bracciale-tamashii-tibetano-ruota-della-preghiera-con-agata-blu.jpg","_links":{"self":[{"href":"https:\/\/www.fabioferro.eu\/de\/wp-json\/wp\/v2\/product\/214637","targetHints":{"allow":["GET"]}}],"collection":[{"href":"https:\/\/www.fabioferro.eu\/de\/wp-json\/wp\/v2\/product"}],"about":[{"href":"https:\/\/www.fabioferro.eu\/de\/wp-json\/wp\/v2\/types\/product"}],"replies":[{"embeddable":true,"href":"https:\/\/www.fabioferro.eu\/de\/wp-json\/wp\/v2\/comments?post=214637"}],"version-history":[{"count":0,"href":"https:\/\/www.fabioferro.eu\/de\/wp-json\/wp\/v2\/product\/214637\/revisions"}],"wp:featuredmedia":[{"embeddable":true,"href":"https:\/\/www.fabioferro.eu\/de\/wp-json\/wp\/v2\/media\/212502"}],"wp:attachment":[{"href":"https:\/\/www.fabioferro.eu\/de\/wp-json\/wp\/v2\/media?parent=214637"}],"wp:term":[{"taxonomy":"product_brand","embeddable":true,"href":"https:\/\/www.fabioferro.eu\/de\/wp-json\/wp\/v2\/product_brand?post=214637"},{"taxonomy":"product_cat","embeddable":true,"href":"https:\/\/www.fabioferro.eu\/de\/wp-json\/wp\/v2\/product_cat?post=214637"},{"taxonomy":"product_tag","embeddable":true,"href":"https:\/\/www.fabioferro.eu\/de\/wp-json\/wp\/v2\/product_tag?post=214637"}],"curies":[{"name":"wp","href":"https:\/\/api.w.org\/{rel}","templated":true}]}}