{"id":214640,"date":"2026-03-12T15:16:57","date_gmt":"2026-03-12T14:16:57","guid":{"rendered":"https:\/\/www.fabioferro.eu\/tamashii-tibetisches-gebetsrad-armband-mit-himmelblauer-jade.html"},"modified":"2026-03-12T15:16:57","modified_gmt":"2026-03-12T14:16:57","slug":"tamashii-tibetisches-gebetsrad-armband-mit-himmelblauer-jade","status":"publish","type":"product","link":"https:\/\/www.fabioferro.eu\/de\/tamashii-tibetisches-gebetsrad-armband-mit-himmelblauer-jade.html","title":{"rendered":"Tamashii Tibetisches Gebetsrad-Armband mit himmelblauer Jade"},"content":{"rendered":"<p data-path-to-node=\"0\">Tibetisches Tamashii-Armband aus himmelblauer Jade, gesegnet von buddhistischen M\u00f6nchen.<\/p>\n<p data-path-to-node=\"2\">Jade in ihrem hellen himmelblauen Farbton wird zu einer Br\u00fccke in die Welt der Tr\u00e4ume: Sie ist der ideale Begleiter f\u00fcr diejenigen, die ihre Visionen deuten und die Kraft finden m\u00f6chten, ihre tiefsten Tr\u00e4ume zu verfolgen und zu verwirklichen.<\/p>\n<p data-path-to-node=\"2\">Das Armband ist mit einer 925\/1000 Silberkugel verziert, in die das Mantra &#8216;Om Mani Padme H\u016bm&#8217; eingraviert ist, die Anrufung, die Cenresig, dem Buddha des Mitgef\u00fchls, gewidmet ist.<\/p>\n<p data-path-to-node=\"3\">Die Jadesteine haben einen Durchmesser von 6 mm und das Schl\u00fcsselband ist dank der Schlitze leicht verstellbar und passt so an jedes Handgelenk.<\/p>\n<p data-path-to-node=\"4\">Da es sich um ein handgefertigtes Produkt handelt, ist jedes St\u00fcck einzigartig und kann leichte Farbabweichungen aufweisen.<\/p>\n<p data-path-to-node=\"5\">Jedes Armband wird mit der Originalverpackung von Tamashii und einer Echtheitserkl\u00e4rung geliefert.<\/p>\n","protected":false},"excerpt":{"rendered":"<p>Ein Amulett, das die edlen Ideale der Aufrichtigkeit und des Wohlwollens verk\u00f6rpert.<\/p>\n","protected":false},"featured_media":212509,"comment_status":"open","ping_status":"closed","template":"","meta":[],"product_brand":[],"product_cat":[6318],"product_tag":[],"class_list":{"0":"post-214640","1":"product","2":"type-product","3":"status-publish","4":"has-post-thumbnail","6":"product_cat-tamashii","8":"first","9":"instock","10":"taxable","11":"shipping-taxable","12":"purchasable","13":"product-type-simple"},"exclude_global_add_ons":[],"addons":[],"df_price":69,"df_sale_price":"","df_regular_price":69,"df_image_link":"https:\/\/cdn02.fabioferro.eu\/wp-content\/uploads\/bracciale-tamashii-tibetano-ruota-della-preghiera-con-giada-sky-blue.jpg","_links":{"self":[{"href":"https:\/\/www.fabioferro.eu\/de\/wp-json\/wp\/v2\/product\/214640","targetHints":{"allow":["GET"]}}],"collection":[{"href":"https:\/\/www.fabioferro.eu\/de\/wp-json\/wp\/v2\/product"}],"about":[{"href":"https:\/\/www.fabioferro.eu\/de\/wp-json\/wp\/v2\/types\/product"}],"replies":[{"embeddable":true,"href":"https:\/\/www.fabioferro.eu\/de\/wp-json\/wp\/v2\/comments?post=214640"}],"version-history":[{"count":0,"href":"https:\/\/www.fabioferro.eu\/de\/wp-json\/wp\/v2\/product\/214640\/revisions"}],"wp:featuredmedia":[{"embeddable":true,"href":"https:\/\/www.fabioferro.eu\/de\/wp-json\/wp\/v2\/media\/212509"}],"wp:attachment":[{"href":"https:\/\/www.fabioferro.eu\/de\/wp-json\/wp\/v2\/media?parent=214640"}],"wp:term":[{"taxonomy":"product_brand","embeddable":true,"href":"https:\/\/www.fabioferro.eu\/de\/wp-json\/wp\/v2\/product_brand?post=214640"},{"taxonomy":"product_cat","embeddable":true,"href":"https:\/\/www.fabioferro.eu\/de\/wp-json\/wp\/v2\/product_cat?post=214640"},{"taxonomy":"product_tag","embeddable":true,"href":"https:\/\/www.fabioferro.eu\/de\/wp-json\/wp\/v2\/product_tag?post=214640"}],"curies":[{"name":"wp","href":"https:\/\/api.w.org\/{rel}","templated":true}]}}