{"id":214641,"date":"2026-03-12T15:16:58","date_gmt":"2026-03-12T14:16:58","guid":{"rendered":"https:\/\/www.fabioferro.eu\/tamashii-tibetisches-gebetsrad-armband-mit-gruener-wasser-jade.html"},"modified":"2026-03-12T15:16:58","modified_gmt":"2026-03-12T14:16:58","slug":"tamashii-tibetisches-gebetsrad-armband-mit-gruener-wasser-jade","status":"publish","type":"product","link":"https:\/\/www.fabioferro.eu\/de\/tamashii-tibetisches-gebetsrad-armband-mit-gruener-wasser-jade.html","title":{"rendered":"Tamashii Tibetisches Gebetsrad-Armband mit gr\u00fcner Wasser-Jade"},"content":{"rendered":"<p data-path-to-node=\"3\">Ein kostbares tibetisches Tamashii-Armband aus der Gebetsrad-Linie, bestehend aus nat\u00fcrlichen, blaugr\u00fcnen Jadesteinen, die von buddhistischen M\u00f6nchen gesegnet wurden.<\/p>\n<p data-path-to-node=\"4\">Das Schmuckst\u00fcck ist mit einer 925\/1000 Silberkugel verziert, in die das Mantra &#8216;Om Mani Padme H\u016bm&#8217; eingraviert ist, die heilige Anrufung des Buddha des Mitgef\u00fchls, Cenresig.<\/p>\n<p data-path-to-node=\"5\">Jade, die seit Jahrtausenden als Gl\u00fccksstein gefeiert wird, verk\u00f6rpert die elf von Konfuzius gepriesenen Tugenden, darunter Aufrichtigkeit, Treue und Wohlwollen. In seiner zarten, aquamaringr\u00fcnen Variante ist dieser Stein daf\u00fcr bekannt, Reisenden Schutz zu bieten und in reifen Liebesbeziehungen Stabilit\u00e4t und Unterst\u00fctzung zu vermitteln und ein Gef\u00fchl von Frieden und Ausgeglichenheit zu f\u00f6rdern. <\/p>\n<p data-path-to-node=\"6\">Die Jadesteine haben einen Durchmesser von 6 mm und die Kordel ist leicht verstellbar, so dass sie sich jedem Handgelenk genau anpasst.<\/p>\n<p data-path-to-node=\"7\">Da es sich um ein handgefertigtes Produkt handelt, ist jedes St\u00fcck einzigartig und kann leichte Farbabweichungen aufweisen.<\/p>\n<p data-path-to-node=\"8\">Jedes Armband wird mit der Originalverpackung von Tamashii und einer Echtheitserkl\u00e4rung geliefert.<\/p>\n","protected":false},"excerpt":{"rendered":"<p>Ein Accessoire, das ein Gef\u00fchl der inneren Ruhe und Ausgeglichenheit f\u00f6rdert.<\/p>\n","protected":false},"featured_media":212489,"comment_status":"open","ping_status":"closed","template":"","meta":[],"product_brand":[],"product_cat":[6318],"product_tag":[],"class_list":{"0":"post-214641","1":"product","2":"type-product","3":"status-publish","4":"has-post-thumbnail","6":"product_cat-tamashii","8":"first","9":"instock","10":"taxable","11":"shipping-taxable","12":"purchasable","13":"product-type-simple"},"exclude_global_add_ons":[],"addons":[],"df_price":69,"df_sale_price":"","df_regular_price":69,"df_image_link":"https:\/\/cdn02.fabioferro.eu\/wp-content\/uploads\/bracciale-tamashii-tibetano-ruota-della-preghiera-con-giada-verde-acqua.jpg","_links":{"self":[{"href":"https:\/\/www.fabioferro.eu\/de\/wp-json\/wp\/v2\/product\/214641","targetHints":{"allow":["GET"]}}],"collection":[{"href":"https:\/\/www.fabioferro.eu\/de\/wp-json\/wp\/v2\/product"}],"about":[{"href":"https:\/\/www.fabioferro.eu\/de\/wp-json\/wp\/v2\/types\/product"}],"replies":[{"embeddable":true,"href":"https:\/\/www.fabioferro.eu\/de\/wp-json\/wp\/v2\/comments?post=214641"}],"version-history":[{"count":0,"href":"https:\/\/www.fabioferro.eu\/de\/wp-json\/wp\/v2\/product\/214641\/revisions"}],"wp:featuredmedia":[{"embeddable":true,"href":"https:\/\/www.fabioferro.eu\/de\/wp-json\/wp\/v2\/media\/212489"}],"wp:attachment":[{"href":"https:\/\/www.fabioferro.eu\/de\/wp-json\/wp\/v2\/media?parent=214641"}],"wp:term":[{"taxonomy":"product_brand","embeddable":true,"href":"https:\/\/www.fabioferro.eu\/de\/wp-json\/wp\/v2\/product_brand?post=214641"},{"taxonomy":"product_cat","embeddable":true,"href":"https:\/\/www.fabioferro.eu\/de\/wp-json\/wp\/v2\/product_cat?post=214641"},{"taxonomy":"product_tag","embeddable":true,"href":"https:\/\/www.fabioferro.eu\/de\/wp-json\/wp\/v2\/product_tag?post=214641"}],"curies":[{"name":"wp","href":"https:\/\/api.w.org\/{rel}","templated":true}]}}