{"id":214646,"date":"2026-03-12T15:16:57","date_gmt":"2026-03-12T14:16:57","guid":{"rendered":"https:\/\/www.fabioferro.eu\/tamashii-tibetisches-gebetsrad-armband-mit-naturperle.html"},"modified":"2026-03-12T15:16:57","modified_gmt":"2026-03-12T14:16:57","slug":"tamashii-tibetisches-gebetsrad-armband-mit-naturperle","status":"publish","type":"product","link":"https:\/\/www.fabioferro.eu\/de\/tamashii-tibetisches-gebetsrad-armband-mit-naturperle.html","title":{"rendered":"Tamashii Tibetisches Gebetsrad Armband mit Naturperle"},"content":{"rendered":"<p data-path-to-node=\"1\">Tibetisches Tamashii-Armband aus nat\u00fcrlichen Perlen, gesegnet von buddhistischen M\u00f6nchen.<\/p>\n<p data-path-to-node=\"1\">Naturperlen bewahren den Tr\u00e4ger und erm\u00f6glichen es ihm, eine stabile Stimmung zu entwickeln. Sie f\u00f6rdern die Arbeit an sich selbst, um Loyalit\u00e4t und Authentizit\u00e4t zu st\u00e4rken. <\/p>\n<p data-path-to-node=\"3\">Da es sich um ein handgefertigtes Produkt handelt, ist jedes St\u00fcck einzigartig und kann leichte Farbabweichungen aufweisen.<\/p>\n<p data-path-to-node=\"3\">Die nat\u00fcrlichen Perlen haben einen Durchmesser von 6 mm und das Band l\u00e4sst sich dank der Schlitze leicht verstellen und passt so elegant an jedes Handgelenk.<\/p>\n<p data-path-to-node=\"4\">Jedes Armband wird mit der Originalverpackung von Tamashii und einer Echtheitserkl\u00e4rung geliefert.<\/p>\n","protected":false},"excerpt":{"rendered":"<p>Original tibetisches Tamashii-Armband aus Naturperle.<\/p>\n","protected":false},"featured_media":212517,"comment_status":"open","ping_status":"closed","template":"","meta":[],"product_brand":[],"product_cat":[6318],"product_tag":[],"class_list":{"0":"post-214646","1":"product","2":"type-product","3":"status-publish","4":"has-post-thumbnail","6":"product_cat-tamashii","8":"first","9":"instock","10":"taxable","11":"shipping-taxable","12":"purchasable","13":"product-type-simple"},"exclude_global_add_ons":[],"addons":[],"df_price":79,"df_sale_price":"","df_regular_price":79,"df_image_link":"https:\/\/cdn02.fabioferro.eu\/wp-content\/uploads\/bracciale-tamashii-tibetano-ruota-della-preghiera-con-perla-naturale.jpg","_links":{"self":[{"href":"https:\/\/www.fabioferro.eu\/de\/wp-json\/wp\/v2\/product\/214646","targetHints":{"allow":["GET"]}}],"collection":[{"href":"https:\/\/www.fabioferro.eu\/de\/wp-json\/wp\/v2\/product"}],"about":[{"href":"https:\/\/www.fabioferro.eu\/de\/wp-json\/wp\/v2\/types\/product"}],"replies":[{"embeddable":true,"href":"https:\/\/www.fabioferro.eu\/de\/wp-json\/wp\/v2\/comments?post=214646"}],"version-history":[{"count":0,"href":"https:\/\/www.fabioferro.eu\/de\/wp-json\/wp\/v2\/product\/214646\/revisions"}],"wp:featuredmedia":[{"embeddable":true,"href":"https:\/\/www.fabioferro.eu\/de\/wp-json\/wp\/v2\/media\/212517"}],"wp:attachment":[{"href":"https:\/\/www.fabioferro.eu\/de\/wp-json\/wp\/v2\/media?parent=214646"}],"wp:term":[{"taxonomy":"product_brand","embeddable":true,"href":"https:\/\/www.fabioferro.eu\/de\/wp-json\/wp\/v2\/product_brand?post=214646"},{"taxonomy":"product_cat","embeddable":true,"href":"https:\/\/www.fabioferro.eu\/de\/wp-json\/wp\/v2\/product_cat?post=214646"},{"taxonomy":"product_tag","embeddable":true,"href":"https:\/\/www.fabioferro.eu\/de\/wp-json\/wp\/v2\/product_tag?post=214646"}],"curies":[{"name":"wp","href":"https:\/\/api.w.org\/{rel}","templated":true}]}}