{"id":214649,"date":"2026-03-12T15:16:44","date_gmt":"2026-03-12T14:16:44","guid":{"rendered":"https:\/\/www.fabioferro.eu\/tamashii-armband-tibetanische-haende-steine-tigerauge-braun.html"},"modified":"2026-03-12T15:16:44","modified_gmt":"2026-03-12T14:16:44","slug":"tamashii-armband-tibetanische-haende-steine-tigerauge-braun","status":"publish","type":"product","link":"https:\/\/www.fabioferro.eu\/de\/tamashii-armband-tibetanische-haende-steine-tigerauge-braun.html","title":{"rendered":"Tamashii Armband Tibetanische H\u00e4nde Steine Tigerauge Braun"},"content":{"rendered":"<p data-path-to-node=\"0\">Tamashii-Armband mit 8 mm gro\u00dfen Tigerauge-Steinen, die jeweils mit Silberstaub graviert und von buddhistischen M\u00f6nchen gesegnet wurden.<\/p>\n<p data-path-to-node=\"1\">Die Sanskrit-Symbole geben das heilige Mantra des universellen Mitgef\u00fchls &#8216;Om Mani Padme H\u016bm&#8217; wieder.<\/p>\n<p data-path-to-node=\"2\">Das Tigerauge ist der Stein der Selbstbest\u00e4tigung. Er hilft dem Tr\u00e4ger, konzentriert und in Kontakt mit seiner pers\u00f6nlichen Kraft zu bleiben. Er verleiht Selbstvertrauen, Entschlossenheit und die n\u00f6tige Kampfkraft, um den t\u00e4glichen Herausforderungen mit Ausgeglichenheit und Zentriertheit zu begegnen.  <\/p>\n<p data-path-to-node=\"3\">Der Kordelzug l\u00e4sst sich \u00fcber \u00d6sen leicht verstellen und passt sich so bequem jedem Handgelenk an.<\/p>\n<p data-path-to-node=\"4\">Da es sich um ein handgefertigtes Produkt handelt, ist jedes St\u00fcck einzigartig und kann leichte Farbabweichungen aufweisen.<\/p>\n<p data-path-to-node=\"5\">Jedes Armband wird mit der Originalverpackung von Tamashii und einer Echtheitserkl\u00e4rung geliefert.<\/p>\n","protected":false},"excerpt":{"rendered":"<p>Konzentrieren Sie sich auf Ihre Ziele, indem Sie in st\u00e4ndigem Kontakt mit Ihrer pers\u00f6nlichen Kraft bleiben.<\/p>\n","protected":false},"featured_media":213058,"comment_status":"open","ping_status":"closed","template":"","meta":[],"product_brand":[],"product_cat":[6318],"product_tag":[],"class_list":{"0":"post-214649","1":"product","2":"type-product","3":"status-publish","4":"has-post-thumbnail","6":"product_cat-tamashii","8":"first","9":"instock","10":"taxable","11":"shipping-taxable","12":"purchasable","13":"product-type-simple"},"exclude_global_add_ons":[],"addons":[],"df_price":45,"df_sale_price":"","df_regular_price":45,"df_image_link":"https:\/\/cdn02.fabioferro.eu\/wp-content\/uploads\/bracciale-tamashii-tibetano-mani-stones-occhio-di-tigre-marrone.jpg","_links":{"self":[{"href":"https:\/\/www.fabioferro.eu\/de\/wp-json\/wp\/v2\/product\/214649","targetHints":{"allow":["GET"]}}],"collection":[{"href":"https:\/\/www.fabioferro.eu\/de\/wp-json\/wp\/v2\/product"}],"about":[{"href":"https:\/\/www.fabioferro.eu\/de\/wp-json\/wp\/v2\/types\/product"}],"replies":[{"embeddable":true,"href":"https:\/\/www.fabioferro.eu\/de\/wp-json\/wp\/v2\/comments?post=214649"}],"version-history":[{"count":0,"href":"https:\/\/www.fabioferro.eu\/de\/wp-json\/wp\/v2\/product\/214649\/revisions"}],"wp:featuredmedia":[{"embeddable":true,"href":"https:\/\/www.fabioferro.eu\/de\/wp-json\/wp\/v2\/media\/213058"}],"wp:attachment":[{"href":"https:\/\/www.fabioferro.eu\/de\/wp-json\/wp\/v2\/media?parent=214649"}],"wp:term":[{"taxonomy":"product_brand","embeddable":true,"href":"https:\/\/www.fabioferro.eu\/de\/wp-json\/wp\/v2\/product_brand?post=214649"},{"taxonomy":"product_cat","embeddable":true,"href":"https:\/\/www.fabioferro.eu\/de\/wp-json\/wp\/v2\/product_cat?post=214649"},{"taxonomy":"product_tag","embeddable":true,"href":"https:\/\/www.fabioferro.eu\/de\/wp-json\/wp\/v2\/product_tag?post=214649"}],"curies":[{"name":"wp","href":"https:\/\/api.w.org\/{rel}","templated":true}]}}