{"id":214656,"date":"2026-03-12T15:16:46","date_gmt":"2026-03-12T14:16:46","guid":{"rendered":"https:\/\/www.fabioferro.eu\/tamashii-armband-tibetanische-haende-steine-achat-rot-passion.html"},"modified":"2026-03-12T15:16:46","modified_gmt":"2026-03-12T14:16:46","slug":"tamashii-armband-tibetanische-haende-steine-achat-rot-passion","status":"publish","type":"product","link":"https:\/\/www.fabioferro.eu\/de\/tamashii-armband-tibetanische-haende-steine-achat-rot-passion.html","title":{"rendered":"Tamashii Armband Tibetanische H\u00e4nde Steine Achat Rot Passion"},"content":{"rendered":"<p data-path-to-node=\"0\">Tamashii-Armband, das leidenschaftlichen roten Achat mit der klassischen braunen Kordel kombiniert, die von buddhistischen M\u00f6nchen gesegnet wurde.<\/p>\n<p data-path-to-node=\"1\">Die Version zeichnet sich durch ihre 8 mm gro\u00dfen Steine aus, die jeweils mit Silberpulver graviert sind. Die Sanskrit-Symbole geben das heilige Mantra des universellen Mitgef\u00fchls &#8216;Om Mani Padme H\u016bm&#8217; wieder. <\/p>\n<p data-path-to-node=\"2\">Der rote Achat von Passion ist mit dem Element Feuer verbunden und setzt eine tiefe positive Energie frei. Er vermittelt Schutz, Sicherheit und stimuliert die innere Vitalit\u00e4t. Dieses Tamashii inspiriert den Tr\u00e4ger dazu, seine eigene Wahrheit zu suchen und gibt ihm den Mut und die Leidenschaft, die er f\u00fcr jede Herausforderung braucht.  <\/p>\n<p data-path-to-node=\"4\">Da es sich um ein handgefertigtes Produkt handelt, ist jedes St\u00fcck einzigartig und kann leichte Farbabweichungen aufweisen.<\/p>\n<p data-path-to-node=\"5\">Jedes Armband wird mit der Originalverpackung von Tamashii und einer Echtheitserkl\u00e4rung geliefert.<\/p>\n","protected":false},"excerpt":{"rendered":"<p>Setzen Sie die tiefe positive Energie des Feuers frei, um Ihre t\u00e4glichen Herausforderungen zu meistern.<\/p>\n","protected":false},"featured_media":212995,"comment_status":"open","ping_status":"closed","template":"","meta":[],"product_brand":[],"product_cat":[6318],"product_tag":[],"class_list":{"0":"post-214656","1":"product","2":"type-product","3":"status-publish","4":"has-post-thumbnail","6":"product_cat-tamashii","8":"first","9":"instock","10":"taxable","11":"shipping-taxable","12":"purchasable","13":"product-type-simple"},"exclude_global_add_ons":[],"addons":[],"df_price":45,"df_sale_price":"","df_regular_price":45,"df_image_link":"https:\/\/cdn02.fabioferro.eu\/wp-content\/uploads\/bracciale-tamashii-tibetano-mani-stones-agata-rosso-passione.jpg","_links":{"self":[{"href":"https:\/\/www.fabioferro.eu\/de\/wp-json\/wp\/v2\/product\/214656","targetHints":{"allow":["GET"]}}],"collection":[{"href":"https:\/\/www.fabioferro.eu\/de\/wp-json\/wp\/v2\/product"}],"about":[{"href":"https:\/\/www.fabioferro.eu\/de\/wp-json\/wp\/v2\/types\/product"}],"replies":[{"embeddable":true,"href":"https:\/\/www.fabioferro.eu\/de\/wp-json\/wp\/v2\/comments?post=214656"}],"version-history":[{"count":0,"href":"https:\/\/www.fabioferro.eu\/de\/wp-json\/wp\/v2\/product\/214656\/revisions"}],"wp:featuredmedia":[{"embeddable":true,"href":"https:\/\/www.fabioferro.eu\/de\/wp-json\/wp\/v2\/media\/212995"}],"wp:attachment":[{"href":"https:\/\/www.fabioferro.eu\/de\/wp-json\/wp\/v2\/media?parent=214656"}],"wp:term":[{"taxonomy":"product_brand","embeddable":true,"href":"https:\/\/www.fabioferro.eu\/de\/wp-json\/wp\/v2\/product_brand?post=214656"},{"taxonomy":"product_cat","embeddable":true,"href":"https:\/\/www.fabioferro.eu\/de\/wp-json\/wp\/v2\/product_cat?post=214656"},{"taxonomy":"product_tag","embeddable":true,"href":"https:\/\/www.fabioferro.eu\/de\/wp-json\/wp\/v2\/product_tag?post=214656"}],"curies":[{"name":"wp","href":"https:\/\/api.w.org\/{rel}","templated":true}]}}