{"id":215302,"date":"2026-04-09T11:15:40","date_gmt":"2026-04-09T09:15:40","guid":{"rendered":"https:\/\/www.fabioferro.eu\/giovanni-raspini-perlage-doppio-cuore-halskette.html"},"modified":"2026-04-09T11:20:53","modified_gmt":"2026-04-09T09:20:53","slug":"giovanni-raspini-perlage-doppio-cuore-halskette","status":"publish","type":"product","link":"https:\/\/www.fabioferro.eu\/de\/giovanni-raspini-perlage-doppio-cuore-halskette.html","title":{"rendered":"Giovanni Raspini Perlage Doppio Cuore Halskette"},"content":{"rendered":"<p data-path-to-node=\"1\">Giovanni Raspini Halskette komplett aus 925er Silber mit typischer Perlagearbeit.<\/p>\n<p data-path-to-node=\"1\">Das Schmuckst\u00fcck hat einen doppelten herzf\u00f6rmigen Anh\u00e4nger, der ebenfalls fein gearbeitet ist.<\/p>\n<p data-path-to-node=\"1\">Gesamtl\u00e4nge von 44 cm f\u00fcr eine perfekte Passform.<\/p>\n<p data-path-to-node=\"2\">Ein Schmuckst\u00fcck mit einem romantischen Design, das bis ins kleinste Detail handgefertigt und mit dem Logo der Marke personalisiert ist.<\/p>\n<p data-path-to-node=\"2\">Handgefertigt in Italien, Hergestellt in Italien.<\/p>\n<p data-path-to-node=\"3\">Mit Box und offizieller Garantie von Giovanni Raspini.<\/p>\n","protected":false},"excerpt":{"rendered":"<p>Der perfekte Gedanke, um eine tiefe und wahre Bindung zu feiern.<\/p>\n","protected":false},"featured_media":214822,"comment_status":"open","ping_status":"closed","template":"","meta":[],"product_brand":[],"product_cat":[7568],"product_tag":[7551],"class_list":{"0":"post-215302","1":"product","2":"type-product","3":"status-publish","4":"has-post-thumbnail","6":"product_cat-giovanni-raspini-halsketten","7":"product_tag-ausschlusse","9":"first","10":"instock","11":"taxable","12":"shipping-taxable","13":"purchasable","14":"product-type-simple"},"exclude_global_add_ons":[],"addons":[],"df_price":190,"df_sale_price":"","df_regular_price":190,"df_image_link":"https:\/\/cdn02.fabioferro.eu\/wp-content\/uploads\/collana-giovanni-raspini-perlage-doppio-cuore.jpg","_links":{"self":[{"href":"https:\/\/www.fabioferro.eu\/de\/wp-json\/wp\/v2\/product\/215302","targetHints":{"allow":["GET"]}}],"collection":[{"href":"https:\/\/www.fabioferro.eu\/de\/wp-json\/wp\/v2\/product"}],"about":[{"href":"https:\/\/www.fabioferro.eu\/de\/wp-json\/wp\/v2\/types\/product"}],"replies":[{"embeddable":true,"href":"https:\/\/www.fabioferro.eu\/de\/wp-json\/wp\/v2\/comments?post=215302"}],"version-history":[{"count":1,"href":"https:\/\/www.fabioferro.eu\/de\/wp-json\/wp\/v2\/product\/215302\/revisions"}],"predecessor-version":[{"id":215303,"href":"https:\/\/www.fabioferro.eu\/de\/wp-json\/wp\/v2\/product\/215302\/revisions\/215303"}],"wp:featuredmedia":[{"embeddable":true,"href":"https:\/\/www.fabioferro.eu\/de\/wp-json\/wp\/v2\/media\/214822"}],"wp:attachment":[{"href":"https:\/\/www.fabioferro.eu\/de\/wp-json\/wp\/v2\/media?parent=215302"}],"wp:term":[{"taxonomy":"product_brand","embeddable":true,"href":"https:\/\/www.fabioferro.eu\/de\/wp-json\/wp\/v2\/product_brand?post=215302"},{"taxonomy":"product_cat","embeddable":true,"href":"https:\/\/www.fabioferro.eu\/de\/wp-json\/wp\/v2\/product_cat?post=215302"},{"taxonomy":"product_tag","embeddable":true,"href":"https:\/\/www.fabioferro.eu\/de\/wp-json\/wp\/v2\/product_tag?post=215302"}],"curies":[{"name":"wp","href":"https:\/\/api.w.org\/{rel}","templated":true}]}}