{"id":215305,"date":"2026-04-09T11:15:46","date_gmt":"2026-04-09T09:15:46","guid":{"rendered":"https:\/\/www.fabioferro.eu\/giovanni-raspini-mini-gaensebluemchen-armband.html"},"modified":"2026-04-09T11:15:46","modified_gmt":"2026-04-09T09:15:46","slug":"giovanni-raspini-mini-gaensebluemchen-armband","status":"publish","type":"product","link":"https:\/\/www.fabioferro.eu\/de\/giovanni-raspini-mini-gaensebluemchen-armband.html","title":{"rendered":"Giovanni Raspini Mini G\u00e4nsebl\u00fcmchen Armband"},"content":{"rendered":"<p data-path-to-node=\"4\">Giovanni Raspini Armband aus 925er Sterlingsilber.<\/p>\n<p data-path-to-node=\"5\">Ein von der Natur inspiriertes Armband, das die Umrisse einiger G\u00e4nsebl\u00fcmchen mit einem sehr detaillierten Relief nachbildet.<\/p>\n<p data-path-to-node=\"5\">Ein leichtes und helles Accessoire, ideal f\u00fcr alle, die ein dezentes und doch charaktervolles florales Detail suchen.<\/p>\n<p data-path-to-node=\"6\">Gesamtl\u00e4nge von 19 cm mit der M\u00f6glichkeit, die L\u00e4nge mit Hilfe von speziellen Ringen anzupassen.<\/p>\n<p data-path-to-node=\"6\">Vollst\u00e4ndig handgefertigt in Italien, Made in Italy.<\/p>\n<p data-path-to-node=\"7\">Mit Box und offizieller Garantie von Giovanni Raspini.<\/p>\n","protected":false},"excerpt":{"rendered":"<p>Eine Reihe kleiner G\u00e4nsebl\u00fcmchen, die an Ihrem Handgelenk bl\u00fchen.<\/p>\n","protected":false},"featured_media":214792,"comment_status":"open","ping_status":"closed","template":"","meta":[],"product_brand":[],"product_cat":[7569],"product_tag":[7551],"class_list":{"0":"post-215305","1":"product","2":"type-product","3":"status-publish","4":"has-post-thumbnail","6":"product_cat-armbander-giovanni-raspini","7":"product_tag-ausschlusse","9":"first","10":"instock","11":"taxable","12":"shipping-taxable","13":"purchasable","14":"product-type-simple"},"exclude_global_add_ons":[],"addons":[],"df_price":220,"df_sale_price":"","df_regular_price":220,"df_image_link":"https:\/\/cdn02.fabioferro.eu\/wp-content\/uploads\/bracciale-giovanni-raspini-mini-margherite.jpg","_links":{"self":[{"href":"https:\/\/www.fabioferro.eu\/de\/wp-json\/wp\/v2\/product\/215305","targetHints":{"allow":["GET"]}}],"collection":[{"href":"https:\/\/www.fabioferro.eu\/de\/wp-json\/wp\/v2\/product"}],"about":[{"href":"https:\/\/www.fabioferro.eu\/de\/wp-json\/wp\/v2\/types\/product"}],"replies":[{"embeddable":true,"href":"https:\/\/www.fabioferro.eu\/de\/wp-json\/wp\/v2\/comments?post=215305"}],"version-history":[{"count":0,"href":"https:\/\/www.fabioferro.eu\/de\/wp-json\/wp\/v2\/product\/215305\/revisions"}],"wp:featuredmedia":[{"embeddable":true,"href":"https:\/\/www.fabioferro.eu\/de\/wp-json\/wp\/v2\/media\/214792"}],"wp:attachment":[{"href":"https:\/\/www.fabioferro.eu\/de\/wp-json\/wp\/v2\/media?parent=215305"}],"wp:term":[{"taxonomy":"product_brand","embeddable":true,"href":"https:\/\/www.fabioferro.eu\/de\/wp-json\/wp\/v2\/product_brand?post=215305"},{"taxonomy":"product_cat","embeddable":true,"href":"https:\/\/www.fabioferro.eu\/de\/wp-json\/wp\/v2\/product_cat?post=215305"},{"taxonomy":"product_tag","embeddable":true,"href":"https:\/\/www.fabioferro.eu\/de\/wp-json\/wp\/v2\/product_tag?post=215305"}],"curies":[{"name":"wp","href":"https:\/\/api.w.org\/{rel}","templated":true}]}}