{"id":215337,"date":"2026-04-09T11:16:30","date_gmt":"2026-04-09T09:16:30","guid":{"rendered":"https:\/\/www.fabioferro.eu\/giovanni-raspini-leopardi-armband.html"},"modified":"2026-04-09T11:24:14","modified_gmt":"2026-04-09T09:24:14","slug":"giovanni-raspini-leopardi-armband","status":"publish","type":"product","link":"https:\/\/www.fabioferro.eu\/de\/giovanni-raspini-leopardi-armband.html","title":{"rendered":"Giovanni Raspini Leopardi Armband"},"content":{"rendered":"<p data-path-to-node=\"1\">Das Armband von Giovanni Raspini ist komplett aus 925er Silber gefertigt.<\/p>\n<p data-path-to-node=\"1\">Dieses Modell zeichnet sich durch die sorgf\u00e4ltige Verarbeitung aus, auf der zwei Leoparden abgebildet sind.<\/p>\n<p data-path-to-node=\"1\">Das Schmuckst\u00fcck wird durch ein Gl\u00fcckshorn vervollst\u00e4ndigt und hat einen praktischen Karabinerverschluss mit Endringen zur Anpassung der Passform.<\/p>\n<p data-path-to-node=\"1\">Armband handgefertigt in Italien, Made in Italy.<\/p>\n<p data-path-to-node=\"3\">Mit Box und offizieller Garantie von Giovanni Raspini.<\/p>\n","protected":false},"excerpt":{"rendered":"<p>Kein einfaches Armband, sondern eine Skulptur, die Sie jeden Tag tragen k\u00f6nnen.<\/p>\n","protected":false},"featured_media":214045,"comment_status":"open","ping_status":"closed","template":"","meta":[],"product_brand":[],"product_cat":[7569],"product_tag":[7551],"class_list":{"0":"post-215337","1":"product","2":"type-product","3":"status-publish","4":"has-post-thumbnail","6":"product_cat-armbander-giovanni-raspini","7":"product_tag-ausschlusse","9":"first","10":"instock","11":"taxable","12":"shipping-taxable","13":"purchasable","14":"product-type-simple"},"exclude_global_add_ons":[],"addons":[],"df_price":410,"df_sale_price":"","df_regular_price":410,"df_image_link":"https:\/\/cdn02.fabioferro.eu\/wp-content\/uploads\/bracciale-giovanni-raspini-leopardi-1.jpg","_links":{"self":[{"href":"https:\/\/www.fabioferro.eu\/de\/wp-json\/wp\/v2\/product\/215337","targetHints":{"allow":["GET"]}}],"collection":[{"href":"https:\/\/www.fabioferro.eu\/de\/wp-json\/wp\/v2\/product"}],"about":[{"href":"https:\/\/www.fabioferro.eu\/de\/wp-json\/wp\/v2\/types\/product"}],"replies":[{"embeddable":true,"href":"https:\/\/www.fabioferro.eu\/de\/wp-json\/wp\/v2\/comments?post=215337"}],"version-history":[{"count":1,"href":"https:\/\/www.fabioferro.eu\/de\/wp-json\/wp\/v2\/product\/215337\/revisions"}],"predecessor-version":[{"id":215347,"href":"https:\/\/www.fabioferro.eu\/de\/wp-json\/wp\/v2\/product\/215337\/revisions\/215347"}],"wp:featuredmedia":[{"embeddable":true,"href":"https:\/\/www.fabioferro.eu\/de\/wp-json\/wp\/v2\/media\/214045"}],"wp:attachment":[{"href":"https:\/\/www.fabioferro.eu\/de\/wp-json\/wp\/v2\/media?parent=215337"}],"wp:term":[{"taxonomy":"product_brand","embeddable":true,"href":"https:\/\/www.fabioferro.eu\/de\/wp-json\/wp\/v2\/product_brand?post=215337"},{"taxonomy":"product_cat","embeddable":true,"href":"https:\/\/www.fabioferro.eu\/de\/wp-json\/wp\/v2\/product_cat?post=215337"},{"taxonomy":"product_tag","embeddable":true,"href":"https:\/\/www.fabioferro.eu\/de\/wp-json\/wp\/v2\/product_tag?post=215337"}],"curies":[{"name":"wp","href":"https:\/\/api.w.org\/{rel}","templated":true}]}}