{"id":215351,"date":"2026-04-09T11:15:38","date_gmt":"2026-04-09T09:15:38","guid":{"rendered":"https:\/\/www.fabioferro.eu\/giovanni-raspini-kleine-herz-ohrringe.html"},"modified":"2026-04-09T11:15:38","modified_gmt":"2026-04-09T09:15:38","slug":"giovanni-raspini-kleine-herz-ohrringe","status":"publish","type":"product","link":"https:\/\/www.fabioferro.eu\/de\/giovanni-raspini-kleine-herz-ohrringe.html","title":{"rendered":"Giovanni Raspini Kleine Herz-Ohrringe"},"content":{"rendered":"<p data-path-to-node=\"1\">Giovanni Raspini Ohrringe aus Sterlingsilber mit Perlagearbeit.<\/p>\n<p data-path-to-node=\"1\">Der Verschluss ist einer praktischen und sicheren Fliege anvertraut.<\/p>\n<p data-path-to-node=\"1\">Ein Schmuckst\u00fcck mit einem romantischen Design, das bis ins kleinste Detail handgefertigt ist.<\/p>\n<p data-path-to-node=\"2\">Handgefertigt in Italien, Hergestellt in Italien.<\/p>\n<p data-path-to-node=\"3\">Inklusive Verpackung und offizieller Giovanni Raspini-Garantie.<\/p>\n","protected":false},"excerpt":{"rendered":"<p>Kleine Skulpturen f\u00fcr einen Hauch von Alltagss\u00fc\u00dfigkeit.<\/p>\n","protected":false},"featured_media":214831,"comment_status":"open","ping_status":"closed","template":"","meta":[],"product_brand":[],"product_cat":[7570],"product_tag":[7551],"class_list":{"0":"post-215351","1":"product","2":"type-product","3":"status-publish","4":"has-post-thumbnail","6":"product_cat-giovanni-raspini-ohrringe","7":"product_tag-ausschlusse","9":"first","10":"instock","11":"taxable","12":"shipping-taxable","13":"purchasable","14":"product-type-simple"},"exclude_global_add_ons":[],"addons":[],"df_price":90,"df_sale_price":"","df_regular_price":90,"df_image_link":"https:\/\/cdn02.fabioferro.eu\/wp-content\/uploads\/orecchini-giovanni-raspini-cuore-piccoli.jpg","_links":{"self":[{"href":"https:\/\/www.fabioferro.eu\/de\/wp-json\/wp\/v2\/product\/215351","targetHints":{"allow":["GET"]}}],"collection":[{"href":"https:\/\/www.fabioferro.eu\/de\/wp-json\/wp\/v2\/product"}],"about":[{"href":"https:\/\/www.fabioferro.eu\/de\/wp-json\/wp\/v2\/types\/product"}],"replies":[{"embeddable":true,"href":"https:\/\/www.fabioferro.eu\/de\/wp-json\/wp\/v2\/comments?post=215351"}],"version-history":[{"count":0,"href":"https:\/\/www.fabioferro.eu\/de\/wp-json\/wp\/v2\/product\/215351\/revisions"}],"wp:featuredmedia":[{"embeddable":true,"href":"https:\/\/www.fabioferro.eu\/de\/wp-json\/wp\/v2\/media\/214831"}],"wp:attachment":[{"href":"https:\/\/www.fabioferro.eu\/de\/wp-json\/wp\/v2\/media?parent=215351"}],"wp:term":[{"taxonomy":"product_brand","embeddable":true,"href":"https:\/\/www.fabioferro.eu\/de\/wp-json\/wp\/v2\/product_brand?post=215351"},{"taxonomy":"product_cat","embeddable":true,"href":"https:\/\/www.fabioferro.eu\/de\/wp-json\/wp\/v2\/product_cat?post=215351"},{"taxonomy":"product_tag","embeddable":true,"href":"https:\/\/www.fabioferro.eu\/de\/wp-json\/wp\/v2\/product_tag?post=215351"}],"curies":[{"name":"wp","href":"https:\/\/api.w.org\/{rel}","templated":true}]}}