{"id":215352,"date":"2026-04-09T11:15:39","date_gmt":"2026-04-09T09:15:39","guid":{"rendered":"https:\/\/www.fabioferro.eu\/giovanni-raspini-cuori-lunga-halskette.html"},"modified":"2026-04-09T11:24:42","modified_gmt":"2026-04-09T09:24:42","slug":"giovanni-raspini-cuori-lunga-halskette","status":"publish","type":"product","link":"https:\/\/www.fabioferro.eu\/de\/giovanni-raspini-cuori-lunga-halskette.html","title":{"rendered":"Giovanni Raspini Cuori Lunga Halskette"},"content":{"rendered":"<p data-path-to-node=\"1\">Giovanni Raspini Halskette aus 925er Silber.<\/p>\n<p data-path-to-node=\"1\">Auf dem Schmuckst\u00fcck sind f\u00fcnf herzf\u00f6rmige Elemente verteilt, die alle mit einer ausgepr\u00e4gten Perlierung verziert sind.<\/p>\n<p data-path-to-node=\"1\">Die Halskette hat eine Gesamtl\u00e4nge von 90 cm und verf\u00fcgt \u00fcber einen praktischen Karabinerverschluss f\u00fcr maximale Sicherheit.<\/p>\n<p data-path-to-node=\"2\">Handgefertigt in Italien, Hergestellt in Italien.<\/p>\n<p data-path-to-node=\"3\">Mit Box und offizieller Garantie von Giovanni Raspini.<\/p>\n","protected":false},"excerpt":{"rendered":"<p>Eine zarte Halskette, die Ihrem Look Romantik verleiht.<\/p>\n","protected":false},"featured_media":214825,"comment_status":"open","ping_status":"closed","template":"","meta":[],"product_brand":[],"product_cat":[7568],"product_tag":[7551],"class_list":{"0":"post-215352","1":"product","2":"type-product","3":"status-publish","4":"has-post-thumbnail","6":"product_cat-giovanni-raspini-halsketten","7":"product_tag-ausschlusse","9":"first","10":"instock","11":"taxable","12":"shipping-taxable","13":"purchasable","14":"product-type-simple"},"exclude_global_add_ons":[],"addons":[],"df_price":430,"df_sale_price":"","df_regular_price":430,"df_image_link":"https:\/\/cdn02.fabioferro.eu\/wp-content\/uploads\/collana-giovanni-raspini-cuori-lunga.jpg","_links":{"self":[{"href":"https:\/\/www.fabioferro.eu\/de\/wp-json\/wp\/v2\/product\/215352","targetHints":{"allow":["GET"]}}],"collection":[{"href":"https:\/\/www.fabioferro.eu\/de\/wp-json\/wp\/v2\/product"}],"about":[{"href":"https:\/\/www.fabioferro.eu\/de\/wp-json\/wp\/v2\/types\/product"}],"replies":[{"embeddable":true,"href":"https:\/\/www.fabioferro.eu\/de\/wp-json\/wp\/v2\/comments?post=215352"}],"version-history":[{"count":1,"href":"https:\/\/www.fabioferro.eu\/de\/wp-json\/wp\/v2\/product\/215352\/revisions"}],"predecessor-version":[{"id":215371,"href":"https:\/\/www.fabioferro.eu\/de\/wp-json\/wp\/v2\/product\/215352\/revisions\/215371"}],"wp:featuredmedia":[{"embeddable":true,"href":"https:\/\/www.fabioferro.eu\/de\/wp-json\/wp\/v2\/media\/214825"}],"wp:attachment":[{"href":"https:\/\/www.fabioferro.eu\/de\/wp-json\/wp\/v2\/media?parent=215352"}],"wp:term":[{"taxonomy":"product_brand","embeddable":true,"href":"https:\/\/www.fabioferro.eu\/de\/wp-json\/wp\/v2\/product_brand?post=215352"},{"taxonomy":"product_cat","embeddable":true,"href":"https:\/\/www.fabioferro.eu\/de\/wp-json\/wp\/v2\/product_cat?post=215352"},{"taxonomy":"product_tag","embeddable":true,"href":"https:\/\/www.fabioferro.eu\/de\/wp-json\/wp\/v2\/product_tag?post=215352"}],"curies":[{"name":"wp","href":"https:\/\/api.w.org\/{rel}","templated":true}]}}