{"id":215372,"date":"2026-04-09T11:15:37","date_gmt":"2026-04-09T09:15:37","guid":{"rendered":"https:\/\/www.fabioferro.eu\/giovanni-raspini-cuori-ring-2.html"},"modified":"2026-04-09T11:15:37","modified_gmt":"2026-04-09T09:15:37","slug":"giovanni-raspini-cuori-ring-2","status":"publish","type":"product","link":"https:\/\/www.fabioferro.eu\/de\/giovanni-raspini-cuori-ring-2.html","title":{"rendered":"Giovanni Raspini Cuori Ring"},"content":{"rendered":"<p>Der Ring von Giovanni Raspini wurde sorgf\u00e4ltig aus 925er Sterlingsilber gefertigt.<\/p>\n<p>Die Oberfl\u00e4che des Schmuckst\u00fccks ist mit Herzen verziert, die mit einem eleganten Perlierungsverfahren bearbeitet wurden.<\/p>\n<p>Erh\u00e4ltlich in verschiedenen Gr\u00f6\u00dfen.<\/p>\n<p>Handgefertigt von Meisterhand, Made in Italy.<\/p>\n<p>Mit Verpackung und offizieller Giovanni Raspini-Garantie.<\/p>\n<p>&nbsp;<\/p>\n","protected":false},"excerpt":{"rendered":"<p>Ein Zeichen der Zuneigung, das Sie immer bei sich tragen k\u00f6nnen.<\/p>\n","protected":false},"featured_media":214835,"comment_status":"open","ping_status":"closed","template":"","meta":[],"product_brand":[],"product_cat":[7572],"product_tag":[7551],"class_list":{"0":"post-215372","1":"product","2":"type-product","3":"status-publish","4":"has-post-thumbnail","6":"product_cat-ringe-giovanni-raspini","7":"product_tag-ausschlusse","9":"first","10":"instock","11":"taxable","12":"shipping-taxable","13":"purchasable","14":"product-type-variable","15":"has-default-attributes"},"exclude_global_add_ons":[],"addons":[],"df_price":150,"df_sale_price":"","df_regular_price":150,"df_image_link":"https:\/\/cdn02.fabioferro.eu\/wp-content\/uploads\/anello-giovanni-raspini-cuori.jpg","_links":{"self":[{"href":"https:\/\/www.fabioferro.eu\/de\/wp-json\/wp\/v2\/product\/215372","targetHints":{"allow":["GET"]}}],"collection":[{"href":"https:\/\/www.fabioferro.eu\/de\/wp-json\/wp\/v2\/product"}],"about":[{"href":"https:\/\/www.fabioferro.eu\/de\/wp-json\/wp\/v2\/types\/product"}],"replies":[{"embeddable":true,"href":"https:\/\/www.fabioferro.eu\/de\/wp-json\/wp\/v2\/comments?post=215372"}],"version-history":[{"count":0,"href":"https:\/\/www.fabioferro.eu\/de\/wp-json\/wp\/v2\/product\/215372\/revisions"}],"wp:featuredmedia":[{"embeddable":true,"href":"https:\/\/www.fabioferro.eu\/de\/wp-json\/wp\/v2\/media\/214835"}],"wp:attachment":[{"href":"https:\/\/www.fabioferro.eu\/de\/wp-json\/wp\/v2\/media?parent=215372"}],"wp:term":[{"taxonomy":"product_brand","embeddable":true,"href":"https:\/\/www.fabioferro.eu\/de\/wp-json\/wp\/v2\/product_brand?post=215372"},{"taxonomy":"product_cat","embeddable":true,"href":"https:\/\/www.fabioferro.eu\/de\/wp-json\/wp\/v2\/product_cat?post=215372"},{"taxonomy":"product_tag","embeddable":true,"href":"https:\/\/www.fabioferro.eu\/de\/wp-json\/wp\/v2\/product_tag?post=215372"}],"curies":[{"name":"wp","href":"https:\/\/api.w.org\/{rel}","templated":true}]}}