{"id":215385,"date":"2026-04-09T11:15:43","date_gmt":"2026-04-09T09:15:43","guid":{"rendered":"https:\/\/www.fabioferro.eu\/giovanni-raspini-perlage-halskette-40-cm.html"},"modified":"2026-04-09T11:15:43","modified_gmt":"2026-04-09T09:15:43","slug":"giovanni-raspini-perlage-halskette-40-cm","status":"publish","type":"product","link":"https:\/\/www.fabioferro.eu\/de\/giovanni-raspini-perlage-halskette-40-cm.html","title":{"rendered":"Giovanni Raspini Perlage Halskette 40 cm"},"content":{"rendered":"<p data-path-to-node=\"1\">Giovanni Raspini Halskette aus 925er Silber.<\/p>\n<p data-path-to-node=\"1\">Das Schmuckst\u00fcck zeichnet sich durch die charakteristische Perlierung aus, die die Oberfl\u00e4che bedeckt und ein Muster aus kleinen kugelf\u00f6rmigen Volumina erzeugt.<\/p>\n<p data-path-to-node=\"1\">Die Halskette ist mit einem Gl\u00fcckshorn verziert und hat einen praktischen Karabinerverschluss mit Endringen zum Einstellen der L\u00e4nge.<\/p>\n<p data-path-to-node=\"1\">Das Gesamtma\u00df betr\u00e4gt 40 cm.<\/p>\n<p data-path-to-node=\"2\">Halskette handgefertigt in Italien, Made in Italy.<\/p>\n<p data-path-to-node=\"3\">Mit Box und offizieller Garantie von Giovanni Raspini.<\/p>\n","protected":false},"excerpt":{"rendered":"<p>Ein Zusammenspiel von runden Reliefs, die jeden Lichtstrahl einfangen.<\/p>\n","protected":false},"featured_media":214807,"comment_status":"open","ping_status":"closed","template":"","meta":[],"product_brand":[],"product_cat":[7568],"product_tag":[7551],"class_list":{"0":"post-215385","1":"product","2":"type-product","3":"status-publish","4":"has-post-thumbnail","6":"product_cat-giovanni-raspini-halsketten","7":"product_tag-ausschlusse","9":"first","10":"instock","11":"taxable","12":"shipping-taxable","13":"purchasable","14":"product-type-simple"},"exclude_global_add_ons":[],"addons":[],"df_price":570,"df_sale_price":"","df_regular_price":570,"df_image_link":"https:\/\/cdn02.fabioferro.eu\/wp-content\/uploads\/collana-giovanni-raspini-perlage-40-cm.jpg","_links":{"self":[{"href":"https:\/\/www.fabioferro.eu\/de\/wp-json\/wp\/v2\/product\/215385","targetHints":{"allow":["GET"]}}],"collection":[{"href":"https:\/\/www.fabioferro.eu\/de\/wp-json\/wp\/v2\/product"}],"about":[{"href":"https:\/\/www.fabioferro.eu\/de\/wp-json\/wp\/v2\/types\/product"}],"replies":[{"embeddable":true,"href":"https:\/\/www.fabioferro.eu\/de\/wp-json\/wp\/v2\/comments?post=215385"}],"version-history":[{"count":0,"href":"https:\/\/www.fabioferro.eu\/de\/wp-json\/wp\/v2\/product\/215385\/revisions"}],"wp:featuredmedia":[{"embeddable":true,"href":"https:\/\/www.fabioferro.eu\/de\/wp-json\/wp\/v2\/media\/214807"}],"wp:attachment":[{"href":"https:\/\/www.fabioferro.eu\/de\/wp-json\/wp\/v2\/media?parent=215385"}],"wp:term":[{"taxonomy":"product_brand","embeddable":true,"href":"https:\/\/www.fabioferro.eu\/de\/wp-json\/wp\/v2\/product_brand?post=215385"},{"taxonomy":"product_cat","embeddable":true,"href":"https:\/\/www.fabioferro.eu\/de\/wp-json\/wp\/v2\/product_cat?post=215385"},{"taxonomy":"product_tag","embeddable":true,"href":"https:\/\/www.fabioferro.eu\/de\/wp-json\/wp\/v2\/product_tag?post=215385"}],"curies":[{"name":"wp","href":"https:\/\/api.w.org\/{rel}","templated":true}]}}