{"id":215386,"date":"2026-04-09T11:15:45","date_gmt":"2026-04-09T09:15:45","guid":{"rendered":"https:\/\/www.fabioferro.eu\/giovanni-raspini-schmetterling-halskette-42-cm.html"},"modified":"2026-04-09T11:15:45","modified_gmt":"2026-04-09T09:15:45","slug":"giovanni-raspini-schmetterling-halskette-42-cm","status":"publish","type":"product","link":"https:\/\/www.fabioferro.eu\/de\/giovanni-raspini-schmetterling-halskette-42-cm.html","title":{"rendered":"Giovanni Raspini Schmetterling Halskette 42 cm"},"content":{"rendered":"<p data-path-to-node=\"1\">Giovanni Raspini Halskette aus der Farfalle Kollektion aus Sterlingsilber.<\/p>\n<p data-path-to-node=\"1\">Dieses Schmuckst\u00fcck ist mit einer Reihe von Schmetterlingen verziert, die auf seiner Oberfl\u00e4che zu ruhen scheinen. Es wurde in sorgf\u00e4ltiger und detaillierter Arbeit hergestellt.<\/p>\n<p data-path-to-node=\"1\">Die Halskette hat eine Gesamtl\u00e4nge von 42 cm und ist mit praktischen Endschlaufen zur Anpassung der Passform ausgestattet, die durch einen Karabinerverschluss vervollst\u00e4ndigt werden.<\/p>\n<p data-path-to-node=\"0\">Handgefertigt in Italien von Meisterhandwerkern, Made in Italy.<\/p>\n<p data-path-to-node=\"3\">Mit Box und offizieller Garantie von Giovanni Raspini.<\/p>\n","protected":false},"excerpt":{"rendered":"<p>Eine kostbare Halskette, bei der die Natur in Metall Gestalt annimmt.<\/p>\n","protected":false},"featured_media":214795,"comment_status":"open","ping_status":"closed","template":"","meta":[],"product_brand":[],"product_cat":[7568],"product_tag":[7551],"class_list":{"0":"post-215386","1":"product","2":"type-product","3":"status-publish","4":"has-post-thumbnail","6":"product_cat-giovanni-raspini-halsketten","7":"product_tag-ausschlusse","9":"first","10":"instock","11":"taxable","12":"shipping-taxable","13":"purchasable","14":"product-type-simple"},"exclude_global_add_ons":[],"addons":[],"df_price":570,"df_sale_price":"","df_regular_price":570,"df_image_link":"https:\/\/cdn02.fabioferro.eu\/wp-content\/uploads\/collana-giovanni-raspini-farfalle-42-cm.jpg","_links":{"self":[{"href":"https:\/\/www.fabioferro.eu\/de\/wp-json\/wp\/v2\/product\/215386","targetHints":{"allow":["GET"]}}],"collection":[{"href":"https:\/\/www.fabioferro.eu\/de\/wp-json\/wp\/v2\/product"}],"about":[{"href":"https:\/\/www.fabioferro.eu\/de\/wp-json\/wp\/v2\/types\/product"}],"replies":[{"embeddable":true,"href":"https:\/\/www.fabioferro.eu\/de\/wp-json\/wp\/v2\/comments?post=215386"}],"version-history":[{"count":0,"href":"https:\/\/www.fabioferro.eu\/de\/wp-json\/wp\/v2\/product\/215386\/revisions"}],"wp:featuredmedia":[{"embeddable":true,"href":"https:\/\/www.fabioferro.eu\/de\/wp-json\/wp\/v2\/media\/214795"}],"wp:attachment":[{"href":"https:\/\/www.fabioferro.eu\/de\/wp-json\/wp\/v2\/media?parent=215386"}],"wp:term":[{"taxonomy":"product_brand","embeddable":true,"href":"https:\/\/www.fabioferro.eu\/de\/wp-json\/wp\/v2\/product_brand?post=215386"},{"taxonomy":"product_cat","embeddable":true,"href":"https:\/\/www.fabioferro.eu\/de\/wp-json\/wp\/v2\/product_cat?post=215386"},{"taxonomy":"product_tag","embeddable":true,"href":"https:\/\/www.fabioferro.eu\/de\/wp-json\/wp\/v2\/product_tag?post=215386"}],"curies":[{"name":"wp","href":"https:\/\/api.w.org\/{rel}","templated":true}]}}