{"id":215399,"date":"2026-04-09T11:15:41","date_gmt":"2026-04-09T09:15:41","guid":{"rendered":"https:\/\/www.fabioferro.eu\/giovanni-raspini-perlage-ring.html"},"modified":"2026-04-09T11:15:41","modified_gmt":"2026-04-09T09:15:41","slug":"giovanni-raspini-perlage-ring","status":"publish","type":"product","link":"https:\/\/www.fabioferro.eu\/de\/giovanni-raspini-perlage-ring.html","title":{"rendered":"Giovanni Raspini Perlage Ring"},"content":{"rendered":"<p data-path-to-node=\"1\">Dieser Ring von Giovanni Raspini wurde vollst\u00e4ndig aus 925er Silber gefertigt.<\/p>\n<p data-path-to-node=\"1\">Dieses Schmuckst\u00fcck zeichnet sich durch die Perlage-Textur aus, die seine Oberfl\u00e4che bedeckt. Sie besteht aus einer dichten Abfolge von kleinen Perlen in Relief.<\/p>\n<p data-path-to-node=\"2\">Erh\u00e4ltlich in verschiedenen Gr\u00f6\u00dfen.<\/p>\n<p data-path-to-node=\"0\">Ring handgefertigt von Meisterhand, Made in Italy.<\/p>\n<p data-path-to-node=\"3\">Mit Box und offizieller Garantie von Giovanni Raspini.<\/p>\n","protected":false},"excerpt":{"rendered":"<p>Ein vielseitiges Accessoire, das Ihrem Look Charakter verleiht.<\/p>\n","protected":false},"featured_media":214816,"comment_status":"open","ping_status":"closed","template":"","meta":[],"product_brand":[],"product_cat":[7572],"product_tag":[7551],"class_list":{"0":"post-215399","1":"product","2":"type-product","3":"status-publish","4":"has-post-thumbnail","6":"product_cat-ringe-giovanni-raspini","7":"product_tag-ausschlusse","9":"first","10":"instock","11":"taxable","12":"shipping-taxable","13":"purchasable","14":"product-type-variable","15":"has-default-attributes"},"exclude_global_add_ons":[],"addons":[],"df_price":245,"df_sale_price":"","df_regular_price":245,"df_image_link":"https:\/\/cdn02.fabioferro.eu\/wp-content\/uploads\/anello-giovanni-raspini-perlage.jpg","_links":{"self":[{"href":"https:\/\/www.fabioferro.eu\/de\/wp-json\/wp\/v2\/product\/215399","targetHints":{"allow":["GET"]}}],"collection":[{"href":"https:\/\/www.fabioferro.eu\/de\/wp-json\/wp\/v2\/product"}],"about":[{"href":"https:\/\/www.fabioferro.eu\/de\/wp-json\/wp\/v2\/types\/product"}],"replies":[{"embeddable":true,"href":"https:\/\/www.fabioferro.eu\/de\/wp-json\/wp\/v2\/comments?post=215399"}],"version-history":[{"count":0,"href":"https:\/\/www.fabioferro.eu\/de\/wp-json\/wp\/v2\/product\/215399\/revisions"}],"wp:featuredmedia":[{"embeddable":true,"href":"https:\/\/www.fabioferro.eu\/de\/wp-json\/wp\/v2\/media\/214816"}],"wp:attachment":[{"href":"https:\/\/www.fabioferro.eu\/de\/wp-json\/wp\/v2\/media?parent=215399"}],"wp:term":[{"taxonomy":"product_brand","embeddable":true,"href":"https:\/\/www.fabioferro.eu\/de\/wp-json\/wp\/v2\/product_brand?post=215399"},{"taxonomy":"product_cat","embeddable":true,"href":"https:\/\/www.fabioferro.eu\/de\/wp-json\/wp\/v2\/product_cat?post=215399"},{"taxonomy":"product_tag","embeddable":true,"href":"https:\/\/www.fabioferro.eu\/de\/wp-json\/wp\/v2\/product_tag?post=215399"}],"curies":[{"name":"wp","href":"https:\/\/api.w.org\/{rel}","templated":true}]}}