{"id":215423,"date":"2026-04-09T11:16:24","date_gmt":"2026-04-09T09:16:24","guid":{"rendered":"https:\/\/www.fabioferro.eu\/giovanni-raspini-haut-anhaenger-halskette.html"},"modified":"2026-04-09T11:16:24","modified_gmt":"2026-04-09T09:16:24","slug":"giovanni-raspini-haut-anhaenger-halskette","status":"publish","type":"product","link":"https:\/\/www.fabioferro.eu\/de\/giovanni-raspini-haut-anhaenger-halskette.html","title":{"rendered":"Giovanni Raspini Haut-Anh\u00e4nger Halskette"},"content":{"rendered":"<p data-path-to-node=\"1\">Dieses Modell ist vollst\u00e4ndig aus 925er Sterlingsilber gefertigt und zeichnet sich durch seine feine Verarbeitung und das skulpturale Design des Anh\u00e4ngers aus.<\/p>\n<p data-path-to-node=\"1\">Der Verschluss erfolgt \u00fcber einen praktischen Karabinerhaken mit Endringen, mit denen die Passform angepasst werden kann.<\/p>\n<p data-path-to-node=\"1\">Die Halskette hat eine Gesamtl\u00e4nge von 80 cm.<\/p>\n<p data-path-to-node=\"2\">Ein Schmuckst\u00fcck mit einem raffinierten Design, reich an Details und handgefertigt.<\/p>\n<p data-path-to-node=\"2\">Halskette handgefertigt in Italien, Made in Italy.<\/p>\n<p data-path-to-node=\"3\">Mit Box und offizieller Garantie von Giovanni Raspini.<\/p>\n","protected":false},"excerpt":{"rendered":"<p>Die ideale L\u00f6sung f\u00fcr alle, die ein elegantes und modisches Schmuckst\u00fcck suchen.<\/p>\n","protected":false},"featured_media":214076,"comment_status":"open","ping_status":"closed","template":"","meta":[],"product_brand":[],"product_cat":[7568],"product_tag":[7551],"class_list":{"0":"post-215423","1":"product","2":"type-product","3":"status-publish","4":"has-post-thumbnail","6":"product_cat-giovanni-raspini-halsketten","7":"product_tag-ausschlusse","9":"first","10":"instock","11":"taxable","12":"shipping-taxable","13":"purchasable","14":"product-type-simple"},"exclude_global_add_ons":[],"addons":[],"df_price":310,"df_sale_price":"","df_regular_price":310,"df_image_link":"https:\/\/cdn02.fabioferro.eu\/wp-content\/uploads\/collana-giovanni-raspini-skin-pendente.jpg","_links":{"self":[{"href":"https:\/\/www.fabioferro.eu\/de\/wp-json\/wp\/v2\/product\/215423","targetHints":{"allow":["GET"]}}],"collection":[{"href":"https:\/\/www.fabioferro.eu\/de\/wp-json\/wp\/v2\/product"}],"about":[{"href":"https:\/\/www.fabioferro.eu\/de\/wp-json\/wp\/v2\/types\/product"}],"replies":[{"embeddable":true,"href":"https:\/\/www.fabioferro.eu\/de\/wp-json\/wp\/v2\/comments?post=215423"}],"version-history":[{"count":0,"href":"https:\/\/www.fabioferro.eu\/de\/wp-json\/wp\/v2\/product\/215423\/revisions"}],"wp:featuredmedia":[{"embeddable":true,"href":"https:\/\/www.fabioferro.eu\/de\/wp-json\/wp\/v2\/media\/214076"}],"wp:attachment":[{"href":"https:\/\/www.fabioferro.eu\/de\/wp-json\/wp\/v2\/media?parent=215423"}],"wp:term":[{"taxonomy":"product_brand","embeddable":true,"href":"https:\/\/www.fabioferro.eu\/de\/wp-json\/wp\/v2\/product_brand?post=215423"},{"taxonomy":"product_cat","embeddable":true,"href":"https:\/\/www.fabioferro.eu\/de\/wp-json\/wp\/v2\/product_cat?post=215423"},{"taxonomy":"product_tag","embeddable":true,"href":"https:\/\/www.fabioferro.eu\/de\/wp-json\/wp\/v2\/product_tag?post=215423"}],"curies":[{"name":"wp","href":"https:\/\/api.w.org\/{rel}","templated":true}]}}