{"id":215443,"date":"2026-04-09T11:16:21","date_gmt":"2026-04-09T09:16:21","guid":{"rendered":"https:\/\/www.fabioferro.eu\/giovanni-raspini-hautarmband.html"},"modified":"2026-04-09T11:16:21","modified_gmt":"2026-04-09T09:16:21","slug":"giovanni-raspini-hautarmband","status":"publish","type":"product","link":"https:\/\/www.fabioferro.eu\/de\/giovanni-raspini-hautarmband.html","title":{"rendered":"Giovanni Raspini Hautarmband"},"content":{"rendered":"<p data-path-to-node=\"0\">Sorgf\u00e4ltig gearbeiteter Armreif von Giovanni Raspini aus 925er Sterlingsilber.<\/p>\n<p data-path-to-node=\"1\">Das Schmuckst\u00fcck weist eine spezielle Oberfl\u00e4chenbehandlung auf, die dem Metall eine lebendige und auff\u00e4llige Textur verleiht.<\/p>\n<p data-path-to-node=\"2\">Ein Schmuckst\u00fcck mit raffiniertem und modernem Design, bis ins kleinste Detail ausgearbeitet und mit dem Markenlogo personalisiert.<\/p>\n<p data-path-to-node=\"2\">Gesamtl\u00e4nge 19 cm.<\/p>\n<p data-path-to-node=\"2\">Armband handgefertigt in Italien, Made in Italy.<\/p>\n<p data-path-to-node=\"3\">Mit Box und offizieller Garantie von Giovanni Raspini.<\/p>\n","protected":false},"excerpt":{"rendered":"<p>Ein einfaches und schickes Accessoire f\u00fcr alle, die einen diskreten Stil m\u00f6gen.<\/p>\n","protected":false},"featured_media":214783,"comment_status":"open","ping_status":"closed","template":"","meta":[],"product_brand":[],"product_cat":[7569],"product_tag":[7551],"class_list":{"0":"post-215443","1":"product","2":"type-product","3":"status-publish","4":"has-post-thumbnail","6":"product_cat-armbander-giovanni-raspini","7":"product_tag-ausschlusse","9":"first","10":"instock","11":"taxable","12":"shipping-taxable","13":"purchasable","14":"product-type-simple"},"exclude_global_add_ons":[],"addons":[],"df_price":340,"df_sale_price":"","df_regular_price":340,"df_image_link":"https:\/\/cdn02.fabioferro.eu\/wp-content\/uploads\/bracciale-giovanni-raspini-skin.jpg","_links":{"self":[{"href":"https:\/\/www.fabioferro.eu\/de\/wp-json\/wp\/v2\/product\/215443","targetHints":{"allow":["GET"]}}],"collection":[{"href":"https:\/\/www.fabioferro.eu\/de\/wp-json\/wp\/v2\/product"}],"about":[{"href":"https:\/\/www.fabioferro.eu\/de\/wp-json\/wp\/v2\/types\/product"}],"replies":[{"embeddable":true,"href":"https:\/\/www.fabioferro.eu\/de\/wp-json\/wp\/v2\/comments?post=215443"}],"version-history":[{"count":0,"href":"https:\/\/www.fabioferro.eu\/de\/wp-json\/wp\/v2\/product\/215443\/revisions"}],"wp:featuredmedia":[{"embeddable":true,"href":"https:\/\/www.fabioferro.eu\/de\/wp-json\/wp\/v2\/media\/214783"}],"wp:attachment":[{"href":"https:\/\/www.fabioferro.eu\/de\/wp-json\/wp\/v2\/media?parent=215443"}],"wp:term":[{"taxonomy":"product_brand","embeddable":true,"href":"https:\/\/www.fabioferro.eu\/de\/wp-json\/wp\/v2\/product_brand?post=215443"},{"taxonomy":"product_cat","embeddable":true,"href":"https:\/\/www.fabioferro.eu\/de\/wp-json\/wp\/v2\/product_cat?post=215443"},{"taxonomy":"product_tag","embeddable":true,"href":"https:\/\/www.fabioferro.eu\/de\/wp-json\/wp\/v2\/product_tag?post=215443"}],"curies":[{"name":"wp","href":"https:\/\/api.w.org\/{rel}","templated":true}]}}