{"id":215448,"date":"2026-04-09T11:16:28","date_gmt":"2026-04-09T09:16:28","guid":{"rendered":"https:\/\/www.fabioferro.eu\/giovanni-raspini-serpente-armband.html"},"modified":"2026-04-09T11:16:28","modified_gmt":"2026-04-09T09:16:28","slug":"giovanni-raspini-serpente-armband","status":"publish","type":"product","link":"https:\/\/www.fabioferro.eu\/de\/giovanni-raspini-serpente-armband.html","title":{"rendered":"Giovanni Raspini Serpente Armband"},"content":{"rendered":"<p data-path-to-node=\"1\">Giovanni Raspini Armband aus 925er Sterlingsilber.<\/p>\n<p data-path-to-node=\"1\">Dieses Modell zeichnet sich durch eine Verarbeitung aus, die auf der gesamten Oberfl\u00e4che an die Figur einer Schlange erinnert.<\/p>\n<p data-path-to-node=\"1\">Das Schmuckst\u00fcck ist mit einem Gl\u00fcckshorn verziert und hat einen praktischen Karabinerverschluss mit Endringen zum Einstellen der L\u00e4nge.<\/p>\n<p data-path-to-node=\"2\">Armband handgefertigt in Italien, Made in Italy.<\/p>\n<p data-path-to-node=\"3\">Mit Box und offizieller Garantie von Giovanni Raspini.<\/p>\n","protected":false},"excerpt":{"rendered":"<p>Ein k\u00fchnes Design f\u00fcr alle, die mit Klasse auffallen wollen.<\/p>\n","protected":false},"featured_media":214056,"comment_status":"open","ping_status":"closed","template":"","meta":[],"product_brand":[],"product_cat":[7569],"product_tag":[7551],"class_list":{"0":"post-215448","1":"product","2":"type-product","3":"status-publish","4":"has-post-thumbnail","6":"product_cat-armbander-giovanni-raspini","7":"product_tag-ausschlusse","9":"first","10":"instock","11":"taxable","12":"shipping-taxable","13":"purchasable","14":"product-type-simple"},"exclude_global_add_ons":[],"addons":[],"df_price":340,"df_sale_price":"","df_regular_price":340,"df_image_link":"https:\/\/cdn02.fabioferro.eu\/wp-content\/uploads\/bracciale-giovanni-raspini-serpente.jpg","_links":{"self":[{"href":"https:\/\/www.fabioferro.eu\/de\/wp-json\/wp\/v2\/product\/215448","targetHints":{"allow":["GET"]}}],"collection":[{"href":"https:\/\/www.fabioferro.eu\/de\/wp-json\/wp\/v2\/product"}],"about":[{"href":"https:\/\/www.fabioferro.eu\/de\/wp-json\/wp\/v2\/types\/product"}],"replies":[{"embeddable":true,"href":"https:\/\/www.fabioferro.eu\/de\/wp-json\/wp\/v2\/comments?post=215448"}],"version-history":[{"count":0,"href":"https:\/\/www.fabioferro.eu\/de\/wp-json\/wp\/v2\/product\/215448\/revisions"}],"wp:featuredmedia":[{"embeddable":true,"href":"https:\/\/www.fabioferro.eu\/de\/wp-json\/wp\/v2\/media\/214056"}],"wp:attachment":[{"href":"https:\/\/www.fabioferro.eu\/de\/wp-json\/wp\/v2\/media?parent=215448"}],"wp:term":[{"taxonomy":"product_brand","embeddable":true,"href":"https:\/\/www.fabioferro.eu\/de\/wp-json\/wp\/v2\/product_brand?post=215448"},{"taxonomy":"product_cat","embeddable":true,"href":"https:\/\/www.fabioferro.eu\/de\/wp-json\/wp\/v2\/product_cat?post=215448"},{"taxonomy":"product_tag","embeddable":true,"href":"https:\/\/www.fabioferro.eu\/de\/wp-json\/wp\/v2\/product_tag?post=215448"}],"curies":[{"name":"wp","href":"https:\/\/api.w.org\/{rel}","templated":true}]}}