{"id":215449,"date":"2026-04-09T11:16:29","date_gmt":"2026-04-09T09:16:29","guid":{"rendered":"https:\/\/www.fabioferro.eu\/giovanni-raspini-serpente-halskette-43-cm.html"},"modified":"2026-04-09T11:16:29","modified_gmt":"2026-04-09T09:16:29","slug":"giovanni-raspini-serpente-halskette-43-cm","status":"publish","type":"product","link":"https:\/\/www.fabioferro.eu\/de\/giovanni-raspini-serpente-halskette-43-cm.html","title":{"rendered":"Giovanni Raspini Serpente Halskette 43 cm"},"content":{"rendered":"<p data-path-to-node=\"1\">Dieses vollst\u00e4ndig aus 925er Sterlingsilber gefertigte Modell zeichnet sich durch seine sorgf\u00e4ltige Verarbeitung aus, die an die gewundene Gestalt der Schlange erinnert.<\/p>\n<p data-path-to-node=\"1\">Das Schmuckst\u00fcck ist mit einem Gl\u00fcckshorn verziert und hat einen praktischen Karabinerverschluss mit Endringen zum Einstellen der L\u00e4nge.<\/p>\n<p data-path-to-node=\"2\">Ein Schmuckst\u00fcck mit skulpturalem Design und reichen Details, handgefertigt und mit dem Logo der Marke personalisiert.<\/p>\n<p data-path-to-node=\"2\">Halskette handgefertigt in Italien, Made in Italy.<\/p>\n<p data-path-to-node=\"3\">Mit Box und offizieller Garantie von Giovanni Raspini.<\/p>\n","protected":false},"excerpt":{"rendered":"<p>Ein Accessoire, das seine Pr\u00e4senz mit zeitlosem Stil unterstreicht.<\/p>\n","protected":false},"featured_media":214049,"comment_status":"open","ping_status":"closed","template":"","meta":[],"product_brand":[],"product_cat":[7568],"product_tag":[7551],"class_list":{"0":"post-215449","1":"product","2":"type-product","3":"status-publish","4":"has-post-thumbnail","6":"product_cat-giovanni-raspini-halsketten","7":"product_tag-ausschlusse","9":"first","10":"instock","11":"taxable","12":"shipping-taxable","13":"purchasable","14":"product-type-simple"},"exclude_global_add_ons":[],"addons":[],"df_price":590,"df_sale_price":"","df_regular_price":590,"df_image_link":"https:\/\/cdn02.fabioferro.eu\/wp-content\/uploads\/collana-giovanni-raspini-serpente-43-cm.jpg","_links":{"self":[{"href":"https:\/\/www.fabioferro.eu\/de\/wp-json\/wp\/v2\/product\/215449","targetHints":{"allow":["GET"]}}],"collection":[{"href":"https:\/\/www.fabioferro.eu\/de\/wp-json\/wp\/v2\/product"}],"about":[{"href":"https:\/\/www.fabioferro.eu\/de\/wp-json\/wp\/v2\/types\/product"}],"replies":[{"embeddable":true,"href":"https:\/\/www.fabioferro.eu\/de\/wp-json\/wp\/v2\/comments?post=215449"}],"version-history":[{"count":0,"href":"https:\/\/www.fabioferro.eu\/de\/wp-json\/wp\/v2\/product\/215449\/revisions"}],"wp:featuredmedia":[{"embeddable":true,"href":"https:\/\/www.fabioferro.eu\/de\/wp-json\/wp\/v2\/media\/214049"}],"wp:attachment":[{"href":"https:\/\/www.fabioferro.eu\/de\/wp-json\/wp\/v2\/media?parent=215449"}],"wp:term":[{"taxonomy":"product_brand","embeddable":true,"href":"https:\/\/www.fabioferro.eu\/de\/wp-json\/wp\/v2\/product_brand?post=215449"},{"taxonomy":"product_cat","embeddable":true,"href":"https:\/\/www.fabioferro.eu\/de\/wp-json\/wp\/v2\/product_cat?post=215449"},{"taxonomy":"product_tag","embeddable":true,"href":"https:\/\/www.fabioferro.eu\/de\/wp-json\/wp\/v2\/product_tag?post=215449"}],"curies":[{"name":"wp","href":"https:\/\/api.w.org\/{rel}","templated":true}]}}