{"id":215454,"date":"2026-04-09T11:15:34","date_gmt":"2026-04-09T09:15:34","guid":{"rendered":"https:\/\/www.fabioferro.eu\/giovanni-raspini-halskette-gliederketten.html"},"modified":"2026-04-09T11:15:34","modified_gmt":"2026-04-09T09:15:34","slug":"giovanni-raspini-halskette-gliederketten","status":"publish","type":"product","link":"https:\/\/www.fabioferro.eu\/de\/giovanni-raspini-halskette-gliederketten.html","title":{"rendered":"Giovanni Raspini Halskette Gliederketten"},"content":{"rendered":"<p data-path-to-node=\"1\">Giovanni Raspini Halskette aus 925er Sterlingsilber.<\/p>\n<p data-path-to-node=\"1\">Gekennzeichnet durch eine klassische und elegante Kettenstruktur mit einer Gesamtl\u00e4nge von 90 cm.<\/p>\n<p data-path-to-node=\"1\">Der Verschluss ist mit einem praktischen Karabinerhaken mit Logo versehen, der mit einem Gl\u00fccksbringer aus Horn verziert ist.<\/p>\n<p data-path-to-node=\"0\">Juwel handgefertigt in Italien, Made in Italy.<\/p>\n<p data-path-to-node=\"3\">Mit Box und offizieller Garantie von Giovanni Raspini.<\/p>\n","protected":false},"excerpt":{"rendered":"<p>Die ideale L\u00f6sung f\u00fcr alle, die Sch\u00f6nheit ohne \u00dcberma\u00df lieben.<\/p>\n","protected":false},"featured_media":214848,"comment_status":"open","ping_status":"closed","template":"","meta":[],"product_brand":[],"product_cat":[7568],"product_tag":[7551],"class_list":{"0":"post-215454","1":"product","2":"type-product","3":"status-publish","4":"has-post-thumbnail","6":"product_cat-giovanni-raspini-halsketten","7":"product_tag-ausschlusse","9":"first","10":"instock","11":"taxable","12":"shipping-taxable","13":"purchasable","14":"product-type-simple"},"exclude_global_add_ons":[],"addons":[],"df_price":255,"df_sale_price":"","df_regular_price":255,"df_image_link":"https:\/\/cdn02.fabioferro.eu\/wp-content\/uploads\/collana-giovanni-raspini-catene-maglia-alternata.jpg","_links":{"self":[{"href":"https:\/\/www.fabioferro.eu\/de\/wp-json\/wp\/v2\/product\/215454","targetHints":{"allow":["GET"]}}],"collection":[{"href":"https:\/\/www.fabioferro.eu\/de\/wp-json\/wp\/v2\/product"}],"about":[{"href":"https:\/\/www.fabioferro.eu\/de\/wp-json\/wp\/v2\/types\/product"}],"replies":[{"embeddable":true,"href":"https:\/\/www.fabioferro.eu\/de\/wp-json\/wp\/v2\/comments?post=215454"}],"version-history":[{"count":0,"href":"https:\/\/www.fabioferro.eu\/de\/wp-json\/wp\/v2\/product\/215454\/revisions"}],"wp:featuredmedia":[{"embeddable":true,"href":"https:\/\/www.fabioferro.eu\/de\/wp-json\/wp\/v2\/media\/214848"}],"wp:attachment":[{"href":"https:\/\/www.fabioferro.eu\/de\/wp-json\/wp\/v2\/media?parent=215454"}],"wp:term":[{"taxonomy":"product_brand","embeddable":true,"href":"https:\/\/www.fabioferro.eu\/de\/wp-json\/wp\/v2\/product_brand?post=215454"},{"taxonomy":"product_cat","embeddable":true,"href":"https:\/\/www.fabioferro.eu\/de\/wp-json\/wp\/v2\/product_cat?post=215454"},{"taxonomy":"product_tag","embeddable":true,"href":"https:\/\/www.fabioferro.eu\/de\/wp-json\/wp\/v2\/product_tag?post=215454"}],"curies":[{"name":"wp","href":"https:\/\/api.w.org\/{rel}","templated":true}]}}