{"id":215458,"date":"2026-04-09T11:15:33","date_gmt":"2026-04-09T09:15:33","guid":{"rendered":"https:\/\/www.fabioferro.eu\/giovanni-raspini-armband-gliederketten.html"},"modified":"2026-04-09T11:15:33","modified_gmt":"2026-04-09T09:15:33","slug":"giovanni-raspini-armband-gliederketten","status":"publish","type":"product","link":"https:\/\/www.fabioferro.eu\/de\/giovanni-raspini-armband-gliederketten.html","title":{"rendered":"Giovanni Raspini Armband Gliederketten"},"content":{"rendered":"<p data-path-to-node=\"1\">Das Armband von Giovanni Raspini ist komplett aus 925er Silber gefertigt.<\/p>\n<p data-path-to-node=\"1\">Dieses Modell zeichnet sich durch sein helles und klassisches Kettenglied aus.<\/p>\n<p data-path-to-node=\"1\">Das Armband hat eine L\u00e4nge von 19 cm und wird durch einen praktischen Karabinerverschluss mit Logo und Ringen zum Einstellen der Gr\u00f6\u00dfe vervollst\u00e4ndigt.<\/p>\n<p data-path-to-node=\"2\">Ein Schmuckst\u00fcck mit einem essentiellen und vielseitigen Design, handgefertigt bis ins kleinste Detail, Made in Italy.<\/p>\n<p data-path-to-node=\"2\">Mit Box und offizieller Garantie von Giovanni Raspini.<\/p>\n","protected":false},"excerpt":{"rendered":"<p>Ein zeitloser Klassiker, den Sie jeden Tag mitnehmen k\u00f6nnen.<\/p>\n","protected":false},"featured_media":214852,"comment_status":"open","ping_status":"closed","template":"","meta":[],"product_brand":[],"product_cat":[7569],"product_tag":[7551],"class_list":{"0":"post-215458","1":"product","2":"type-product","3":"status-publish","4":"has-post-thumbnail","6":"product_cat-armbander-giovanni-raspini","7":"product_tag-ausschlusse","9":"first","10":"instock","11":"taxable","12":"shipping-taxable","13":"purchasable","14":"product-type-simple"},"exclude_global_add_ons":[],"addons":[],"df_price":120,"df_sale_price":"","df_regular_price":120,"df_image_link":"https:\/\/cdn02.fabioferro.eu\/wp-content\/uploads\/bracciale-giovanni-raspini-catene-maglia-alternata.jpg","_links":{"self":[{"href":"https:\/\/www.fabioferro.eu\/de\/wp-json\/wp\/v2\/product\/215458","targetHints":{"allow":["GET"]}}],"collection":[{"href":"https:\/\/www.fabioferro.eu\/de\/wp-json\/wp\/v2\/product"}],"about":[{"href":"https:\/\/www.fabioferro.eu\/de\/wp-json\/wp\/v2\/types\/product"}],"replies":[{"embeddable":true,"href":"https:\/\/www.fabioferro.eu\/de\/wp-json\/wp\/v2\/comments?post=215458"}],"version-history":[{"count":0,"href":"https:\/\/www.fabioferro.eu\/de\/wp-json\/wp\/v2\/product\/215458\/revisions"}],"wp:featuredmedia":[{"embeddable":true,"href":"https:\/\/www.fabioferro.eu\/de\/wp-json\/wp\/v2\/media\/214852"}],"wp:attachment":[{"href":"https:\/\/www.fabioferro.eu\/de\/wp-json\/wp\/v2\/media?parent=215458"}],"wp:term":[{"taxonomy":"product_brand","embeddable":true,"href":"https:\/\/www.fabioferro.eu\/de\/wp-json\/wp\/v2\/product_brand?post=215458"},{"taxonomy":"product_cat","embeddable":true,"href":"https:\/\/www.fabioferro.eu\/de\/wp-json\/wp\/v2\/product_cat?post=215458"},{"taxonomy":"product_tag","embeddable":true,"href":"https:\/\/www.fabioferro.eu\/de\/wp-json\/wp\/v2\/product_tag?post=215458"}],"curies":[{"name":"wp","href":"https:\/\/api.w.org\/{rel}","templated":true}]}}