{"id":215461,"date":"2026-04-09T11:15:36","date_gmt":"2026-04-09T09:15:36","guid":{"rendered":"https:\/\/www.fabioferro.eu\/giovanni-raspini-cuori-armband.html"},"modified":"2026-04-09T11:15:36","modified_gmt":"2026-04-09T09:15:36","slug":"giovanni-raspini-cuori-armband","status":"publish","type":"product","link":"https:\/\/www.fabioferro.eu\/de\/giovanni-raspini-cuori-armband.html","title":{"rendered":"Giovanni Raspini Cuori Armband"},"content":{"rendered":"<p data-path-to-node=\"1\">Das Armband von Giovanni Raspini ist komplett aus 925er Silber gefertigt.<\/p>\n<p data-path-to-node=\"1\">Dieses Modell zeichnet sich durch eine Reihe von Herzen aus, die entlang der Kette verteilt sind und alle mit der charakteristischen Perlagearbeit verziert sind.<\/p>\n<p data-path-to-node=\"1\">Das Schmuckst\u00fcck hat eine L\u00e4nge von 19 cm und ist mit einem Gl\u00fcckshorn verziert.<\/p>\n<p data-path-to-node=\"1\">Sie wird mit einem praktischen Karabinerhaken mit Logo und Endringen zum Anpassen an das Handgelenk geschlossen.<\/p>\n<p data-path-to-node=\"2\">Armband handgefertigt in Italien.<\/p>\n<p data-path-to-node=\"3\">Mit Box und offizieller Garantie von Giovanni Raspini.<\/p>\n","protected":false},"excerpt":{"rendered":"<p>Eine Abfolge von Herzen wickelt sich harmonisch um das Handgelenk.<\/p>\n","protected":false},"featured_media":214838,"comment_status":"open","ping_status":"closed","template":"","meta":[],"product_brand":[],"product_cat":[7569],"product_tag":[7551],"class_list":{"0":"post-215461","1":"product","2":"type-product","3":"status-publish","4":"has-post-thumbnail","6":"product_cat-armbander-giovanni-raspini","7":"product_tag-ausschlusse","9":"first","10":"instock","11":"taxable","12":"shipping-taxable","13":"purchasable","14":"product-type-simple"},"exclude_global_add_ons":[],"addons":[],"df_price":320,"df_sale_price":"","df_regular_price":320,"df_image_link":"https:\/\/cdn02.fabioferro.eu\/wp-content\/uploads\/bracciale-giovanni-raspini-cuori.jpg","_links":{"self":[{"href":"https:\/\/www.fabioferro.eu\/de\/wp-json\/wp\/v2\/product\/215461","targetHints":{"allow":["GET"]}}],"collection":[{"href":"https:\/\/www.fabioferro.eu\/de\/wp-json\/wp\/v2\/product"}],"about":[{"href":"https:\/\/www.fabioferro.eu\/de\/wp-json\/wp\/v2\/types\/product"}],"replies":[{"embeddable":true,"href":"https:\/\/www.fabioferro.eu\/de\/wp-json\/wp\/v2\/comments?post=215461"}],"version-history":[{"count":0,"href":"https:\/\/www.fabioferro.eu\/de\/wp-json\/wp\/v2\/product\/215461\/revisions"}],"wp:featuredmedia":[{"embeddable":true,"href":"https:\/\/www.fabioferro.eu\/de\/wp-json\/wp\/v2\/media\/214838"}],"wp:attachment":[{"href":"https:\/\/www.fabioferro.eu\/de\/wp-json\/wp\/v2\/media?parent=215461"}],"wp:term":[{"taxonomy":"product_brand","embeddable":true,"href":"https:\/\/www.fabioferro.eu\/de\/wp-json\/wp\/v2\/product_brand?post=215461"},{"taxonomy":"product_cat","embeddable":true,"href":"https:\/\/www.fabioferro.eu\/de\/wp-json\/wp\/v2\/product_cat?post=215461"},{"taxonomy":"product_tag","embeddable":true,"href":"https:\/\/www.fabioferro.eu\/de\/wp-json\/wp\/v2\/product_tag?post=215461"}],"curies":[{"name":"wp","href":"https:\/\/api.w.org\/{rel}","templated":true}]}}