{"id":216615,"date":"2026-04-16T16:26:07","date_gmt":"2026-04-16T14:26:07","guid":{"rendered":"https:\/\/www.fabioferro.eu\/ti-sento-milano-kreuz-halskette-mit-zirkonen-2.html"},"modified":"2026-04-21T10:46:34","modified_gmt":"2026-04-21T08:46:34","slug":"ti-sento-milano-kreuz-halskette-mit-zirkonen-2","status":"publish","type":"product","link":"https:\/\/www.fabioferro.eu\/de\/ti-sento-milano-kreuz-halskette-mit-zirkonen-2.html","title":{"rendered":"Ti Sento Milano Kreuz Halskette mit Zirkonen"},"content":{"rendered":"<div id=\"model-response-message-contentr_0eeaee29fc2b3f0a\" class=\"markdown markdown-main-panel stronger enable-updated-hr-color\" dir=\"ltr\" aria-live=\"polite\">\n<p data-path-to-node=\"0\">Ti Sento Milano Halskette komplett aus 925er Sterlingsilber gefertigt.<\/p>\n<p data-path-to-node=\"0\">Kreuzf\u00f6rmiger Anh\u00e4nger, der vollst\u00e4ndig mit einem Pav\u00e9 aus wei\u00dfen Zirkonia im Brillantschliff verziert ist.<\/p>\n<p data-path-to-node=\"0\">Von Hand gefasste Steine mit \u00e4u\u00dferster Pr\u00e4zision f\u00fcr eine kontinuierliche und intensive Lichtreflexion.<\/p>\n<p data-path-to-node=\"0\">Feine Silberkette mit verstellbarem Verschluss f\u00fcr eine L\u00e4nge von 38 bis 48 cm.<\/p>\n<p data-path-to-node=\"0\">L\u00e4nge des Anh\u00e4ngers 21 mm und Breite 11,5 mm.<\/p>\n<p data-path-to-node=\"0\">Symbolisches Design der Kollektion, das spirituelle Bedeutung und raffinierte zeitgen\u00f6ssische \u00c4sthetik vereint.<\/p>\n<p data-path-to-node=\"0\">Mit der offiziellen Ti Sento Milano Verpackung und Garantie.<\/p>\n<\/div>\n","protected":false},"excerpt":{"rendered":"<p>Ein klassisches Symbol, neu interpretiert mit einem modernen, intensiven Licht.<\/p>\n","protected":false},"featured_media":216227,"comment_status":"open","ping_status":"closed","template":"","meta":[],"product_brand":[],"product_cat":[6090],"product_tag":[7442],"class_list":{"0":"post-216615","1":"product","2":"type-product","3":"status-publish","4":"has-post-thumbnail","6":"product_cat-ti-sento-milano-halsketten","7":"product_tag-verfugbar","9":"first","10":"instock","11":"taxable","12":"shipping-taxable","13":"purchasable","14":"product-type-simple"},"exclude_global_add_ons":[],"addons":[],"df_price":119,"df_sale_price":"","df_regular_price":119,"df_image_link":"https:\/\/cdn02.fabioferro.eu\/wp-content\/uploads\/collana-ti-sento-milano-croce-con-zirconi.jpg","_links":{"self":[{"href":"https:\/\/www.fabioferro.eu\/de\/wp-json\/wp\/v2\/product\/216615","targetHints":{"allow":["GET"]}}],"collection":[{"href":"https:\/\/www.fabioferro.eu\/de\/wp-json\/wp\/v2\/product"}],"about":[{"href":"https:\/\/www.fabioferro.eu\/de\/wp-json\/wp\/v2\/types\/product"}],"replies":[{"embeddable":true,"href":"https:\/\/www.fabioferro.eu\/de\/wp-json\/wp\/v2\/comments?post=216615"}],"version-history":[{"count":1,"href":"https:\/\/www.fabioferro.eu\/de\/wp-json\/wp\/v2\/product\/216615\/revisions"}],"predecessor-version":[{"id":216620,"href":"https:\/\/www.fabioferro.eu\/de\/wp-json\/wp\/v2\/product\/216615\/revisions\/216620"}],"wp:featuredmedia":[{"embeddable":true,"href":"https:\/\/www.fabioferro.eu\/de\/wp-json\/wp\/v2\/media\/216227"}],"wp:attachment":[{"href":"https:\/\/www.fabioferro.eu\/de\/wp-json\/wp\/v2\/media?parent=216615"}],"wp:term":[{"taxonomy":"product_brand","embeddable":true,"href":"https:\/\/www.fabioferro.eu\/de\/wp-json\/wp\/v2\/product_brand?post=216615"},{"taxonomy":"product_cat","embeddable":true,"href":"https:\/\/www.fabioferro.eu\/de\/wp-json\/wp\/v2\/product_cat?post=216615"},{"taxonomy":"product_tag","embeddable":true,"href":"https:\/\/www.fabioferro.eu\/de\/wp-json\/wp\/v2\/product_tag?post=216615"}],"curies":[{"name":"wp","href":"https:\/\/api.w.org\/{rel}","templated":true}]}}